{"id":4812,"date":"2024-06-09T16:07:57","date_gmt":"2024-06-09T13:07:57","guid":{"rendered":"https:\/\/agrozone.ee\/?post_type=product&#038;p=4812"},"modified":"2026-01-16T12:19:39","modified_gmt":"2026-01-16T10:19:39","slug":"kasvuhoonekile-6x100m","status":"publish","type":"product","link":"https:\/\/agrozone.ee\/fi\/tuote\/kasvuhoonekile-6x100m\/","title":{"rendered":"Kasvuhoonekile 6x100m"},"content":{"rendered":"<p><strong>Kasvuhoonekile 6m<\/strong><\/p>\n<ul>\n<li>0,12mm paksus,<\/li>\n<li>100m rullis;<\/li>\n<li>600 m\u00b2<\/li>\n<li>volditud rull\u00a0 1,5 m<\/li>\n<\/ul>\n<p>Kile on ultraviolettkiirgusekindel ja v\u00e4ga hea l\u00e4bilaskvuse v\u00f5imega.<\/p>\n","protected":false},"excerpt":{"rendered":"<p><strong>Kasvuhoonekile 6m<\/strong><\/p>\n<ul>\n<li>0,12mm paksus,<\/li>\n<li>100m rullis;<\/li>\n<li>600 m\u00b2<\/li>\n<li>volditud rull\u00a0 1,5 m<\/li>\n<\/ul>\n<p>Kile on ultraviolettkiirgusekindel ja v\u00e4ga hea l\u00e4bilaskvuse v\u00f5imega.<\/p>\n","protected":false},"featured_media":4869,"template":"","meta":{"_acf_changed":false,"_seopress_robots_primary_cat":"none","_seopress_titles_title":"","_seopress_titles_desc":"Kasvuhoonekile 6m. 0,12mm paksus. 100m rullis; 600 m\u00b2 volditud rull 1,5 m. Kile on ultraviolettkiirgusekindel ja v\u00e4ga hea l\u00e4bilaskvuse v\u00f5imega.","_seopress_robots_index":"","_gspb_post_css":""},"product_brand":[],"product_cat":[233,15,174],"product_tag":[],"class_list":{"0":"post-4812","1":"product","2":"type-product","3":"status-publish","4":"has-post-thumbnail","6":"product_cat-kasvuhoonekiled","7":"product_cat-koik-kategooriad","8":"product_cat-taime-ja-pinnasekatted","9":"product_shipping_class-ei-mahu-automaati","11":"first","12":"instock","13":"taxable","14":"shipping-taxable","15":"purchasable","16":"product-type-simple"},"ct_brands":[],"acf":[],"_links":{"self":[{"href":"https:\/\/agrozone.ee\/fi\/wp-json\/wp\/v2\/product\/4812","targetHints":{"allow":["GET"]}}],"collection":[{"href":"https:\/\/agrozone.ee\/fi\/wp-json\/wp\/v2\/product"}],"about":[{"href":"https:\/\/agrozone.ee\/fi\/wp-json\/wp\/v2\/types\/product"}],"wp:featuredmedia":[{"embeddable":true,"href":"https:\/\/agrozone.ee\/fi\/wp-json\/wp\/v2\/media\/4869"}],"wp:attachment":[{"href":"https:\/\/agrozone.ee\/fi\/wp-json\/wp\/v2\/media?parent=4812"}],"wp:term":[{"taxonomy":"product_brand","embeddable":true,"href":"https:\/\/agrozone.ee\/fi\/wp-json\/wp\/v2\/product_brand?post=4812"},{"taxonomy":"product_cat","embeddable":true,"href":"https:\/\/agrozone.ee\/fi\/wp-json\/wp\/v2\/product_cat?post=4812"},{"taxonomy":"product_tag","embeddable":true,"href":"https:\/\/agrozone.ee\/fi\/wp-json\/wp\/v2\/product_tag?post=4812"}],"curies":[{"name":"wp","href":"https:\/\/api.w.org\/{rel}","templated":true}]}}