{"id":4813,"date":"2024-06-09T16:07:57","date_gmt":"2024-06-09T13:07:57","guid":{"rendered":"https:\/\/agrozone.ee\/?post_type=product&#038;p=4813"},"modified":"2025-08-05T11:25:30","modified_gmt":"2025-08-05T09:25:30","slug":"kasvuhoonekile-2-4x5m","status":"publish","type":"product","link":"https:\/\/agrozone.ee\/fi\/tuote\/kasvuhoonekile-2-4x5m\/","title":{"rendered":"Kasvuhoonekile 2.4x5m"},"content":{"rendered":"<p>Kasvuhoonekile v\u00e4ikepakk 2,4\u00d75 m, 18 m\u00b2.<\/p>\n<p>Kile on ultraviolettkiirgusekindel ja v\u00e4ga hea l\u00e4bilaskvuse v\u00f5imega.<\/p>\n","protected":false},"excerpt":{"rendered":"<p>Kasvuhoonekile v\u00e4ikepakk 2,4\u00d75 m, 18 m\u00b2.<\/p>\n<p>Kile on ultraviolettkiirgusekindel ja v\u00e4ga hea l\u00e4bilaskvuse v\u00f5imega.<\/p>\n","protected":false},"featured_media":49267,"template":"","meta":{"_acf_changed":false,"_seopress_robots_primary_cat":"none","_seopress_titles_title":"","_seopress_titles_desc":"Kasvuhoonekile 2.4\u00d75m, 18 m\u00b2. Kile on ultraviolettkiirgusekindel ja v\u00e4ga hea l\u00e4bilaskvuse v\u00f5imega.","_seopress_robots_index":"","_gspb_post_css":""},"product_brand":[],"product_cat":[233,15,174],"product_tag":[],"class_list":{"0":"post-4813","1":"product","2":"type-product","3":"status-publish","4":"has-post-thumbnail","6":"product_cat-kasvuhoonekiled","7":"product_cat-koik-kategooriad","8":"product_cat-taime-ja-pinnasekatted","10":"first","11":"instock","12":"taxable","13":"shipping-taxable","14":"purchasable","15":"product-type-simple"},"ct_brands":[],"acf":[],"_links":{"self":[{"href":"https:\/\/agrozone.ee\/fi\/wp-json\/wp\/v2\/product\/4813","targetHints":{"allow":["GET"]}}],"collection":[{"href":"https:\/\/agrozone.ee\/fi\/wp-json\/wp\/v2\/product"}],"about":[{"href":"https:\/\/agrozone.ee\/fi\/wp-json\/wp\/v2\/types\/product"}],"wp:featuredmedia":[{"embeddable":true,"href":"https:\/\/agrozone.ee\/fi\/wp-json\/wp\/v2\/media\/49267"}],"wp:attachment":[{"href":"https:\/\/agrozone.ee\/fi\/wp-json\/wp\/v2\/media?parent=4813"}],"wp:term":[{"taxonomy":"product_brand","embeddable":true,"href":"https:\/\/agrozone.ee\/fi\/wp-json\/wp\/v2\/product_brand?post=4813"},{"taxonomy":"product_cat","embeddable":true,"href":"https:\/\/agrozone.ee\/fi\/wp-json\/wp\/v2\/product_cat?post=4813"},{"taxonomy":"product_tag","embeddable":true,"href":"https:\/\/agrozone.ee\/fi\/wp-json\/wp\/v2\/product_tag?post=4813"}],"curies":[{"name":"wp","href":"https:\/\/api.w.org\/{rel}","templated":true}]}}