{"id":4817,"date":"2024-06-09T16:07:58","date_gmt":"2024-06-09T13:07:58","guid":{"rendered":"https:\/\/agrozone.ee\/?post_type=product&#038;p=4817"},"modified":"2026-01-16T12:19:31","modified_gmt":"2026-01-16T10:19:31","slug":"katteloor-2-1x100m","status":"publish","type":"product","link":"https:\/\/agrozone.ee\/fi\/tuote\/katteloor-2-1x100m\/","title":{"rendered":"Katteloor 2.1x100m 23 g\/m\u00b2"},"content":{"rendered":"<p>Katteloor 2,1 x 100 m, 23 g\/m\u00b2<\/p>\n<ul>\n<li>Katteloori kasutatakse saagialguse kiirendamiseks, \u00f6\u00f6k\u00fclma kaitseks ja kaitseks kahjurite eest.<\/li>\n<li>Katteloor kaitseb \u00f6\u00f6k\u00fclmade eest, t\u00f5stab mulla ja \u00f5hu temperatuuri, v\u00e4hendab tuulekahjustusi, kaitseb lindude ja ulukite eest.<\/li>\n<li>Katteloor on v\u00e4ga hea valguse l\u00e4bilaskvusega, lastes 90% valgust taimedeni.<\/li>\n<li>Katteloor on kaalult v\u00e4ga kerge ja kaitseb \u00f5rnalt, noori v\u00f5rseid ja juurdekasvu muljumata.<\/li>\n<li>Ultraviolettkiirguse suhtes stabiilne materjali struktuur annab pikaajalise kaitse.<\/li>\n<li>Loor on niiskust l\u00e4bilaskev ja hingav.<\/li>\n<li>Loori on kerge k\u00e4sitsi paigaldada.<\/li>\n<\/ul>\n<h3>Kasutusjuhend<\/h3>\n<ul>\n<li>Katteloor laotatakse otse kasvava taimestiku peale ja ta ei vaja mingeid kandekonstruktsioone.<\/li>\n<li>\u00c4\u00e4rtest kinnitatakse peamiselt mullaga, aga ka liivakottide, vett t\u00e4is voolikute, armatuurraualattide vms.<\/li>\n<li>Katteloor tuleb paigaldada l\u00f5dvalt, j\u00e4ttes piisavalt ruumi taimede kasvuks.<\/li>\n<li>Arvestada tuleb ka \u00e4\u00e4rte kinnitamiseks vajalikku riba.<\/li>\n<li>Katteloor tuleb maasikatelt ja kurkidelt \u00f5itsemise ajaks eemaldada.<\/li>\n<\/ul>\n","protected":false},"excerpt":{"rendered":"<ul>\n<li>Katteloori kasutatakse saagialguse kiirendamiseks, \u00f6\u00f6k\u00fclma kaitseks ja kaitseks kahjurite eest.<\/li>\n<li>Katteloor kaitseb \u00f6\u00f6k\u00fclmade eest, t\u00f5stab mulla ja \u00f5hu temperatuuri, v\u00e4hendab tuulekahjustusi, kaitseb lindude ja ulukite eest.<\/li>\n<li>Katteloor on v\u00e4ga hea valguse l\u00e4bilaskvusega, lastes 90% valgust taimedeni.<\/li>\n<li>Katteloor on kaalult v\u00e4ga kerge ja kaitseb \u00f5rnalt, noori v\u00f5rseid ja juurdekasvu muljumata.<\/li>\n<li>Ultraviolettkiirguse suhtes stabiilne materjali struktuur annab pikaajalise kaitse.<\/li>\n<li>Loor on niiskust l\u00e4bilaskev ja hingav.<\/li>\n<li>Loori on kerge k\u00e4sitsi paigaldada.<\/li>\n<\/ul>\n","protected":false},"featured_media":4888,"template":"","meta":{"_acf_changed":false,"_seopress_robots_primary_cat":"none","_seopress_titles_title":"","_seopress_titles_desc":"Katteloori kasutatakse saagialguse kiirendamiseks, \u00f6\u00f6k\u00fclma kaitseks ja kaitseks kahjurite eest. Loor on niiskust l\u00e4bilaskev ja hingav.","_seopress_robots_index":"","_gspb_post_css":""},"product_brand":[],"product_cat":[180,15,174],"product_tag":[],"class_list":{"0":"post-4817","1":"product","2":"type-product","3":"status-publish","4":"has-post-thumbnail","6":"product_cat-katteloor","7":"product_cat-koik-kategooriad","8":"product_cat-taime-ja-pinnasekatted","9":"product_shipping_class-ei-mahu-automaati","11":"first","12":"instock","13":"taxable","14":"shipping-taxable","15":"purchasable","16":"product-type-simple"},"ct_brands":[],"acf":[],"_links":{"self":[{"href":"https:\/\/agrozone.ee\/fi\/wp-json\/wp\/v2\/product\/4817","targetHints":{"allow":["GET"]}}],"collection":[{"href":"https:\/\/agrozone.ee\/fi\/wp-json\/wp\/v2\/product"}],"about":[{"href":"https:\/\/agrozone.ee\/fi\/wp-json\/wp\/v2\/types\/product"}],"wp:featuredmedia":[{"embeddable":true,"href":"https:\/\/agrozone.ee\/fi\/wp-json\/wp\/v2\/media\/4888"}],"wp:attachment":[{"href":"https:\/\/agrozone.ee\/fi\/wp-json\/wp\/v2\/media?parent=4817"}],"wp:term":[{"taxonomy":"product_brand","embeddable":true,"href":"https:\/\/agrozone.ee\/fi\/wp-json\/wp\/v2\/product_brand?post=4817"},{"taxonomy":"product_cat","embeddable":true,"href":"https:\/\/agrozone.ee\/fi\/wp-json\/wp\/v2\/product_cat?post=4817"},{"taxonomy":"product_tag","embeddable":true,"href":"https:\/\/agrozone.ee\/fi\/wp-json\/wp\/v2\/product_tag?post=4817"}],"curies":[{"name":"wp","href":"https:\/\/api.w.org\/{rel}","templated":true}]}}