{"id":4818,"date":"2024-06-09T16:07:58","date_gmt":"2024-06-09T13:07:58","guid":{"rendered":"https:\/\/agrozone.ee\/?post_type=product&#038;p=4818"},"modified":"2025-08-05T11:50:40","modified_gmt":"2025-08-05T09:50:40","slug":"tomat-pille","status":"publish","type":"product","link":"https:\/\/agrozone.ee\/fi\/tuote\/tomat-pille\/","title":{"rendered":"Tomat Pille"},"content":{"rendered":"<p><strong>Tomat Pille 20s<\/strong><\/p>\n<ul>\n<li>K\u00f5rgekasvuline, suureviljaline, v\u00e4ga hea maitsega ja haiguskindel tomatisort.<\/li>\n<li>Viljad on oran\u017ei v\u00e4rvi ja lapik\u00fcmara kujuga.<\/li>\n<li>Vilja kaal 125\u2013130 g.<\/li>\n<li>Keskvarane sort.<\/li>\n<li>Pakendis \u2013 20 seemet<\/li>\n<\/ul>\n<h3>Kasutusjuhend<\/h3>\n<p><strong>K\u00dcLV JA KASVATAMINE. <\/strong><\/p>\n<ul>\n<li>Kasvuhoones kasvatamiseks.<\/li>\n<li>Ettek\u00fclv veebruaris-aprillis.<\/li>\n<li>Ettekasvatusaeg 7-8 n\u00e4dalat.<\/li>\n<li>Taimede vahe 50-100 cm, reavahe 40\u00d775 cm.<\/li>\n<\/ul>\n","protected":false},"excerpt":{"rendered":"<ul>\n<li>K\u00f5rgekasvuline, suureviljaline, v\u00e4ga hea maitsega ja haiguskindel tomatisort.<\/li>\n<li>Viljad on oran\u017ei v\u00e4rvi ja lapik\u00fcmara kujuga.<\/li>\n<li>Vilja kaal 125\u2013130 g.<\/li>\n<li>Keskvarane sort.<\/li>\n<\/ul>\n","protected":false},"featured_media":42184,"template":"","meta":{"_acf_changed":false,"_seopress_robots_primary_cat":"none","_seopress_titles_title":"","_seopress_titles_desc":"Tomat Pille - K\u00f5rgekasvuline, suureviljaline, v\u00e4ga hea maitsega ja haiguskindel tomatisort. Viljad on oran\u017ei v\u00e4rvi ja lapik\u00fcmara kujuga.","_seopress_robots_index":"","_gspb_post_css":""},"product_brand":[],"product_cat":[15,88,87,344],"product_tag":[],"class_list":{"0":"post-4818","1":"product","2":"type-product","3":"status-publish","4":"has-post-thumbnail","6":"product_cat-koik-kategooriad","7":"product_cat-koogiviljaseemned","8":"product_cat-seemned","9":"product_cat-tomat","11":"first","12":"instock","13":"taxable","14":"shipping-taxable","15":"purchasable","16":"product-type-simple"},"ct_brands":[],"acf":[],"_links":{"self":[{"href":"https:\/\/agrozone.ee\/fi\/wp-json\/wp\/v2\/product\/4818","targetHints":{"allow":["GET"]}}],"collection":[{"href":"https:\/\/agrozone.ee\/fi\/wp-json\/wp\/v2\/product"}],"about":[{"href":"https:\/\/agrozone.ee\/fi\/wp-json\/wp\/v2\/types\/product"}],"wp:featuredmedia":[{"embeddable":true,"href":"https:\/\/agrozone.ee\/fi\/wp-json\/wp\/v2\/media\/42184"}],"wp:attachment":[{"href":"https:\/\/agrozone.ee\/fi\/wp-json\/wp\/v2\/media?parent=4818"}],"wp:term":[{"taxonomy":"product_brand","embeddable":true,"href":"https:\/\/agrozone.ee\/fi\/wp-json\/wp\/v2\/product_brand?post=4818"},{"taxonomy":"product_cat","embeddable":true,"href":"https:\/\/agrozone.ee\/fi\/wp-json\/wp\/v2\/product_cat?post=4818"},{"taxonomy":"product_tag","embeddable":true,"href":"https:\/\/agrozone.ee\/fi\/wp-json\/wp\/v2\/product_tag?post=4818"}],"curies":[{"name":"wp","href":"https:\/\/api.w.org\/{rel}","templated":true}]}}