{"id":4834,"date":"2024-06-09T16:08:20","date_gmt":"2024-06-09T13:08:20","guid":{"rendered":"https:\/\/agrozone.ee\/?post_type=product&#038;p=4834"},"modified":"2025-08-05T11:58:06","modified_gmt":"2025-08-05T09:58:06","slug":"melon-bari","status":"publish","type":"product","link":"https:\/\/agrozone.ee\/fi\/tuote\/melon-bari\/","title":{"rendered":"Melon Bari"},"content":{"rendered":"<p><strong>Melon Bari F1<\/strong><\/p>\n<ul>\n<li>V\u00e4ga maitsev keskvarajase valmimisega melonisort.<\/li>\n<li>Sobib kasvuhoones kasvatamiseks.<\/li>\n<li>\u00dcmarad viljad kaaluvad u 1,2 kg, viljaliha on ereoran\u017ei v\u00e4rvi ja v\u00e4ga maitsev.<\/li>\n<li>Idanemistemperatuur 20-25\u00b0 C.<\/li>\n<li>Pakendis \u2013 5 seemet<\/li>\n<\/ul>\n<h3>Kasutusjuhend<\/h3>\n<p><strong>K\u00dcLV JA KASVATAMINE. <\/strong><\/p>\n<ul>\n<li>K\u00fclvatakse ette aprillis-mais.<\/li>\n<li>Idanemistemperatuur 20-25\u00b0 C.<\/li>\n<li>Kasvuhoonesse istutatakse mais-juunis peale \u00f6\u00f6k\u00fclmaohu m\u00f6\u00f6dumist.<\/li>\n<\/ul>\n","protected":false},"excerpt":{"rendered":"<ul>\n<li>V\u00e4ga maitsev keskvarajase valmimisega melonisort.<\/li>\n<li>Sobib kasvuhoones kasvatamiseks.<\/li>\n<li>\u00dcmarad viljad kaaluvad u 1,2 kg, viljaliha on ereoran\u017ei v\u00e4rvi ja v\u00e4ga maitsev.<\/li>\n<li>Idanemistemperatuur 20-25\u00b0 C.<\/li>\n<\/ul>\n","protected":false},"featured_media":42181,"template":"","meta":{"_acf_changed":false,"_seopress_robots_primary_cat":"none","_seopress_titles_title":"","_seopress_titles_desc":"Melon Bari - V\u00e4ga maitsev keskvarajase valmimisega melonisort. \u00dcmarad viljad kaaluvad u 1,2 kg, viljaliha on ereoran\u017ei v\u00e4rvi ja v\u00e4ga maitsev.","_seopress_robots_index":"","_gspb_post_css":""},"product_brand":[],"product_cat":[15,88,1240,87],"product_tag":[],"class_list":{"0":"post-4834","1":"product","2":"type-product","3":"status-publish","4":"has-post-thumbnail","6":"product_cat-koik-kategooriad","7":"product_cat-koogiviljaseemned","8":"product_cat-melon","9":"product_cat-seemned","11":"first","12":"instock","13":"taxable","14":"shipping-taxable","15":"purchasable","16":"product-type-simple"},"ct_brands":[],"acf":[],"_links":{"self":[{"href":"https:\/\/agrozone.ee\/fi\/wp-json\/wp\/v2\/product\/4834","targetHints":{"allow":["GET"]}}],"collection":[{"href":"https:\/\/agrozone.ee\/fi\/wp-json\/wp\/v2\/product"}],"about":[{"href":"https:\/\/agrozone.ee\/fi\/wp-json\/wp\/v2\/types\/product"}],"wp:featuredmedia":[{"embeddable":true,"href":"https:\/\/agrozone.ee\/fi\/wp-json\/wp\/v2\/media\/42181"}],"wp:attachment":[{"href":"https:\/\/agrozone.ee\/fi\/wp-json\/wp\/v2\/media?parent=4834"}],"wp:term":[{"taxonomy":"product_brand","embeddable":true,"href":"https:\/\/agrozone.ee\/fi\/wp-json\/wp\/v2\/product_brand?post=4834"},{"taxonomy":"product_cat","embeddable":true,"href":"https:\/\/agrozone.ee\/fi\/wp-json\/wp\/v2\/product_cat?post=4834"},{"taxonomy":"product_tag","embeddable":true,"href":"https:\/\/agrozone.ee\/fi\/wp-json\/wp\/v2\/product_tag?post=4834"}],"curies":[{"name":"wp","href":"https:\/\/api.w.org\/{rel}","templated":true}]}}