{"id":4835,"date":"2024-06-09T16:08:21","date_gmt":"2024-06-09T13:08:21","guid":{"rendered":"https:\/\/agrozone.ee\/?post_type=product&#038;p=4835"},"modified":"2025-08-05T11:58:34","modified_gmt":"2025-08-05T09:58:34","slug":"muskaatkorvits-mieluna-keegelkorvits","status":"publish","type":"product","link":"https:\/\/agrozone.ee\/fi\/tuote\/muskaatkorvits-mieluna-keegelkorvits\/","title":{"rendered":"Muskaatk\u00f5rvits Mieluna keegelk\u00f5rvits"},"content":{"rendered":"<p>Muskaatk\u00f5rvits Mieluna F1 keegelk\u00f5rvits<\/p>\n<ul>\n<li>V\u00e4ga maitsev saagikas varane keegelk\u00f5rvitsa sort.<\/li>\n<li>Siledakooreline, viljaliha oran\u017eikaskollane, tihe, magus.<\/li>\n<li>Vilja kaal 1-1,3 kg.<\/li>\n<li>Sobib v\u00e4ga erinevate toitude valmistamiseks.<\/li>\n<li>Vajab p\u00e4ikesepaistelist, sooja ja tuulte eest kaitstud kasvukohta.<\/li>\n<li>V\u00e4ga k\u00fclma\u00f5rn.<\/li>\n<li>Pakendis \u2013 4 seemet<\/li>\n<\/ul>\n<h3>Kasutusjuhend<\/h3>\n<p><strong>K\u00dcLV JA KASVATAMINE. <\/strong><\/p>\n<ul>\n<li>Seemned k\u00fclvatakse ette maikuus 2\u20133 cm s\u00fcgavusele 10\u201312 cm l\u00e4bim\u00f5\u00f5duga pottidesse.<\/li>\n<li>\u00d5ue saab taimed istutada juunis peale \u00f6\u00f6k\u00fclmaohu m\u00f6\u00f6dumist.<\/li>\n<li>Valige k\u00f5rvitsale soe ja tuulte eest varjatud kasvukoht.<\/li>\n<li>Mulda lisada k\u00f5dus\u00f5nnikut v\u00f5i komposti.<\/li>\n<\/ul>\n","protected":false},"excerpt":{"rendered":"<ul>\n<li>V\u00e4ga maitsev saagikas varane keegelk\u00f5rvitsa sort.<\/li>\n<li>Siledakooreline, viljaliha oran\u017eikaskollane, tihe, magus.<\/li>\n<li>Vilja kaal 1-1,3 kg.<\/li>\n<li>Sobib v\u00e4ga erinevate toitude valmistamiseks.<\/li>\n<li>Vajab p\u00e4ikesepaistelist, sooja ja tuulte eest kaitstud kasvukohta.<\/li>\n<li>V\u00e4ga k\u00fclma\u00f5rn.<\/li>\n<\/ul>\n","protected":false},"featured_media":42175,"template":"","meta":{"_acf_changed":false,"_seopress_robots_primary_cat":"none","_seopress_titles_title":"","_seopress_titles_desc":"Muskaatk\u00f5rvits Mieluna - V\u00e4ga maitsev saagikas varane keegelk\u00f5rvitsa sort. Siledakooreline, viljaliha oran\u017eikaskollane, tihe, magus. Vilja kaal 1-1,3 kg.","_seopress_robots_index":"","_gspb_post_css":""},"product_brand":[],"product_cat":[15,88,351,87],"product_tag":[],"class_list":{"0":"post-4835","1":"product","2":"type-product","3":"status-publish","4":"has-post-thumbnail","6":"product_cat-koik-kategooriad","7":"product_cat-koogiviljaseemned","8":"product_cat-korvits-suvikorvits","9":"product_cat-seemned","11":"first","12":"instock","13":"taxable","14":"shipping-taxable","15":"purchasable","16":"product-type-simple"},"ct_brands":[],"acf":[],"_links":{"self":[{"href":"https:\/\/agrozone.ee\/fi\/wp-json\/wp\/v2\/product\/4835","targetHints":{"allow":["GET"]}}],"collection":[{"href":"https:\/\/agrozone.ee\/fi\/wp-json\/wp\/v2\/product"}],"about":[{"href":"https:\/\/agrozone.ee\/fi\/wp-json\/wp\/v2\/types\/product"}],"wp:featuredmedia":[{"embeddable":true,"href":"https:\/\/agrozone.ee\/fi\/wp-json\/wp\/v2\/media\/42175"}],"wp:attachment":[{"href":"https:\/\/agrozone.ee\/fi\/wp-json\/wp\/v2\/media?parent=4835"}],"wp:term":[{"taxonomy":"product_brand","embeddable":true,"href":"https:\/\/agrozone.ee\/fi\/wp-json\/wp\/v2\/product_brand?post=4835"},{"taxonomy":"product_cat","embeddable":true,"href":"https:\/\/agrozone.ee\/fi\/wp-json\/wp\/v2\/product_cat?post=4835"},{"taxonomy":"product_tag","embeddable":true,"href":"https:\/\/agrozone.ee\/fi\/wp-json\/wp\/v2\/product_tag?post=4835"}],"curies":[{"name":"wp","href":"https:\/\/api.w.org\/{rel}","templated":true}]}}