{"id":4836,"date":"2024-06-09T16:08:21","date_gmt":"2024-06-09T13:08:21","guid":{"rendered":"https:\/\/agrozone.ee\/?post_type=product&#038;p=4836"},"modified":"2025-08-26T11:13:20","modified_gmt":"2025-08-26T09:13:20","slug":"koriander-santo","status":"publish","type":"product","link":"https:\/\/agrozone.ee\/fi\/tuote\/koriander-santo\/","title":{"rendered":"Koriander Santo"},"content":{"rendered":"<p><strong>Koriander Santo<\/strong><\/p>\n<ul>\n<li>\u00dcheaastane maitsetaim.<\/li>\n<li>\u00dcks parimaid ja saagirikkaimaid koriandrisorte.<\/li>\n<li>Suur lehemass, suurep\u00e4rane maitse!<\/li>\n<\/ul>\n<h3>Kasutusjuhend<\/h3>\n<p><strong>K\u00dcLV JA KASVATAMINE. <\/strong><\/p>\n<ul>\n<li>Avamaale k\u00fclvata kohe, kui maapind on soojenenud (aprilli l\u00f5pp v\u00f5i mai algus).<\/li>\n<li>K\u00fclvis\u00fcgavus 2\u20133 cm.<\/li>\n<li>Seemned hakkavad idanema k\u00fcmne kraadi juures.<\/li>\n<li>T\u00f5usmed t\u00e4rkavad kahe-kolme n\u00e4dalaga.<\/li>\n<li>Rohelise lehemassi saamiseks teha kordusk\u00fclve 2\u20133 korda: mai, juuni ja juuli algul.<\/li>\n<li>Kuni \u00f5itsemiseni vajab kuival suvel regulaarset kastmist.<\/li>\n<\/ul>\n","protected":false},"excerpt":{"rendered":"<ul>\n<li>Koriander Santo\n<ul>\n<li>\u00dcheaastane maitsetaim.<\/li>\n<li>\u00dcks parimaid ja saagirikkaimaid koriandrisorte.<\/li>\n<li>Suur lehemass, suurep\u00e4rane maitse!<\/li>\n<\/ul>\n<\/li>\n<\/ul>\n","protected":false},"featured_media":40734,"template":"","meta":{"_acf_changed":false,"_seopress_robots_primary_cat":"none","_seopress_titles_title":"","_seopress_titles_desc":"Koriander Santo - \u00fcks parimaid ja saagirikkaimaid koriandrisorte. Suur lehemass, suurep\u00e4rane maitse!\u00a0Kordusk\u00fclve: mai, juuni ja juuli alguses.","_seopress_robots_index":"","_gspb_post_css":""},"product_brand":[],"product_cat":[15,88,336,87],"product_tag":[],"class_list":{"0":"post-4836","1":"product","2":"type-product","3":"status-publish","4":"has-post-thumbnail","6":"product_cat-koik-kategooriad","7":"product_cat-koogiviljaseemned","8":"product_cat-salatid-ja-muud","9":"product_cat-seemned","11":"first","12":"instock","13":"taxable","14":"shipping-taxable","15":"purchasable","16":"product-type-simple"},"ct_brands":[],"acf":[],"_links":{"self":[{"href":"https:\/\/agrozone.ee\/fi\/wp-json\/wp\/v2\/product\/4836","targetHints":{"allow":["GET"]}}],"collection":[{"href":"https:\/\/agrozone.ee\/fi\/wp-json\/wp\/v2\/product"}],"about":[{"href":"https:\/\/agrozone.ee\/fi\/wp-json\/wp\/v2\/types\/product"}],"wp:featuredmedia":[{"embeddable":true,"href":"https:\/\/agrozone.ee\/fi\/wp-json\/wp\/v2\/media\/40734"}],"wp:attachment":[{"href":"https:\/\/agrozone.ee\/fi\/wp-json\/wp\/v2\/media?parent=4836"}],"wp:term":[{"taxonomy":"product_brand","embeddable":true,"href":"https:\/\/agrozone.ee\/fi\/wp-json\/wp\/v2\/product_brand?post=4836"},{"taxonomy":"product_cat","embeddable":true,"href":"https:\/\/agrozone.ee\/fi\/wp-json\/wp\/v2\/product_cat?post=4836"},{"taxonomy":"product_tag","embeddable":true,"href":"https:\/\/agrozone.ee\/fi\/wp-json\/wp\/v2\/product_tag?post=4836"}],"curies":[{"name":"wp","href":"https:\/\/api.w.org\/{rel}","templated":true}]}}