{"id":4837,"date":"2024-06-09T16:08:21","date_gmt":"2024-06-09T13:08:21","guid":{"rendered":"https:\/\/agrozone.ee\/?post_type=product&#038;p=4837"},"modified":"2025-08-26T11:16:03","modified_gmt":"2025-08-26T09:16:03","slug":"kurgirohi","status":"publish","type":"product","link":"https:\/\/agrozone.ee\/fi\/tuote\/kurgirohi\/","title":{"rendered":"Kurgirohi"},"content":{"rendered":"<p><strong>Kurgirohi<\/strong><\/p>\n<ul>\n<li>\u00dcheaastane maitse-, ravim- ja meetaim.<\/li>\n<li>Kurgil\u00f5hnalisi lehti ja noori v\u00f5rseid kasutatakse salatites, suppides, kastmetes, s\u00f6\u00f6davaid \u00f5isi garneerimiseks.<\/li>\n<li>Ravimtaimena ainevahetust parandava, k\u00fclmetushaigusi leevendava toimega.<\/li>\n<li>Kurgirohi sobib ka iluaeda.<\/li>\n<li>K\u00f5rgus: 50-60 cm.<\/li>\n<li>Hea meetaimena meelitab ta ligi mesilasi ja kimalasi.<\/li>\n<li>Kurgirohi \u00f5itseb juunist hiliss\u00fcgiseni.<\/li>\n<li>Pakendis \u2013 1g seemet<\/li>\n<\/ul>\n<h3>Kasutusjuhend<\/h3>\n<p><strong>K\u00dcLV JA KASVATAMINE. <\/strong><\/p>\n<ul>\n<li>Avamaale k\u00fclvatakse seemned aprilli l\u00f5pus v\u00f5i mai alguses.<\/li>\n<li>Kurgirohi eelistab kasvada p\u00e4ikselisel kasvukohal ning huumus- ja lubjarikkal niiskemal mullal.<\/li>\n<\/ul>\n","protected":false},"excerpt":{"rendered":"<ul>\n<li>\u00dcheaastane maitse-, ravim- ja meetaim.<\/li>\n<li>Kurgil\u00f5hnalisi lehti ja noori v\u00f5rseid kasutatakse salatites, suppides, kastmetes, s\u00f6\u00f6davaid \u00f5isi garneerimiseks.<\/li>\n<li>Ravimtaimena ainevahetust parandava, k\u00fclmetushaigusi leevendava toimega.<\/li>\n<li>Sobib ka iluaeda.<\/li>\n<li>K\u00f5rgus: 50-60 cm.<\/li>\n<\/ul>\n","protected":false},"featured_media":42178,"template":"","meta":{"_acf_changed":false,"_seopress_robots_primary_cat":"none","_seopress_titles_title":"","_seopress_titles_desc":"Kurgirohi - maitse-, ravim- ja meetaim. Kurgil\u00f5hnalisi lehti ja noori v\u00f5rseid kasutatakse salatites, suppides, kastmetes, s\u00f6\u00f6davaid \u00f5isi garneerimiseks.","_seopress_robots_index":"","_gspb_post_css":""},"product_brand":[],"product_cat":[15,88,336,87],"product_tag":[],"class_list":{"0":"post-4837","1":"product","2":"type-product","3":"status-publish","4":"has-post-thumbnail","6":"product_cat-koik-kategooriad","7":"product_cat-koogiviljaseemned","8":"product_cat-salatid-ja-muud","9":"product_cat-seemned","11":"first","12":"instock","13":"taxable","14":"shipping-taxable","15":"purchasable","16":"product-type-simple"},"ct_brands":[],"acf":[],"_links":{"self":[{"href":"https:\/\/agrozone.ee\/fi\/wp-json\/wp\/v2\/product\/4837","targetHints":{"allow":["GET"]}}],"collection":[{"href":"https:\/\/agrozone.ee\/fi\/wp-json\/wp\/v2\/product"}],"about":[{"href":"https:\/\/agrozone.ee\/fi\/wp-json\/wp\/v2\/types\/product"}],"wp:featuredmedia":[{"embeddable":true,"href":"https:\/\/agrozone.ee\/fi\/wp-json\/wp\/v2\/media\/42178"}],"wp:attachment":[{"href":"https:\/\/agrozone.ee\/fi\/wp-json\/wp\/v2\/media?parent=4837"}],"wp:term":[{"taxonomy":"product_brand","embeddable":true,"href":"https:\/\/agrozone.ee\/fi\/wp-json\/wp\/v2\/product_brand?post=4837"},{"taxonomy":"product_cat","embeddable":true,"href":"https:\/\/agrozone.ee\/fi\/wp-json\/wp\/v2\/product_cat?post=4837"},{"taxonomy":"product_tag","embeddable":true,"href":"https:\/\/agrozone.ee\/fi\/wp-json\/wp\/v2\/product_tag?post=4837"}],"curies":[{"name":"wp","href":"https:\/\/api.w.org\/{rel}","templated":true}]}}