{"id":4839,"date":"2024-06-09T16:08:21","date_gmt":"2024-06-09T13:08:21","guid":{"rendered":"https:\/\/agrozone.ee\/?post_type=product&#038;p=4839"},"modified":"2025-08-05T12:01:46","modified_gmt":"2025-08-05T10:01:46","slug":"pastinaak-white-gem","status":"publish","type":"product","link":"https:\/\/agrozone.ee\/fi\/tuote\/pastinaak-white-gem\/","title":{"rendered":"Pastinaak White Gem"},"content":{"rendered":"<p><strong>Pastinaak White Gem<\/strong><\/p>\n<ul>\n<li>V\u00e4ga v\u00e4\u00e4rtuslik v\u00e4hen\u00f5udlik juurvili.<\/li>\n<li>\u00dcks populaarsemaid ja usaldusv\u00e4\u00e4rsemaid sorte!<\/li>\n<li>Sobib suppidesse, hautistesse, omlettidesse, p\u00fcreedesse.<\/li>\n<\/ul>\n<h3>Kasutusjuhend<\/h3>\n<p>&nbsp;<\/p>\n<p><strong>K\u00dcLV JA KASVATAMINE. <\/strong><\/p>\n<ul>\n<li>K\u00fclvatakse peenrasse varakevadel v\u00f5i hiliss\u00fcgisel.<\/li>\n<li>Idaneb aeglaselt (kuni 3 n\u00e4dalat).<\/li>\n<li>Eelistab kasvamiseks liivast v\u00f5i liivsavist s\u00fcgavalt haritud mulda.<\/li>\n<\/ul>\n","protected":false},"excerpt":{"rendered":"<p><strong>Pastinaak White Gem<\/strong><\/p>\n<ul>\n<li>V\u00e4ga v\u00e4\u00e4rtuslik v\u00e4hen\u00f5udlik juurvili.<\/li>\n<li>\u00dcks populaarsemaid ja usaldusv\u00e4\u00e4rsemaid sorte!<\/li>\n<li>Sobib suppidesse, hautistesse, omlettidesse, p\u00fcreedesse.<\/li>\n<\/ul>\n","protected":false},"featured_media":40732,"template":"","meta":{"_acf_changed":false,"_seopress_robots_primary_cat":"none","_seopress_titles_title":"","_seopress_titles_desc":"Pastinaak White Gem - v\u00e4ga v\u00e4\u00e4rtuslik v\u00e4hen\u00f5udlik juurvili. Sobib suppidesse, hautistesse, omlettidesse, p\u00fcreedesse. Idaneb aeglaselt (kuni 3 n\u00e4dalat).","_seopress_robots_index":"","_gspb_post_css":""},"product_brand":[],"product_cat":[15,88,1249,87],"product_tag":[],"class_list":{"0":"post-4839","1":"product","2":"type-product","3":"status-publish","4":"has-post-thumbnail","6":"product_cat-koik-kategooriad","7":"product_cat-koogiviljaseemned","8":"product_cat-pastinaak","9":"product_cat-seemned","11":"first","12":"instock","13":"taxable","14":"shipping-taxable","15":"purchasable","16":"product-type-simple"},"ct_brands":[],"acf":[],"_links":{"self":[{"href":"https:\/\/agrozone.ee\/fi\/wp-json\/wp\/v2\/product\/4839","targetHints":{"allow":["GET"]}}],"collection":[{"href":"https:\/\/agrozone.ee\/fi\/wp-json\/wp\/v2\/product"}],"about":[{"href":"https:\/\/agrozone.ee\/fi\/wp-json\/wp\/v2\/types\/product"}],"wp:featuredmedia":[{"embeddable":true,"href":"https:\/\/agrozone.ee\/fi\/wp-json\/wp\/v2\/media\/40732"}],"wp:attachment":[{"href":"https:\/\/agrozone.ee\/fi\/wp-json\/wp\/v2\/media?parent=4839"}],"wp:term":[{"taxonomy":"product_brand","embeddable":true,"href":"https:\/\/agrozone.ee\/fi\/wp-json\/wp\/v2\/product_brand?post=4839"},{"taxonomy":"product_cat","embeddable":true,"href":"https:\/\/agrozone.ee\/fi\/wp-json\/wp\/v2\/product_cat?post=4839"},{"taxonomy":"product_tag","embeddable":true,"href":"https:\/\/agrozone.ee\/fi\/wp-json\/wp\/v2\/product_tag?post=4839"}],"curies":[{"name":"wp","href":"https:\/\/api.w.org\/{rel}","templated":true}]}}