{"id":4840,"date":"2024-06-09T16:08:21","date_gmt":"2024-06-09T13:08:21","guid":{"rendered":"https:\/\/agrozone.ee\/?post_type=product&#038;p=4840"},"modified":"2025-08-05T11:55:27","modified_gmt":"2025-08-05T09:55:27","slug":"pikk-kasvuhoonekurk-nikifor","status":"publish","type":"product","link":"https:\/\/agrozone.ee\/fi\/tuote\/pikk-kasvuhoonekurk-nikifor\/","title":{"rendered":"Pikk kasvuhoonekurk Nikifor"},"content":{"rendered":"<p>Pikk kasvuhoonekurk Nikifor<\/p>\n<ul>\n<li>Pika vegetatsiooniajaga saagikas kurk kasvuhoonesse.<\/li>\n<li>Heade maitseomadustega ja haigustele vastupidav\u00a0sort.<\/li>\n<li>Viljad on siledad, l\u00e4ikivad, kergelt ribilised, ilusa tumerohelise koorega, 20-23 cm pikad.<\/li>\n<li>V\u00e4heste k\u00f5rvalv\u00f5rsetega.<\/li>\n<li>Kannatab temperatuurik\u00f5ikumisi.<\/li>\n<\/ul>\n<h3>Kasutusjuhend<\/h3>\n<p><strong>K\u00dcLV JA KASVATAMINE<\/strong>.<\/p>\n<ul>\n<li>K\u00fclvatakse aprillist maini, \u00fcmber istutada kasvuhoonesse mais-juunis.<\/li>\n<li>Taimede ettekasvatamiseks k\u00fclvatakse igasse potti \u00fcks seeme 2 cm s\u00fcgavusele.<\/li>\n<li>Eelistab kobedat ja sooja kasvusubstraati.<\/li>\n<li>Idanemisaegselt hoitakse temperatuuri 25\u00b0C.<\/li>\n<\/ul>\n<p><strong>Istutusskeem:<\/strong> taimede vahe 35-45 cm x 130 cm.<\/p>\n<ul>\n<li>\u00d6ine \u00f5hutemperatuur ei tohiks kasvuajal langeda alla 12-15\u00b0C.<\/li>\n<\/ul>\n<p><strong>KASVUAEG.<\/strong><\/p>\n<ul>\n<li>Kasvuperiood 35-50 p\u00e4eva.<\/li>\n<\/ul>\n","protected":false},"excerpt":{"rendered":"<ul>\n<li>Pika vegetatsiooniajaga saagikas kurk kasvuhoonesse.<\/li>\n<li>Heade maitseomadustega ja haigustele vastupidav\u00a0sort.<\/li>\n<li>Viljad on siledad, l\u00e4ikivad, kergelt ribilised, ilusa tumerohelise koorega, 20-23 cm pikad.<\/li>\n<li>V\u00e4heste k\u00f5rvalv\u00f5rsetega.<\/li>\n<li>Kannatab temperatuurik\u00f5ikumisi.<\/li>\n<\/ul>\n","protected":false},"featured_media":40144,"template":"","meta":{"_acf_changed":false,"_seopress_robots_primary_cat":"none","_seopress_titles_title":"","_seopress_titles_desc":"Pikk kasvuhoonekurk Nikifor - pika vegetatsiooniajaga saagikas kurk kasvuhoonesse. Heade maitseomadustega ja haigustele vastupidav\u00a0sort.","_seopress_robots_index":"","_gspb_post_css":""},"product_brand":[],"product_cat":[15,88,320,87],"product_tag":[],"class_list":{"0":"post-4840","1":"product","2":"type-product","3":"status-publish","4":"has-post-thumbnail","6":"product_cat-koik-kategooriad","7":"product_cat-koogiviljaseemned","8":"product_cat-kurk","9":"product_cat-seemned","11":"first","12":"instock","13":"taxable","14":"shipping-taxable","15":"purchasable","16":"product-type-simple"},"ct_brands":[],"acf":[],"_links":{"self":[{"href":"https:\/\/agrozone.ee\/fi\/wp-json\/wp\/v2\/product\/4840","targetHints":{"allow":["GET"]}}],"collection":[{"href":"https:\/\/agrozone.ee\/fi\/wp-json\/wp\/v2\/product"}],"about":[{"href":"https:\/\/agrozone.ee\/fi\/wp-json\/wp\/v2\/types\/product"}],"wp:featuredmedia":[{"embeddable":true,"href":"https:\/\/agrozone.ee\/fi\/wp-json\/wp\/v2\/media\/40144"}],"wp:attachment":[{"href":"https:\/\/agrozone.ee\/fi\/wp-json\/wp\/v2\/media?parent=4840"}],"wp:term":[{"taxonomy":"product_brand","embeddable":true,"href":"https:\/\/agrozone.ee\/fi\/wp-json\/wp\/v2\/product_brand?post=4840"},{"taxonomy":"product_cat","embeddable":true,"href":"https:\/\/agrozone.ee\/fi\/wp-json\/wp\/v2\/product_cat?post=4840"},{"taxonomy":"product_tag","embeddable":true,"href":"https:\/\/agrozone.ee\/fi\/wp-json\/wp\/v2\/product_tag?post=4840"}],"curies":[{"name":"wp","href":"https:\/\/api.w.org\/{rel}","templated":true}]}}