{"id":4876,"date":"2024-06-09T16:09:12","date_gmt":"2024-06-09T13:09:12","guid":{"rendered":"https:\/\/agrozone.ee\/?post_type=product&#038;p=4876"},"modified":"2026-03-30T18:54:37","modified_gmt":"2026-03-30T16:54:37","slug":"seemnekartul-lilly-5-kg","status":"publish","type":"product","link":"https:\/\/agrozone.ee\/fi\/tuote\/seemnekartul-lilly-5-kg\/","title":{"rendered":"Seemnekartul Lilly 5 kg"},"content":{"rendered":"<p><strong>Seemnekartul Lilly 5 kg<\/strong><\/p>\n<ul>\n<li>Sertifitseeritud seemnekartul.<\/li>\n<li>Kartul \u2018Lilly\u2019 on keskvarajane hea s\u00e4ilivusega kartulisortsort, mis sobib mahekasvatusse.<\/li>\n<li>Mugulad on \u00fcmarovaalsed, madalate silmadega ning kollase v\u00f5rgulise koorega.<\/li>\n<li>Heade maitseomadustega jahune keedukartul, ei tumene peale keetmist.<\/li>\n<li>Suure saagikusega sort.<\/li>\n<li>Vastupidav nematoodi ja kartuliv\u00e4hi suhtes.<\/li>\n<li>K\u00f5rge vastupidavus pruunm\u00e4danikule, harilikule ja mustk\u00e4rnale ning m\u00e4rgm\u00e4danikule.<\/li>\n<li>Keskmine lehem\u00e4daniku ja viiruste suhtes.<\/li>\n<\/ul>\n<h3>Kasutusjuhend<\/h3>\n<ul>\n<li>S\u00e4ilitada temperatuuril 4-5\u00b0C, puhkeperiood keskmise pikkusega.<\/li>\n<\/ul>\n","protected":false},"excerpt":{"rendered":"<p><em>Sertifitseeritud seemnekartul<\/em><\/p>\n","protected":false},"featured_media":4937,"template":"","meta":{"_acf_changed":false,"_seopress_robots_primary_cat":"none","_seopress_titles_title":"","_seopress_titles_desc":"Seemnekartul Lilly on keskvarajane hea s\u00e4ilivusega kartulisortsort, mis sobib mahekasvatusse. Heade jahune keedukartul, ei tumene peale keetmist.","_seopress_robots_index":"","_gspb_post_css":""},"product_brand":[],"product_cat":[15,87,994],"product_tag":[],"class_list":{"0":"post-4876","1":"product","2":"type-product","3":"status-publish","4":"has-post-thumbnail","6":"product_cat-koik-kategooriad","7":"product_cat-seemned","8":"product_cat-seemnekartul","10":"first","11":"instock","12":"taxable","13":"shipping-taxable","14":"purchasable","15":"product-type-simple"},"ct_brands":[],"acf":[],"_links":{"self":[{"href":"https:\/\/agrozone.ee\/fi\/wp-json\/wp\/v2\/product\/4876","targetHints":{"allow":["GET"]}}],"collection":[{"href":"https:\/\/agrozone.ee\/fi\/wp-json\/wp\/v2\/product"}],"about":[{"href":"https:\/\/agrozone.ee\/fi\/wp-json\/wp\/v2\/types\/product"}],"wp:featuredmedia":[{"embeddable":true,"href":"https:\/\/agrozone.ee\/fi\/wp-json\/wp\/v2\/media\/4937"}],"wp:attachment":[{"href":"https:\/\/agrozone.ee\/fi\/wp-json\/wp\/v2\/media?parent=4876"}],"wp:term":[{"taxonomy":"product_brand","embeddable":true,"href":"https:\/\/agrozone.ee\/fi\/wp-json\/wp\/v2\/product_brand?post=4876"},{"taxonomy":"product_cat","embeddable":true,"href":"https:\/\/agrozone.ee\/fi\/wp-json\/wp\/v2\/product_cat?post=4876"},{"taxonomy":"product_tag","embeddable":true,"href":"https:\/\/agrozone.ee\/fi\/wp-json\/wp\/v2\/product_tag?post=4876"}],"curies":[{"name":"wp","href":"https:\/\/api.w.org\/{rel}","templated":true}]}}