{"id":48761,"date":"2025-04-07T13:21:27","date_gmt":"2025-04-07T11:21:27","guid":{"rendered":"https:\/\/agrozone.ee\/toode\/makea-maissi-zlota-karlowa\/"},"modified":"2026-02-23T13:04:38","modified_gmt":"2026-02-23T11:04:38","slug":"makea-maissi-zlota-karlowa","status":"publish","type":"product","link":"https:\/\/agrozone.ee\/fi\/tuote\/makea-maissi-zlota-karlowa\/","title":{"rendered":"MAKEA MAISSI Z\u0141OTA KAR\u0141OWA"},"content":{"rendered":"<p>Zea mays L. (partim)<\/p>\n<ul>\n<li>Aikainen, k\u00e4\u00e4pi\u00f6kasvuinen sokerimaissilajike.<\/li>\n<li>Kasvuaika \u2013 90 p\u00e4iv\u00e4\u00e4.<\/li>\n<li>Kylvet\u00e4\u00e4n l\u00e4mpim\u00e4\u00e4n (+8\u201310 \u00b0C) maahan tai istutetaan esikasvatettuina taimina.<\/li>\n<li>Kasvit ovat haarautuvia, 70\u201390 cm korkeita.<\/li>\n<li>T\u00e4hk\u00e4t ovat 8\u201312 cm pitki\u00e4, makeita.<\/li>\n<li>Maissia voi k\u00e4ytt\u00e4\u00e4 tuoreena, keitettyn\u00e4, paahdettuna, s\u00e4il\u00f6ttyn\u00e4 ja pakastettuna.<\/li>\n<\/ul>\n","protected":false},"excerpt":{"rendered":"<p>Zea mays L. (partim) Aikainen, k\u00e4\u00e4pi\u00f6kasvuinen sokerimaissilajike. Kasvuaika \u2013 90 p\u00e4iv\u00e4\u00e4. Kylvet\u00e4\u00e4n l\u00e4mpim\u00e4\u00e4n (+8\u201310 \u00b0C) maahan tai istutetaan esikasvatettuina taimina. Kasvit ovat haarautuvia, 70\u201390 cm korkeita. T\u00e4hk\u00e4t ovat 8\u201312 cm pitki\u00e4, makeita. Maissia voi k\u00e4ytt\u00e4\u00e4 tuoreena, keitettyn\u00e4, paahdettuna, s\u00e4il\u00f6ttyn\u00e4 ja pakastettuna.<\/p>\n","protected":false},"featured_media":48758,"template":"","meta":{"_acf_changed":false,"_seopress_robots_primary_cat":"","_seopress_titles_title":"","_seopress_titles_desc":"","_seopress_robots_index":"","_gspb_post_css":""},"product_brand":[],"product_cat":[2392,2419,2399,2401],"product_tag":[],"class_list":{"0":"post-48761","1":"product","2":"type-product","3":"status-publish","4":"has-post-thumbnail","6":"product_cat-kaikki-luokat","7":"product_cat-salaatit-ja-muut","8":"product_cat-siemenet","9":"product_cat-vihanneksien-siemenet","11":"first","12":"instock","13":"taxable","14":"shipping-taxable","15":"purchasable","16":"product-type-simple"},"ct_brands":[],"acf":[],"_links":{"self":[{"href":"https:\/\/agrozone.ee\/fi\/wp-json\/wp\/v2\/product\/48761","targetHints":{"allow":["GET"]}}],"collection":[{"href":"https:\/\/agrozone.ee\/fi\/wp-json\/wp\/v2\/product"}],"about":[{"href":"https:\/\/agrozone.ee\/fi\/wp-json\/wp\/v2\/types\/product"}],"wp:featuredmedia":[{"embeddable":true,"href":"https:\/\/agrozone.ee\/fi\/wp-json\/wp\/v2\/media\/48758"}],"wp:attachment":[{"href":"https:\/\/agrozone.ee\/fi\/wp-json\/wp\/v2\/media?parent=48761"}],"wp:term":[{"taxonomy":"product_brand","embeddable":true,"href":"https:\/\/agrozone.ee\/fi\/wp-json\/wp\/v2\/product_brand?post=48761"},{"taxonomy":"product_cat","embeddable":true,"href":"https:\/\/agrozone.ee\/fi\/wp-json\/wp\/v2\/product_cat?post=48761"},{"taxonomy":"product_tag","embeddable":true,"href":"https:\/\/agrozone.ee\/fi\/wp-json\/wp\/v2\/product_tag?post=48761"}],"curies":[{"name":"wp","href":"https:\/\/api.w.org\/{rel}","templated":true}]}}