{"id":48771,"date":"2025-04-07T13:38:25","date_gmt":"2025-04-07T11:38:25","guid":{"rendered":"https:\/\/agrozone.ee\/toode\/19-cmn-puutarhalampomittari\/"},"modified":"2026-03-15T14:35:51","modified_gmt":"2026-03-15T12:35:51","slug":"19-cmn-puutarhalampomittari","status":"publish","type":"product","link":"https:\/\/agrozone.ee\/fi\/tuote\/19-cmn-puutarhalampomittari\/","title":{"rendered":"19 cm:n puutarhal\u00e4mp\u00f6mittari"},"content":{"rendered":"<p>Muovinen l\u00e4mp\u00f6mittari, valkoinen, korkeus 19 cm, l\u00e4mp\u00f6tila-alue -40 &#8211; +50 astetta.<\/p>\n","protected":false},"excerpt":{"rendered":"<p>Muovinen l\u00e4mp\u00f6mittari, valkoinen, korkeus 19 cm, l\u00e4mp\u00f6tila-alue -40 &#8211; +50 astetta.<\/p>\n","protected":false},"featured_media":48768,"template":"","meta":{"_acf_changed":false,"_seopress_robots_primary_cat":"","_seopress_titles_title":"","_seopress_titles_desc":"","_seopress_robots_index":"","_gspb_post_css":""},"product_brand":[],"product_cat":[2392,2368,2363],"product_tag":[],"class_list":{"0":"post-48771","1":"product","2":"type-product","3":"status-publish","4":"has-post-thumbnail","6":"product_cat-kaikki-luokat","7":"product_cat-kasvihuoneet-lisavarusteet","8":"product_cat-puutarhatarvikkeet","10":"first","11":"instock","12":"taxable","13":"shipping-taxable","14":"purchasable","15":"product-type-simple"},"ct_brands":[],"acf":[],"_links":{"self":[{"href":"https:\/\/agrozone.ee\/fi\/wp-json\/wp\/v2\/product\/48771","targetHints":{"allow":["GET"]}}],"collection":[{"href":"https:\/\/agrozone.ee\/fi\/wp-json\/wp\/v2\/product"}],"about":[{"href":"https:\/\/agrozone.ee\/fi\/wp-json\/wp\/v2\/types\/product"}],"wp:featuredmedia":[{"embeddable":true,"href":"https:\/\/agrozone.ee\/fi\/wp-json\/wp\/v2\/media\/48768"}],"wp:attachment":[{"href":"https:\/\/agrozone.ee\/fi\/wp-json\/wp\/v2\/media?parent=48771"}],"wp:term":[{"taxonomy":"product_brand","embeddable":true,"href":"https:\/\/agrozone.ee\/fi\/wp-json\/wp\/v2\/product_brand?post=48771"},{"taxonomy":"product_cat","embeddable":true,"href":"https:\/\/agrozone.ee\/fi\/wp-json\/wp\/v2\/product_cat?post=48771"},{"taxonomy":"product_tag","embeddable":true,"href":"https:\/\/agrozone.ee\/fi\/wp-json\/wp\/v2\/product_tag?post=48771"}],"curies":[{"name":"wp","href":"https:\/\/api.w.org\/{rel}","templated":true}]}}