{"id":4878,"date":"2024-06-09T16:09:12","date_gmt":"2024-06-09T13:09:12","guid":{"rendered":"https:\/\/agrozone.ee\/?post_type=product&#038;p=4878"},"modified":"2026-04-06T15:48:36","modified_gmt":"2026-04-06T13:48:36","slug":"till-moravan-seemnelint","status":"publish","type":"product","link":"https:\/\/agrozone.ee\/fi\/tuote\/till-moravan-seemnelint\/","title":{"rendered":"TILL MORAVAN (SEEMNELINT)"},"content":{"rendered":"<p><strong>TILL MORAVAN<\/strong><\/p>\n<ul>\n<li>Keskmise varajase valmimisega aromaatne sort, mis annab rikkaliku s\u00fcgavrohelise lehestiku.<\/li>\n<li>Taimed kinnituvad aeglaselt ja n\u00e4rbuvad p\u00e4rast koristamist.<\/li>\n<li>Sobib v\u00e4rskelt tarbimiseks, kuivatamiseks ja k\u00fclmutamiseks.<\/li>\n<li>Talvel saab tilli kasvatada kodus kastides aknalaudadel, kuid vajalik on lisavalgustus.<\/li>\n<li>Seemnelindi eelised: rikkalikum, kvaliteetsem saak.<\/li>\n<li>Piisava niiskuse korral idanevad seemned kiiresti ja \u00fchtlaselt.<\/li>\n<li>Kultuur on korrastatud, joonte vahed on v\u00f5rdsed, seega on rohimine ja p\u00f5llukultuuride katmine aiakilega lihtsam ja mugavam.<\/li>\n<li>Enne teipide paigaldamist kasta mulda.<\/li>\n<li>Seej\u00e4rel katke teip rohke mulla ja veega.<\/li>\n<li>4 m pikkuselt lindilt saab umbes 280 tilli istikut.<\/li>\n<\/ul>\n<p>K\u00fclviaeg kasvuhoones III-VIII, X<br \/>\nKaugused, cm 5&#215;20 cm<br \/>\nSaagikoristus VI-IX<br \/>\nK\u00fclviriba pikkus 4 m<\/p>\n","protected":false},"excerpt":{"rendered":"<p><strong>Anethum graveolens L.<\/strong><\/p>\n<ul>\n<li>Keskmise varajase valmimisega aromaatne sort, mis annab rikkaliku s\u00fcgavrohelise lehestiku.<\/li>\n<li>Taimed kinnituvad aeglaselt ja n\u00e4rbuvad p\u00e4rast koristamist.<\/li>\n<li>Sobib v\u00e4rskelt tarbimiseks, kuivatamiseks ja k\u00fclmutamiseks.<\/li>\n<li>Talvel saab tilli kasvatada kodus kastides aknalaudadel, kuid vajalik on lisavalgustus.<\/li>\n<li>Seemnelindi eelised: rikkalikum, kvaliteetsem saak.<\/li>\n<li>Piisava niiskuse korral idanevad seemned kiiresti ja \u00fchtlaselt.<\/li>\n<\/ul>\n","protected":false},"featured_media":4939,"template":"","meta":{"_acf_changed":false,"_seopress_robots_primary_cat":"none","_seopress_titles_title":"","_seopress_titles_desc":"TILL MORAVAN on keskmise varajase valmimisega aromaatne sort, mis annab s\u00fcgavrohelise lehestiku. V\u00e4rskelt tarbimiseks, kuivatamiseks ja k\u00fclmutamiseks.","_seopress_robots_index":"","_gspb_post_css":""},"product_brand":[],"product_cat":[89,15,88,87],"product_tag":[2528],"class_list":{"0":"post-4878","1":"product","2":"type-product","3":"status-publish","4":"has-post-thumbnail","6":"product_cat-aedtill","7":"product_cat-koik-kategooriad","8":"product_cat-koogiviljaseemned","9":"product_cat-seemned","10":"product_tag-seemnelint","12":"first","13":"instock","14":"taxable","15":"shipping-taxable","16":"purchasable","17":"product-type-simple"},"ct_brands":[],"acf":[],"_links":{"self":[{"href":"https:\/\/agrozone.ee\/fi\/wp-json\/wp\/v2\/product\/4878","targetHints":{"allow":["GET"]}}],"collection":[{"href":"https:\/\/agrozone.ee\/fi\/wp-json\/wp\/v2\/product"}],"about":[{"href":"https:\/\/agrozone.ee\/fi\/wp-json\/wp\/v2\/types\/product"}],"wp:featuredmedia":[{"embeddable":true,"href":"https:\/\/agrozone.ee\/fi\/wp-json\/wp\/v2\/media\/4939"}],"wp:attachment":[{"href":"https:\/\/agrozone.ee\/fi\/wp-json\/wp\/v2\/media?parent=4878"}],"wp:term":[{"taxonomy":"product_brand","embeddable":true,"href":"https:\/\/agrozone.ee\/fi\/wp-json\/wp\/v2\/product_brand?post=4878"},{"taxonomy":"product_cat","embeddable":true,"href":"https:\/\/agrozone.ee\/fi\/wp-json\/wp\/v2\/product_cat?post=4878"},{"taxonomy":"product_tag","embeddable":true,"href":"https:\/\/agrozone.ee\/fi\/wp-json\/wp\/v2\/product_tag?post=4878"}],"curies":[{"name":"wp","href":"https:\/\/api.w.org\/{rel}","templated":true}]}}