{"id":4879,"date":"2024-06-09T16:09:12","date_gmt":"2024-06-09T13:09:12","guid":{"rendered":"https:\/\/agrozone.ee\/?post_type=product&#038;p=4879"},"modified":"2026-03-01T18:14:25","modified_gmt":"2026-03-01T16:14:25","slug":"lillkapsas-erfurt","status":"publish","type":"product","link":"https:\/\/agrozone.ee\/fi\/tuote\/lillkapsas-erfurt\/","title":{"rendered":"LILLKAPSAS ERFURT"},"content":{"rendered":"<p><strong>LILLKAPSAS ERFURT<\/strong><\/p>\n<ul>\n<li>Varajane sort.<\/li>\n<li>Lillkapsast korjatakse 60 p\u00e4eva p\u00e4rast seemikute istutamist.<\/li>\n<li>Pead on keskmise suurusega, kompaktsed ja valged.<\/li>\n<li>Neid v\u00f5ib kasutada v\u00e4rskelt, konserveeritult v\u00f5i k\u00fclmutatud kujul.<\/li>\n<li>Lillkapsas Erfurt kasvab k\u00f5ige paremini huumoririkkas, h\u00e4sti haritud mullas.<\/li>\n<\/ul>\n<p>Kogus pakendis 1 g<br \/>\nSeemnete arv grammi kohta 250-300<br \/>\nK\u00fclviaeg mulda III-IV, 1-2 cm.<br \/>\nSaak VII-VIII<\/p>\n","protected":false},"excerpt":{"rendered":"<p><strong>Brassica oleracea L.<\/strong><\/p>\n<ul>\n<li>Varajane sort.<\/li>\n<li>Korjatakse 60 p\u00e4eva p\u00e4rast seemikute istutamist.<\/li>\n<li>Pead on keskmise suurusega, kompaktsed ja valged.<\/li>\n<li>Neid v\u00f5ib kasutada v\u00e4rskelt, konserveeritult v\u00f5i k\u00fclmutatud kujul.<\/li>\n<\/ul>\n","protected":false},"featured_media":4940,"template":"","meta":{"_acf_changed":false,"_seopress_robots_primary_cat":"","_seopress_titles_title":"","_seopress_titles_desc":"Lillkapsas Erfurt on varajane sort. Korjatakse 60 p\u00e4eva p\u00e4rast seemikute istutamist. Pead on keskmise suurusega, kompaktsed ja valged.","_seopress_robots_index":"","_gspb_post_css":""},"product_brand":[],"product_cat":[356,15,88,87],"product_tag":[],"class_list":{"0":"post-4879","1":"product","2":"type-product","3":"status-publish","4":"has-post-thumbnail","6":"product_cat-kapsas","7":"product_cat-koik-kategooriad","8":"product_cat-koogiviljaseemned","9":"product_cat-seemned","11":"first","12":"instock","13":"taxable","14":"shipping-taxable","15":"purchasable","16":"product-type-simple"},"ct_brands":[],"acf":[],"_links":{"self":[{"href":"https:\/\/agrozone.ee\/fi\/wp-json\/wp\/v2\/product\/4879","targetHints":{"allow":["GET"]}}],"collection":[{"href":"https:\/\/agrozone.ee\/fi\/wp-json\/wp\/v2\/product"}],"about":[{"href":"https:\/\/agrozone.ee\/fi\/wp-json\/wp\/v2\/types\/product"}],"wp:featuredmedia":[{"embeddable":true,"href":"https:\/\/agrozone.ee\/fi\/wp-json\/wp\/v2\/media\/4940"}],"wp:attachment":[{"href":"https:\/\/agrozone.ee\/fi\/wp-json\/wp\/v2\/media?parent=4879"}],"wp:term":[{"taxonomy":"product_brand","embeddable":true,"href":"https:\/\/agrozone.ee\/fi\/wp-json\/wp\/v2\/product_brand?post=4879"},{"taxonomy":"product_cat","embeddable":true,"href":"https:\/\/agrozone.ee\/fi\/wp-json\/wp\/v2\/product_cat?post=4879"},{"taxonomy":"product_tag","embeddable":true,"href":"https:\/\/agrozone.ee\/fi\/wp-json\/wp\/v2\/product_tag?post=4879"}],"curies":[{"name":"wp","href":"https:\/\/api.w.org\/{rel}","templated":true}]}}