{"id":4882,"date":"2024-06-09T16:09:13","date_gmt":"2024-06-09T13:09:13","guid":{"rendered":"https:\/\/agrozone.ee\/?post_type=product&#038;p=4882"},"modified":"2025-04-09T15:43:39","modified_gmt":"2025-04-09T13:43:39","slug":"tonditupik-virginia","status":"publish","type":"product","link":"https:\/\/agrozone.ee\/fi\/tuote\/tonditupik-virginia\/","title":{"rendered":"Tonditupik Virginia"},"content":{"rendered":"<p><strong>Tonditupik Virginia<\/strong><\/p>\n<ul>\n<li>Mitmeaastased lilled.<\/li>\n<li>\u00d5itseb kogu suve jooksul lumivalgete \u00f5itega.<\/li>\n<li>Ei ole n\u00f5udlik, kasvatatakse taustataimena, \u00f5isikud korjatakse.<\/li>\n<li>Kasvatatakse kobaratena, hea potti panna.<\/li>\n<li>Armastab p\u00e4ikesepoolseid kohti, v\u00f5ib kasvada ka osalises varjus.<\/li>\n<li>\u00d5itsemisperioodi pikendamiseks tuleks umbrohtu l\u00f5igata.<\/li>\n<li>K\u00f5ige dekoratiivsem 2-3. kasvatusaastal.<\/li>\n<li>P\u00f5\u00f5sad tuleks talvel katta mulliga.<\/li>\n<\/ul>\n<p>Kogus pakendis 0,2 g<br \/>\nIstutuskaugus 30 x 30 cm<br \/>\n\u00d5itsemise aeg, k\u00f5rgus VI-IX, 60 cm<br \/>\n\u00dcmberistutamine V<br \/>\nP\u00e4ikeseline koht Jah<br \/>\nPoolvarju Jah<br \/>\nMitmeaastane Jah<br \/>\nV\u00e4rv Valge<br \/>\nSobib kasvatamiseks Lilleaedades<br \/>\nKliima P\u00e4ikeseline, osaline varju<\/p>\n","protected":false},"excerpt":{"rendered":"<p><strong>Physostegia virginiana Benth<\/strong><\/p>\n<ul>\n<li>Mitmeaastased lilled.<\/li>\n<li>\u00d5itseb kogu suve jooksul lumivalgete \u00f5itega.<\/li>\n<li>Ei ole n\u00f5udlik, kasvatatakse taustataimena, \u00f5isikud korjatakse.<\/li>\n<li>Kasvatatakse kobaratena, hea potti panna.<\/li>\n<li>Armastab p\u00e4ikesepoolseid kohti, v\u00f5ib kasvada ka osalises varjus.<\/li>\n<\/ul>\n","protected":false},"featured_media":4943,"template":"","meta":{"_acf_changed":false,"_seopress_robots_primary_cat":"none","_seopress_titles_title":"","_seopress_titles_desc":"Tonditupik Virginia - Mitmeaastased lilled. \u00d5itseb kogu suve jooksul lumivalgete \u00f5itega. Ei ole n\u00f5udlik, kasvatatakse taustataimena, \u00f5isikud korjatakse.","_seopress_robots_index":"","_gspb_post_css":""},"product_brand":[],"product_cat":[15,100,1206,87],"product_tag":[],"class_list":{"0":"post-4882","1":"product","2":"type-product","3":"status-publish","4":"has-post-thumbnail","6":"product_cat-koik-kategooriad","7":"product_cat-lilleseemned","8":"product_cat-mitmeaastased","9":"product_cat-seemned","11":"first","12":"instock","13":"taxable","14":"shipping-taxable","15":"purchasable","16":"product-type-simple"},"ct_brands":[],"acf":[],"_links":{"self":[{"href":"https:\/\/agrozone.ee\/fi\/wp-json\/wp\/v2\/product\/4882","targetHints":{"allow":["GET"]}}],"collection":[{"href":"https:\/\/agrozone.ee\/fi\/wp-json\/wp\/v2\/product"}],"about":[{"href":"https:\/\/agrozone.ee\/fi\/wp-json\/wp\/v2\/types\/product"}],"wp:featuredmedia":[{"embeddable":true,"href":"https:\/\/agrozone.ee\/fi\/wp-json\/wp\/v2\/media\/4943"}],"wp:attachment":[{"href":"https:\/\/agrozone.ee\/fi\/wp-json\/wp\/v2\/media?parent=4882"}],"wp:term":[{"taxonomy":"product_brand","embeddable":true,"href":"https:\/\/agrozone.ee\/fi\/wp-json\/wp\/v2\/product_brand?post=4882"},{"taxonomy":"product_cat","embeddable":true,"href":"https:\/\/agrozone.ee\/fi\/wp-json\/wp\/v2\/product_cat?post=4882"},{"taxonomy":"product_tag","embeddable":true,"href":"https:\/\/agrozone.ee\/fi\/wp-json\/wp\/v2\/product_tag?post=4882"}],"curies":[{"name":"wp","href":"https:\/\/api.w.org\/{rel}","templated":true}]}}