{"id":4883,"date":"2024-06-09T16:09:13","date_gmt":"2024-06-09T13:09:13","guid":{"rendered":"https:\/\/agrozone.ee\/?post_type=product&#038;p=4883"},"modified":"2025-04-20T16:24:50","modified_gmt":"2025-04-20T14:24:50","slug":"kuningakepp","status":"publish","type":"product","link":"https:\/\/agrozone.ee\/fi\/tuote\/kuningakepp\/","title":{"rendered":"KUNINGAKEPP"},"content":{"rendered":"<p>KUNINGAKEPP<\/p>\n<ul>\n<li>Mitmeaastane, atraktiivne ja mitte n\u00f5udlik aiakaunistus.<\/li>\n<li>Kombineerituna teiste lilledega, n\u00e4evad kenasti v\u00e4lja lillepeenradel, kiviaedades v\u00f5i suurtes potides.<\/li>\n<li>Vaiba lillepeenradele, sobib l\u00f5ikamiseks.<\/li>\n<li>Sobib h\u00e4sti kokku Astilbe, <span class=\"LrzXr kno-fv wHYlTd z8gr9e\">Campanula<\/span>, Veronica chamaedrys.<\/li>\n<li>\u00d5ied on 4-6 cm l\u00e4bim\u00f5\u00f5duga, meeldiva l\u00f5hnaga.<\/li>\n<li>Kasvavad k\u00f5ige paremini viljakas, vett ja \u00f5hku l\u00e4bilaskevas mullas.<\/li>\n<li>Vastupidav k\u00fclmakindlusele.<\/li>\n<li>V\u00f5ib kasvada 3-4 aastat samas kohas.<\/li>\n<\/ul>\n<p>Hermeetiline pakend Jah<br \/>\nSeemnete arv grammi kohta ~ 1500<br \/>\n\u00d5itsemisperiood V-VI<br \/>\nTaime k\u00f5rgus, cm 30 cm<br \/>\n\u00d5itsemise aeg, k\u00f5rgus VI-VIII, 30 cm<br \/>\nKaubam\u00e4rk \u017dalia stotel\u0117<br \/>\nV\u00e4rv Valge<br \/>\nTaimestik Mitmeaastane<br \/>\nSobib kasvatamiseks Lilleaias<br \/>\nKliima Osaline varju, P\u00e4ikeseline<\/p>\n","protected":false},"excerpt":{"rendered":"<p><strong>Oenothera pallida<\/strong><\/p>\n<ul>\n<li>Mitmeaastane, atraktiivne ja mitte n\u00f5udlik aiakaunistus.<\/li>\n<li>Kombineerituna teiste lilledega, n\u00e4evad kenasti v\u00e4lja lillepeenradel, kiviaedades v\u00f5i suurtes potides.<\/li>\n<li>Vaiba lillepeenradele, sobib l\u00f5ikamiseks.<\/li>\n<li>Sobib h\u00e4sti kokku Astilbe, <span class=\"LrzXr kno-fv wHYlTd z8gr9e\">Campanula<\/span>, Veronica chamaedrys.<\/li>\n<li>\u00d5ied on 4-6 cm l\u00e4bim\u00f5\u00f5duga, meeldiva l\u00f5hnaga.<\/li>\n<\/ul>\n","protected":false},"featured_media":4955,"template":"","meta":{"_acf_changed":false,"_seopress_robots_primary_cat":"","_seopress_titles_title":"","_seopress_titles_desc":"KUNINGAKEPP - Mitmeaastane, atraktiivne ja mitte n\u00f5udlik aiakaunistus. \u00d5ied on 4-6 cm l\u00e4bim\u00f5\u00f5duga, meeldiva l\u00f5hnaga. Vastupidav k\u00fclmakindlusele.","_seopress_robots_index":"","_gspb_post_css":""},"product_brand":[],"product_cat":[15,100,1206,87],"product_tag":[],"class_list":{"0":"post-4883","1":"product","2":"type-product","3":"status-publish","4":"has-post-thumbnail","6":"product_cat-koik-kategooriad","7":"product_cat-lilleseemned","8":"product_cat-mitmeaastased","9":"product_cat-seemned","11":"first","12":"instock","13":"taxable","14":"shipping-taxable","15":"purchasable","16":"product-type-simple"},"ct_brands":[],"acf":[],"_links":{"self":[{"href":"https:\/\/agrozone.ee\/fi\/wp-json\/wp\/v2\/product\/4883","targetHints":{"allow":["GET"]}}],"collection":[{"href":"https:\/\/agrozone.ee\/fi\/wp-json\/wp\/v2\/product"}],"about":[{"href":"https:\/\/agrozone.ee\/fi\/wp-json\/wp\/v2\/types\/product"}],"wp:featuredmedia":[{"embeddable":true,"href":"https:\/\/agrozone.ee\/fi\/wp-json\/wp\/v2\/media\/4955"}],"wp:attachment":[{"href":"https:\/\/agrozone.ee\/fi\/wp-json\/wp\/v2\/media?parent=4883"}],"wp:term":[{"taxonomy":"product_brand","embeddable":true,"href":"https:\/\/agrozone.ee\/fi\/wp-json\/wp\/v2\/product_brand?post=4883"},{"taxonomy":"product_cat","embeddable":true,"href":"https:\/\/agrozone.ee\/fi\/wp-json\/wp\/v2\/product_cat?post=4883"},{"taxonomy":"product_tag","embeddable":true,"href":"https:\/\/agrozone.ee\/fi\/wp-json\/wp\/v2\/product_tag?post=4883"}],"curies":[{"name":"wp","href":"https:\/\/api.w.org\/{rel}","templated":true}]}}