{"id":4893,"date":"2024-06-09T16:09:37","date_gmt":"2024-06-09T13:09:37","guid":{"rendered":"https:\/\/agrozone.ee\/?post_type=product&#038;p=4893"},"modified":"2026-04-16T14:41:24","modified_gmt":"2026-04-16T12:41:24","slug":"merikann","status":"publish","type":"product","link":"https:\/\/agrozone.ee\/fi\/tuote\/merikann\/","title":{"rendered":"MERIKANN"},"content":{"rendered":"<p>MERIKANN<\/p>\n<ul>\n<li>Mitmeaastane \u00f5itsva taime liik, mis toob \u00f5ied esimesel aastal p\u00e4rast k\u00fclvi.<\/li>\n<li>\u00dcks populaarsemaid vaibat\u00fc\u00fcpi \u00f5istaimi, mida kasvatatakse k\u00e4\u00e4buslilleaedades, kiviaedades.<\/li>\n<li>Taim ei n\u00f5ua erilisi mullatingimusi, v\u00f5ib kasvada kehvades muldades.<\/li>\n<li>\u00d5ied on heledad, moodustades suurep\u00e4rase kontrasti rohelusega.<\/li>\n<li>Need taimed sobivad kasvatamiseks kitsastes lillerivides, mis raamivad muru, lilleaedu.<\/li>\n<li>Taimi kasvatatakse r\u00fchmades v\u00f5i koos teiste lilletaimedega, mis armastavad p\u00e4ikeselisi lilleaedu.<\/li>\n<li>Istikud istutatakse lilleaedadesse.<\/li>\n<li>Taimed v\u00f5ivad talvituda katmata.<\/li>\n<\/ul>\n<p>Hermeetiline pakend Jah<br \/>\nKogus pakendis 0,3g<br \/>\nSeemnete arv grammi kohta 500-600<br \/>\nK\u00fclviaeg mulda V-VII, X, 1 cm<br \/>\nKaugus, cm VI-IX, 15-20 cm<br \/>\nIstutuskaugus 15 x 20 cm<br \/>\n\u00d5itsemisperiood VI-VIII, 15-20 cm<br \/>\nTaimede k\u00f5rgus 15-20<br \/>\n\u00d5itsemise aeg, k\u00f5rgus VI-VIII, 15-20 cm<br \/>\nKasvukoht P\u00f5ld<br \/>\nMark \u017dalia stotel\u0117<br \/>\nP\u00e4ikeseline koht Jah<br \/>\nPoolvarju Jah<br \/>\nMitmeaastane Jah<br \/>\nV\u00e4rv Rausva<br \/>\nTaimestik Mitmeaastane<br \/>\nSobib kasvatamiseks Kiviaedades, Lilleaedades<br \/>\nKliima P\u00e4ikeseline, Osaliselt varjuline<\/p>\n","protected":false},"excerpt":{"rendered":"<p><strong>Armeria maritima (Miller) Willd.<\/strong><\/p>\n<ul>\n<li>Mitmeaastane \u00f5itsva taime liik, mis toob \u00f5ied esimesel aastal p\u00e4rast k\u00fclvi.<\/li>\n<li>\u00dcks populaarsemaid vaibat\u00fc\u00fcpi \u00f5istaimi, mida kasvatatakse k\u00e4\u00e4buslilleaedades, kiviaedades.<\/li>\n<li>Taim ei n\u00f5ua erilisi mullatingimusi, v\u00f5ib kasvada kehvades muldades.<\/li>\n<li>\u00d5ied on heledad, moodustades suurep\u00e4rase kontrasti rohelusega.<\/li>\n<\/ul>\n","protected":false},"featured_media":4957,"template":"","meta":{"_acf_changed":false,"_seopress_robots_primary_cat":"none","_seopress_titles_title":"","_seopress_titles_desc":"MERIKANN - Mitmeaastane \u00f5itsva taime liik, mis toob \u00f5ied esimesel aastal p\u00e4rast k\u00fclvi. \u00d5ied on heledad, moodustades suurep\u00e4rase kontrasti rohelusega.","_seopress_robots_index":"","_gspb_post_css":""},"product_brand":[],"product_cat":[15,100,1206,87],"product_tag":[],"class_list":{"0":"post-4893","1":"product","2":"type-product","3":"status-publish","4":"has-post-thumbnail","6":"product_cat-koik-kategooriad","7":"product_cat-lilleseemned","8":"product_cat-mitmeaastased","9":"product_cat-seemned","11":"first","12":"instock","13":"taxable","14":"shipping-taxable","15":"purchasable","16":"product-type-simple"},"ct_brands":[],"acf":[],"_links":{"self":[{"href":"https:\/\/agrozone.ee\/fi\/wp-json\/wp\/v2\/product\/4893","targetHints":{"allow":["GET"]}}],"collection":[{"href":"https:\/\/agrozone.ee\/fi\/wp-json\/wp\/v2\/product"}],"about":[{"href":"https:\/\/agrozone.ee\/fi\/wp-json\/wp\/v2\/types\/product"}],"wp:featuredmedia":[{"embeddable":true,"href":"https:\/\/agrozone.ee\/fi\/wp-json\/wp\/v2\/media\/4957"}],"wp:attachment":[{"href":"https:\/\/agrozone.ee\/fi\/wp-json\/wp\/v2\/media?parent=4893"}],"wp:term":[{"taxonomy":"product_brand","embeddable":true,"href":"https:\/\/agrozone.ee\/fi\/wp-json\/wp\/v2\/product_brand?post=4893"},{"taxonomy":"product_cat","embeddable":true,"href":"https:\/\/agrozone.ee\/fi\/wp-json\/wp\/v2\/product_cat?post=4893"},{"taxonomy":"product_tag","embeddable":true,"href":"https:\/\/agrozone.ee\/fi\/wp-json\/wp\/v2\/product_tag?post=4893"}],"curies":[{"name":"wp","href":"https:\/\/api.w.org\/{rel}","templated":true}]}}