{"id":4895,"date":"2024-06-09T16:09:38","date_gmt":"2024-06-09T13:09:38","guid":{"rendered":"https:\/\/agrozone.ee\/?post_type=product&#038;p=4895"},"modified":"2025-10-02T15:20:34","modified_gmt":"2025-10-02T13:20:34","slug":"kuningakepp-2","status":"publish","type":"product","link":"https:\/\/agrozone.ee\/fi\/tuote\/kuningakepp-2\/","title":{"rendered":"KUNINGAKEPP"},"content":{"rendered":"<p>KUNINGAKEPP<\/p>\n<ul>\n<li>Kaheaastased lilled varjulistesse lilleaedadesse.<\/li>\n<li>Taimed on p\u00f5\u00f5sakujulised, \u00f5ied on 4-6 cm l\u00e4bim\u00f5\u00f5duga, heleroosad.<\/li>\n<li>\u00d5itseb rikkalikult varakevadel, teisel aastal p\u00e4rast k\u00fclvi.<\/li>\n<li>T\u00e4iuslikult t\u00e4iendab teisi lilli.<\/li>\n<li>N\u00e4eb ilusasti v\u00e4lja lilleaedades, kiviaedades.<\/li>\n<li>Kasvab k\u00f5ige paremini viljakas, vett ja \u00f5hku l\u00e4bilaskvas mullas.<\/li>\n<li>K\u00fclmakindel, talvitub katmata.<\/li>\n<\/ul>\n<p>Hermeetiline pakend Jah<br \/>\nKogus pakendis 0,2 g<br \/>\nIstutuskaugus 20 x 20 cm<br \/>\n\u00d5itsemise aeg, k\u00f5rgus VI-VIII, 35 cm<br \/>\nKaubam\u00e4rk \u017dalia stotel\u0117<br \/>\n\u00dcmberistutamine V-VI<br \/>\nP\u00e4ikeseline koht Jah<br \/>\nPoolvarju Jah<br \/>\nKaheaastane Jah<br \/>\nV\u00e4rv Rausva<br \/>\nTaimestik Mitmeaastane<br \/>\nSobib kasvatamiseks Lilleaedades<br \/>\nKliima Osaline vari, P\u00e4ikeseline<\/p>\n","protected":false},"excerpt":{"rendered":"<p><strong>Oenothera speciosa<\/strong><\/p>\n<ul>\n<li>Kaheaastased lilled varjulistesse lilleaedadesse.<\/li>\n<li>Taimed on p\u00f5\u00f5sakujulised, \u00f5ied on 4-6 cm l\u00e4bim\u00f5\u00f5duga, heleroosad.<\/li>\n<li>\u00d5itseb rikkalikult varakevadel, teisel aastal p\u00e4rast k\u00fclvi.<\/li>\n<li>T\u00e4iuslikult t\u00e4iendab teisi lilli.<\/li>\n<\/ul>\n","protected":false},"featured_media":4959,"template":"","meta":{"_acf_changed":false,"_seopress_robots_primary_cat":"none","_seopress_titles_title":"","_seopress_titles_desc":"KUNINGAKEPP - Kaheaastased lilled varjulistesse lilleaedadesse. Taimed on p\u00f5\u00f5sakujulised, \u00f5ied on 4-6 cm l\u00e4bim\u00f5\u00f5duga, heleroosad.","_seopress_robots_index":"","_seopress_analysis_target_kw":"KUNINGAKEPP","_gspb_post_css":""},"product_brand":[],"product_cat":[15,100,1206,87],"product_tag":[],"class_list":{"0":"post-4895","1":"product","2":"type-product","3":"status-publish","4":"has-post-thumbnail","6":"product_cat-koik-kategooriad","7":"product_cat-lilleseemned","8":"product_cat-mitmeaastased","9":"product_cat-seemned","11":"first","12":"instock","13":"taxable","14":"shipping-taxable","15":"purchasable","16":"product-type-simple"},"ct_brands":[],"acf":[],"_links":{"self":[{"href":"https:\/\/agrozone.ee\/fi\/wp-json\/wp\/v2\/product\/4895","targetHints":{"allow":["GET"]}}],"collection":[{"href":"https:\/\/agrozone.ee\/fi\/wp-json\/wp\/v2\/product"}],"about":[{"href":"https:\/\/agrozone.ee\/fi\/wp-json\/wp\/v2\/types\/product"}],"wp:featuredmedia":[{"embeddable":true,"href":"https:\/\/agrozone.ee\/fi\/wp-json\/wp\/v2\/media\/4959"}],"wp:attachment":[{"href":"https:\/\/agrozone.ee\/fi\/wp-json\/wp\/v2\/media?parent=4895"}],"wp:term":[{"taxonomy":"product_brand","embeddable":true,"href":"https:\/\/agrozone.ee\/fi\/wp-json\/wp\/v2\/product_brand?post=4895"},{"taxonomy":"product_cat","embeddable":true,"href":"https:\/\/agrozone.ee\/fi\/wp-json\/wp\/v2\/product_cat?post=4895"},{"taxonomy":"product_tag","embeddable":true,"href":"https:\/\/agrozone.ee\/fi\/wp-json\/wp\/v2\/product_tag?post=4895"}],"curies":[{"name":"wp","href":"https:\/\/api.w.org\/{rel}","templated":true}]}}