{"id":4908,"date":"2024-06-09T16:10:00","date_gmt":"2024-06-09T13:10:00","guid":{"rendered":"https:\/\/agrozone.ee\/?post_type=product&#038;p=4908"},"modified":"2026-01-17T00:33:08","modified_gmt":"2026-01-16T22:33:08","slug":"lille-seemnesegu-last-minute","status":"publish","type":"product","link":"https:\/\/agrozone.ee\/fi\/tuote\/lille-seemnesegu-last-minute\/","title":{"rendered":"LILLE SEEMNESEGU LAST MINUTE"},"content":{"rendered":"<p>LILLE SEEMNESEGU LAST MINUTE<\/p>\n<ul>\n<li>Segu sisaldab 22 lillesordi seemneid.<\/li>\n<li>See h\u00f5lpsasti kasvatatav v\u00e4rviline segu r\u00f5\u00f5mustab algavaid aednikke.<\/li>\n<li>Lilled t\u00e4iendavad \u00fcksteist suurep\u00e4raselt ja sobivad kasvatamiseks suvistes lilleaedades, pottides.<\/li>\n<li>\u00d5isi v\u00f5ib l\u00f5igata kimpude jaoks v\u00f5i kuivatada ja kasutada floristilistes kompositsioonides.<\/li>\n<li>Lilled tuleks istutada vett ja \u00f5hku l\u00e4bilaskvasse mulda.<\/li>\n<li>Varajase \u00f5itsemise tagamiseks tuleks lilleaedadesse istutada seemikud.<\/li>\n<\/ul>\n<p>Kogus pakendis 1 g<br \/>\nSeemnete arv grammi kohta Umbes 800<br \/>\n\u00d5itsemise aeg, k\u00f5rgus VI-IX, 60 cm<br \/>\nKaubam\u00e4rk \u017dalia stotel\u0117<br \/>\nP\u00e4ikeseline koht Jah<br \/>\nV\u00e4rvus V\u00e4rvide segu<br \/>\nTaimestik \u00dcheaastased taimed<br \/>\nSobib kasvatamiseks Lilleaias<br \/>\nKliima Osaline vari, P\u00e4ikeseline<\/p>\n","protected":false},"excerpt":{"rendered":"<ul>\n<li>Segu sisaldab 22 lillesordi seemneid.<\/li>\n<li>See h\u00f5lpsasti kasvatatav v\u00e4rviline segu r\u00f5\u00f5mustab algavaid aednikke.<\/li>\n<li>Lilled t\u00e4iendavad \u00fcksteist suurep\u00e4raselt ja sobivad kasvatamiseks suvistes lilleaedades, pottides.<\/li>\n<li>\u00d5isi v\u00f5ib l\u00f5igata kimpude jaoks v\u00f5i kuivatada ja kasutada floristilistes kompositsioonides.<\/li>\n<li>Lilled tuleks istutada vett ja \u00f5hku l\u00e4bilaskvasse mulda.<\/li>\n<li>Varajase \u00f5itsemise tagamiseks tuleks lilleaedadesse istutada seemikud.<\/li>\n<\/ul>\n","protected":false},"featured_media":4960,"template":"","meta":{"_acf_changed":false,"_seopress_robots_primary_cat":"","_seopress_titles_title":"","_seopress_titles_desc":"LILLE SEEMNESEGU LAST MINUTE - Segu sisaldab 22 lillesordi seemneid. See h\u00f5lpsasti kasvatatav v\u00e4rviline segu r\u00f5\u00f5mustab algavaid aednikke.","_seopress_robots_index":"","_gspb_post_css":""},"product_brand":[],"product_cat":[15,101,100,87],"product_tag":[],"class_list":{"0":"post-4908","1":"product","2":"type-product","3":"status-publish","4":"has-post-thumbnail","6":"product_cat-koik-kategooriad","7":"product_cat-lille-seemnesegud","8":"product_cat-lilleseemned","9":"product_cat-seemned","11":"first","12":"instock","13":"taxable","14":"shipping-taxable","15":"purchasable","16":"product-type-simple"},"ct_brands":[],"acf":[],"_links":{"self":[{"href":"https:\/\/agrozone.ee\/fi\/wp-json\/wp\/v2\/product\/4908","targetHints":{"allow":["GET"]}}],"collection":[{"href":"https:\/\/agrozone.ee\/fi\/wp-json\/wp\/v2\/product"}],"about":[{"href":"https:\/\/agrozone.ee\/fi\/wp-json\/wp\/v2\/types\/product"}],"wp:featuredmedia":[{"embeddable":true,"href":"https:\/\/agrozone.ee\/fi\/wp-json\/wp\/v2\/media\/4960"}],"wp:attachment":[{"href":"https:\/\/agrozone.ee\/fi\/wp-json\/wp\/v2\/media?parent=4908"}],"wp:term":[{"taxonomy":"product_brand","embeddable":true,"href":"https:\/\/agrozone.ee\/fi\/wp-json\/wp\/v2\/product_brand?post=4908"},{"taxonomy":"product_cat","embeddable":true,"href":"https:\/\/agrozone.ee\/fi\/wp-json\/wp\/v2\/product_cat?post=4908"},{"taxonomy":"product_tag","embeddable":true,"href":"https:\/\/agrozone.ee\/fi\/wp-json\/wp\/v2\/product_tag?post=4908"}],"curies":[{"name":"wp","href":"https:\/\/api.w.org\/{rel}","templated":true}]}}