{"id":4910,"date":"2024-06-09T16:10:00","date_gmt":"2024-06-09T13:10:00","guid":{"rendered":"https:\/\/agrozone.ee\/?post_type=product&#038;p=4910"},"modified":"2026-03-09T20:54:34","modified_gmt":"2026-03-09T18:54:34","slug":"redis-riesen-von-aspern-viola-sniezka-seemnelint","status":"publish","type":"product","link":"https:\/\/agrozone.ee\/fi\/tuote\/redis-riesen-von-aspern-viola-sniezka-seemnelint\/","title":{"rendered":"REDIS RIESEN VON ASPERN &#038; VIOLA &#038; SNIE\u017dKA (SEEMNELINT)"},"content":{"rendered":"<p>REDIS RIESEN VON ASPERN &amp; VIOLA &amp; SNIE\u017dKA (SEEMNELINT)<\/p>\n<ul>\n<li>Eriti viljakas ja maitsev redisesortide segu.<\/li>\n<li>Korjatakse 18-20 p\u00e4eva p\u00e4rast k\u00fclvi.<\/li>\n<li>V\u00f5ib kasvatada avamaal ja kasvuhoones.<\/li>\n<li>Kasvab k\u00f5ige paremini viljakal liivasel saviliival.<\/li>\n<li>K\u00f5ige soodsam kasvutemperatuur on 15-18 \u00b0C, niiskus peab olema piisav.<\/li>\n<li>Seemnelindi eelised: rikkalikum, kvaliteetsem saak.<\/li>\n<li>Piisava niiskuse korral idanevad seemned kiiresti ja \u00fchtlaselt.<\/li>\n<li>Kultuur on korrap\u00e4rane, ridade vahelised vahed on v\u00f5rdsed, mist\u00f5ttu on umbrohut\u00f5rje ja p\u00f5llukultuuri katmine aiakilega lihtsam ja mugavam.<\/li>\n<li>Enne lintide paigaldamist kastke muld.<\/li>\n<li>Seej\u00e4rel katke lint mullaga ja kastke ohtralt.<\/li>\n<li>4 m pikkusest lindist saab umbes 180 kvaliteetset taime, rikkalik 2-4 kg saak.<\/li>\n<\/ul>\n<p>Segu kogus pakendi kohta, kokku (4 meetrit):<\/p>\n<ul>\n<li>RIESEN VON ASPERN &#8211; 1,33 m<\/li>\n<li>VIOLA &#8211; 1,33 m<\/li>\n<li>SNIE\u017dKA &#8211; 1,33 m<\/li>\n<\/ul>\n<p>K\u00fclviaeg, s\u00fcgavus 2 cm<br \/>\nK\u00fclvi s\u00fcgavus, cm 2 cm<br \/>\nKaugused, cm 3&#215;10 cm<br \/>\nIstutuskaugused 3 x 10 cm<br \/>\nSaak IV-X<br \/>\nMark Lucia Elite<\/p>\n","protected":false},"excerpt":{"rendered":"<p><strong>Raphanus sativus L.<\/strong><\/p>\n<ul>\n<li>Eriti viljakas ja maitsev redisesortide segu.<\/li>\n<li>Korjatakse 18-20 p\u00e4eva p\u00e4rast k\u00fclvi.<\/li>\n<li>V\u00f5ib kasvatada avamaal ja kasvuhoones.<\/li>\n<li>Kasvab k\u00f5ige paremini viljakal liivasel saviliival.<\/li>\n<li>K\u00f5ige soodsam kasvutemperatuur on 15-18 \u00b0C, niiskus peab olema piisav.<\/li>\n<li>Seemnelindi eelised: rikkalikum, kvaliteetsem saak.<\/li>\n<\/ul>\n","protected":false},"featured_media":4963,"template":"","meta":{"_acf_changed":false,"_seopress_robots_primary_cat":"none","_seopress_titles_title":"","_seopress_titles_desc":"REDIS RIESEN VON ASPERN &amp; VIOLA &amp; SNIE\u017dKA (SEEMNELINT) - Eriti viljakas ja maitsev redisesortide segu. Korjatakse 18-20 p\u00e4eva p\u00e4rast k\u00fclvi.","_seopress_robots_index":"","_gspb_post_css":""},"product_brand":[],"product_cat":[15,88,393,87],"product_tag":[2528],"class_list":{"0":"post-4910","1":"product","2":"type-product","3":"status-publish","4":"has-post-thumbnail","6":"product_cat-koik-kategooriad","7":"product_cat-koogiviljaseemned","8":"product_cat-redis","9":"product_cat-seemned","10":"product_tag-seemnelint","12":"first","13":"instock","14":"taxable","15":"shipping-taxable","16":"purchasable","17":"product-type-simple"},"ct_brands":[],"acf":[],"_links":{"self":[{"href":"https:\/\/agrozone.ee\/fi\/wp-json\/wp\/v2\/product\/4910","targetHints":{"allow":["GET"]}}],"collection":[{"href":"https:\/\/agrozone.ee\/fi\/wp-json\/wp\/v2\/product"}],"about":[{"href":"https:\/\/agrozone.ee\/fi\/wp-json\/wp\/v2\/types\/product"}],"wp:featuredmedia":[{"embeddable":true,"href":"https:\/\/agrozone.ee\/fi\/wp-json\/wp\/v2\/media\/4963"}],"wp:attachment":[{"href":"https:\/\/agrozone.ee\/fi\/wp-json\/wp\/v2\/media?parent=4910"}],"wp:term":[{"taxonomy":"product_brand","embeddable":true,"href":"https:\/\/agrozone.ee\/fi\/wp-json\/wp\/v2\/product_brand?post=4910"},{"taxonomy":"product_cat","embeddable":true,"href":"https:\/\/agrozone.ee\/fi\/wp-json\/wp\/v2\/product_cat?post=4910"},{"taxonomy":"product_tag","embeddable":true,"href":"https:\/\/agrozone.ee\/fi\/wp-json\/wp\/v2\/product_tag?post=4910"}],"curies":[{"name":"wp","href":"https:\/\/api.w.org\/{rel}","templated":true}]}}