{"id":4911,"date":"2024-06-09T16:10:00","date_gmt":"2024-06-09T13:10:00","guid":{"rendered":"https:\/\/agrozone.ee\/?post_type=product&#038;p=4911"},"modified":"2025-11-18T10:51:28","modified_gmt":"2025-11-18T08:51:28","slug":"habelik-mimoos","status":"publish","type":"product","link":"https:\/\/agrozone.ee\/fi\/tuote\/habelik-mimoos\/","title":{"rendered":"H\u00c4BELIK MIMOOS"},"content":{"rendered":"<p>H\u00c4BELIK MIMOOS<\/p>\n<ul>\n<li>Mitmeaastane, enamasti \u00fcheaastasena kasvatatav, 30 cm k\u00f5rgused lilled koos dekoratiivsete lehtedega.<\/li>\n<li>Mimosa lehed voldivad sissepoole ja langevad maha v\u00e4himastki vibratsioonist v\u00f5i helist.<\/li>\n<li>Kasvatatakse talveaedades, tubades, potitaimedena.<\/li>\n<li>Armastavad soojust ja niiskust.<\/li>\n<li>Kui kasvatatakse \u00f5ues, valige otsese p\u00e4ikesekiirguse eest kaitstud koht.<\/li>\n<li>Kui kasvatatakse siseruumides, siis parim koht &#8211; ida- ja l\u00e4\u00e4nepoolne aknalaud, mimoos ei armasta v\u00e4ga eredat p\u00e4ikesepaistet.<\/li>\n<\/ul>\n<p>Kogus pakendis 0,3 g<br \/>\nSeemnete arv grammi kohta ~ 160-180<br \/>\n\u00d5itsemisperiood II-IV<br \/>\nTaime k\u00f5rgus, cm 35 cm<br \/>\n\u00d5itsemise aeg, k\u00f5rgus I-XII, 30 cm<br \/>\nKasvukoht R\u00f5du<br \/>\nMark \u017dalia stotel\u0117<br \/>\nK\u00f5rgus 30 cm<br \/>\nP\u00e4ikeseline koht Jah<br \/>\nMitmeaastane Jah<br \/>\nV\u00e4rv Rausva<br \/>\nTaimestik Mitmeaastane<br \/>\nSobib kasvatamiseks Ruumides, Lilleaias<br \/>\nKliima Osaliselt varjuline<\/p>\n","protected":false},"excerpt":{"rendered":"<p><strong>Mimosa pudica L.<\/strong><\/p>\n<ul>\n<li>Mitmeaastane, enamasti \u00fcheaastasena kasvatatav, 30 cm k\u00f5rgused lilled koos dekoratiivsete lehtedega.<\/li>\n<li>Mimosa lehed voldivad sissepoole ja langevad maha v\u00e4himastki vibratsioonist v\u00f5i helist.<\/li>\n<li>Kasvatatakse talveaedades, tubades, potitaimedena.<\/li>\n<li>Armastavad soojust ja niiskust.<\/li>\n<\/ul>\n","protected":false},"featured_media":4964,"template":"","meta":{"_acf_changed":false,"_seopress_robots_primary_cat":"none","_seopress_titles_title":"","_seopress_titles_desc":"H\u00c4BELIK MIMOOS - Mitmeaastane, enamasti \u00fcheaastasena kasvatatav, 30 cm k\u00f5rgused lilled koos dekoratiivsete lehtedega. Armastavad soojust ja niiskust.","_seopress_robots_index":"","_gspb_post_css":""},"product_brand":[],"product_cat":[15,100,1206,87],"product_tag":[],"class_list":{"0":"post-4911","1":"product","2":"type-product","3":"status-publish","4":"has-post-thumbnail","6":"product_cat-koik-kategooriad","7":"product_cat-lilleseemned","8":"product_cat-mitmeaastased","9":"product_cat-seemned","11":"first","12":"instock","13":"taxable","14":"shipping-taxable","15":"purchasable","16":"product-type-simple"},"ct_brands":[],"acf":[],"_links":{"self":[{"href":"https:\/\/agrozone.ee\/fi\/wp-json\/wp\/v2\/product\/4911","targetHints":{"allow":["GET"]}}],"collection":[{"href":"https:\/\/agrozone.ee\/fi\/wp-json\/wp\/v2\/product"}],"about":[{"href":"https:\/\/agrozone.ee\/fi\/wp-json\/wp\/v2\/types\/product"}],"wp:featuredmedia":[{"embeddable":true,"href":"https:\/\/agrozone.ee\/fi\/wp-json\/wp\/v2\/media\/4964"}],"wp:attachment":[{"href":"https:\/\/agrozone.ee\/fi\/wp-json\/wp\/v2\/media?parent=4911"}],"wp:term":[{"taxonomy":"product_brand","embeddable":true,"href":"https:\/\/agrozone.ee\/fi\/wp-json\/wp\/v2\/product_brand?post=4911"},{"taxonomy":"product_cat","embeddable":true,"href":"https:\/\/agrozone.ee\/fi\/wp-json\/wp\/v2\/product_cat?post=4911"},{"taxonomy":"product_tag","embeddable":true,"href":"https:\/\/agrozone.ee\/fi\/wp-json\/wp\/v2\/product_tag?post=4911"}],"curies":[{"name":"wp","href":"https:\/\/api.w.org\/{rel}","templated":true}]}}