{"id":4912,"date":"2024-06-09T16:10:00","date_gmt":"2024-06-09T13:10:00","guid":{"rendered":"https:\/\/agrozone.ee\/?post_type=product&#038;p=4912"},"modified":"2026-02-05T12:20:39","modified_gmt":"2026-02-05T10:20:39","slug":"magi-kilbirohi","status":"publish","type":"product","link":"https:\/\/agrozone.ee\/fi\/tuote\/magi-kilbirohi\/","title":{"rendered":"M\u00c4GI KILBIROHI"},"content":{"rendered":"<p>M\u00c4GI KILBIROHI<\/p>\n<ul>\n<li>Mitmeaastaste lillede vaip.<\/li>\n<li>Lilled on v\u00e4ikesed, \u00f5itsevad rikkalikult alates maist.<\/li>\n<li>Kasvavad kuni 20 cm k\u00f5rguseks, varred kulgevad m\u00f6\u00f6da maad, moodustades kobaraid.<\/li>\n<li>Kasvab k\u00f5ige paremini p\u00e4ikesepaistelisel kasvukohal, kehvale liivsele savile, talub p\u00f5uda.<\/li>\n<li>Sobib h\u00e4sti piiridesse, lilleaedadesse, kiviaedadesse, lilleaedadesse, m\u00e4en\u00f5lvadele, kivim\u00fc\u00fcridele.<\/li>\n<li>V\u00f5ib kasvada 3 aastat samas kohas.<\/li>\n<li>Ei vaja talvel katmist.<\/li>\n<\/ul>\n<p>Hermeetiline pakend Jah<br \/>\nKogus pakendis 0,5 g<br \/>\nIstutuskaugus 30&#215;60 cm<br \/>\n\u00d5itsemise aeg, k\u00f5rgus V-VI, 20 cm<br \/>\nKaubam\u00e4rk \u017dalia stotel\u0117<br \/>\nP\u00e4ikeseline koht Jah<br \/>\nMitmeaastane Jah<br \/>\nV\u00e4rv Kollane<br \/>\nTaimestik Mitmeaastane<br \/>\nSobib kasvatamiseks Kiviaedades, Lilleaedades<br \/>\nKliima P\u00e4ikeseline<\/p>\n","protected":false},"excerpt":{"rendered":"<p><strong>Alyssum montanum L.<\/strong><\/p>\n<ul>\n<li>Mitmeaastaste lillede vaip.<\/li>\n<li>Lilled on v\u00e4ikesed, \u00f5itsevad rikkalikult alates maist.<\/li>\n<li>Kasvavad kuni 20 cm k\u00f5rguseks, varred kulgevad m\u00f6\u00f6da maad, moodustades kobaraid.<\/li>\n<li>Kasvab k\u00f5ige paremini p\u00e4ikesepaistelisel kasvukohal, kehvale liivsele savile, talub p\u00f5uda.<\/li>\n<li><\/li>\n<\/ul>\n","protected":false},"featured_media":4966,"template":"","meta":{"_acf_changed":false,"_seopress_robots_primary_cat":"none","_seopress_titles_title":"","_seopress_titles_desc":"M\u00c4GI KILBIROHI - Lilled on v\u00e4ikesed, \u00f5itsevad rikkalikult alates maist. Kasvavad kuni 20 cm k\u00f5rguseks, varred kulgevad m\u00f6\u00f6da maad, moodustades kobaraid.","_seopress_robots_index":"","_gspb_post_css":""},"product_brand":[],"product_cat":[15,100,1206,87],"product_tag":[],"class_list":{"0":"post-4912","1":"product","2":"type-product","3":"status-publish","4":"has-post-thumbnail","6":"product_cat-koik-kategooriad","7":"product_cat-lilleseemned","8":"product_cat-mitmeaastased","9":"product_cat-seemned","11":"first","12":"instock","13":"taxable","14":"shipping-taxable","15":"purchasable","16":"product-type-simple"},"ct_brands":[],"acf":[],"_links":{"self":[{"href":"https:\/\/agrozone.ee\/fi\/wp-json\/wp\/v2\/product\/4912","targetHints":{"allow":["GET"]}}],"collection":[{"href":"https:\/\/agrozone.ee\/fi\/wp-json\/wp\/v2\/product"}],"about":[{"href":"https:\/\/agrozone.ee\/fi\/wp-json\/wp\/v2\/types\/product"}],"wp:featuredmedia":[{"embeddable":true,"href":"https:\/\/agrozone.ee\/fi\/wp-json\/wp\/v2\/media\/4966"}],"wp:attachment":[{"href":"https:\/\/agrozone.ee\/fi\/wp-json\/wp\/v2\/media?parent=4912"}],"wp:term":[{"taxonomy":"product_brand","embeddable":true,"href":"https:\/\/agrozone.ee\/fi\/wp-json\/wp\/v2\/product_brand?post=4912"},{"taxonomy":"product_cat","embeddable":true,"href":"https:\/\/agrozone.ee\/fi\/wp-json\/wp\/v2\/product_cat?post=4912"},{"taxonomy":"product_tag","embeddable":true,"href":"https:\/\/agrozone.ee\/fi\/wp-json\/wp\/v2\/product_tag?post=4912"}],"curies":[{"name":"wp","href":"https:\/\/api.w.org\/{rel}","templated":true}]}}