{"id":4914,"date":"2024-06-09T16:10:01","date_gmt":"2024-06-09T13:10:01","guid":{"rendered":"https:\/\/agrozone.ee\/?post_type=product&#038;p=4914"},"modified":"2026-03-22T22:11:42","modified_gmt":"2026-03-22T20:11:42","slug":"nurmnelk-flashing-light","status":"publish","type":"product","link":"https:\/\/agrozone.ee\/fi\/tuote\/nurmnelk-flashing-light\/","title":{"rendered":"NURMNELK FLASHING LIGHT"},"content":{"rendered":"<p>NURMNELK FLASHING LIGHT<\/p>\n<ul>\n<li>Mitmeaastane, kergesti kasvatatav, 15 cm k\u00f5rgune vaibakujuline lill.<\/li>\n<li>V\u00f5ib kasvada mitu aastat samas kohas.<\/li>\n<li>Kasvatatakse r\u00fchmades koos teiste v\u00e4ikeste lilledega, kiviaedades, kalmistutel, lillepeenarde servades.<\/li>\n<li>\u00d5ied on meeldiva l\u00f5hnaga, kui k\u00fclvata kevadel, \u00f5itsevad sama aasta s\u00fcgisel, \u00f5itsevad rikkalikult pikema aja jooksul.<\/li>\n<li>Kasvavad h\u00e4sti p\u00e4ikesepaistelises kohas, vett ja \u00f5hku l\u00e4bilaskva pinnasega.<\/li>\n<li>Ei vaja talvel katmist.<\/li>\n<\/ul>\n<p>Kogus pakendis 0,3 g<br \/>\nSeemnete arv grammi kohta ~ 5000<br \/>\n\u00d5itsemisperiood V-VI<br \/>\nTaime k\u00f5rgus, cm 15 cm<br \/>\n\u00d5itsemise aeg, k\u00f5rgus VII-IX, 15 cm<br \/>\nKaubam\u00e4rk \u017dalia stotel\u0117<br \/>\n\u00dcmberistutamine VI<br \/>\nP\u00e4ikeseline koht Jah<br \/>\nPoolvarju Jah<br \/>\nMitmeaastane Jah<br \/>\nV\u00e4rv Rausva<br \/>\nTaimestik Mitmeaastane<br \/>\nSobib kasvatamiseks Kiviaedades, Lilleaedades<br \/>\nKliima P\u00e4ikeseline, Osaliselt varjuline<\/p>\n","protected":false},"excerpt":{"rendered":"<p><strong>Dianthus deltoides L.<\/strong><\/p>\n<ul>\n<li>Mitmeaastane, kergesti kasvatatav, 15 cm k\u00f5rgune vaibakujuline lill.<\/li>\n<li>V\u00f5ib kasvada mitu aastat samas kohas.<\/li>\n<li>Kasvatatakse r\u00fchmades koos teiste v\u00e4ikeste lilledega, kiviaedades, kalmistutel, lillepeenarde servades.<\/li>\n<li>\u00d5ied on meeldiva l\u00f5hnaga, kui k\u00fclvata kevadel, \u00f5itsevad sama aasta s\u00fcgisel, \u00f5itsevad rikkalikult pikema aja jooksul.<\/li>\n<\/ul>\n","protected":false},"featured_media":4980,"template":"","meta":{"_acf_changed":false,"_seopress_robots_primary_cat":"none","_seopress_titles_title":"","_seopress_titles_desc":"NURMNELK FLASHING LIGHT - Mitmeaastane, kergesti kasvatatav, 15 cm k\u00f5rgune vaibakujuline lill. V\u00f5ib kasvada mitu aastat samas kohas.","_seopress_robots_index":"","_gspb_post_css":""},"product_brand":[],"product_cat":[15,100,1206,87],"product_tag":[],"class_list":{"0":"post-4914","1":"product","2":"type-product","3":"status-publish","4":"has-post-thumbnail","6":"product_cat-koik-kategooriad","7":"product_cat-lilleseemned","8":"product_cat-mitmeaastased","9":"product_cat-seemned","11":"first","12":"instock","13":"taxable","14":"shipping-taxable","15":"purchasable","16":"product-type-simple"},"ct_brands":[],"acf":[],"_links":{"self":[{"href":"https:\/\/agrozone.ee\/fi\/wp-json\/wp\/v2\/product\/4914","targetHints":{"allow":["GET"]}}],"collection":[{"href":"https:\/\/agrozone.ee\/fi\/wp-json\/wp\/v2\/product"}],"about":[{"href":"https:\/\/agrozone.ee\/fi\/wp-json\/wp\/v2\/types\/product"}],"wp:featuredmedia":[{"embeddable":true,"href":"https:\/\/agrozone.ee\/fi\/wp-json\/wp\/v2\/media\/4980"}],"wp:attachment":[{"href":"https:\/\/agrozone.ee\/fi\/wp-json\/wp\/v2\/media?parent=4914"}],"wp:term":[{"taxonomy":"product_brand","embeddable":true,"href":"https:\/\/agrozone.ee\/fi\/wp-json\/wp\/v2\/product_brand?post=4914"},{"taxonomy":"product_cat","embeddable":true,"href":"https:\/\/agrozone.ee\/fi\/wp-json\/wp\/v2\/product_cat?post=4914"},{"taxonomy":"product_tag","embeddable":true,"href":"https:\/\/agrozone.ee\/fi\/wp-json\/wp\/v2\/product_tag?post=4914"}],"curies":[{"name":"wp","href":"https:\/\/api.w.org\/{rel}","templated":true}]}}