{"id":49196,"date":"2024-06-09T16:03:22","date_gmt":"2024-06-09T13:03:22","guid":{"rendered":"https:\/\/agrozone.ee\/toode\/perliitti-2-l\/"},"modified":"2025-12-29T09:22:06","modified_gmt":"2025-12-29T07:22:06","slug":"perliitti-2-l","status":"publish","type":"product","link":"https:\/\/agrozone.ee\/fi\/tuote\/perliitti-2-l\/","title":{"rendered":"Perliitti 2 l"},"content":{"rendered":"<p>Tarvitsevatko huonekasvisi ilmavampaa multaa? 2 litran perliittipakkaus on k\u00e4tev\u00e4 ja kompakti valinta kaupunkipuutarhurille. <\/p>\n<p>T\u00e4m\u00e4 luonnonmineraali est\u00e4\u00e4 mullan paakkuuntumista ja varmistaa juurille v\u00e4ltt\u00e4m\u00e4tt\u00f6m\u00e4n hapensaannin. Ihanteellinen lis\u00e4 kylv\u00f6multaan tai mehikasvisekoituksiin. <\/p>\n<h3>K\u00e4ytt\u00f6ohjeet<\/h3>\n<p>Suositellaan sekoitettavaksi kasvien kasvualustaan suhteessa 1:4.<\/p>\n<p data-path-to-node=\"23\"><b data-path-to-node=\"23\" data-index-in-node=\"100\">Kumpi valita: Perliitti vai vermikuliitti?<\/b><\/p>\n<ul data-path-to-node=\"24\">\n<li>\n<p data-path-to-node=\"24,0,0\"><b data-path-to-node=\"24,0,0\" data-index-in-node=\"0\">Perliitti:<\/b> valitse, kun tarvitset enemm\u00e4n ilmaa ja nopeaa vedenl\u00e4p\u00e4isykyky\u00e4 (esim. kaktukset).<\/p>\n<\/li>\n<li>\n<p data-path-to-node=\"24,1,0\"><b data-path-to-node=\"24,1,0\" data-index-in-node=\"0\">Vermikuliitti:<\/b> valitse, kun tarvitset enemm\u00e4n kosteutta ja ravinteiden s\u00e4ilyvyytt\u00e4 (esim. kylv\u00f6t ja trooppiset kasvit).<\/p>\n<\/li>\n<\/ul>\n","protected":false},"excerpt":{"rendered":"<p>Perliitti on vulkaaninen kivilaji, joka soveltuu kylv\u00f6multaan, siemenkylv\u00f6jen peitt\u00e4miseen, pistokkaiden juurruttamiseen sek\u00e4 vihannesten ja kukkasipulien talvis\u00e4ilytykseen ja ruukkuihin salaojitukseksi. Vedenpid\u00e4tyskyky 97,1 %. Parantaa kasvualustan rakennetta ja lis\u00e4\u00e4 vedenpid\u00e4tyskyky\u00e4. Luomalla maaper\u00e4\u00e4n hyv\u00e4n kosteus- ja ilmatasapainon se v\u00e4hent\u00e4\u00e4 ali- ja ylikastelusta johtuvia riskej\u00e4.<br \/>Ruukuissa mullan pinnan peitt\u00e4minen perliitill\u00e4 voi kompensoida talvista valonpuutetta, sill\u00e4 lumi valkoiselta perliitilt\u00e4 heijastuva valo voimistaa sen todellista voimakkuutta. Soveltuu k\u00e4ytett\u00e4v\u00e4ksi my\u00f6s luonnonmukaisessa viljelyss\u00e4.    <\/p>\n","protected":false},"featured_media":45227,"template":"","meta":{"_acf_changed":false,"_seopress_robots_primary_cat":"none","_seopress_titles_title":"Perliitti 2L \u2013 Ihanteellinen maanparannusaine huonekasveille | Agrozone","_seopress_titles_desc":"Perliitti 2 litran pakkauksessa on paras valinta huonekasvien ja taimien kasvualustan parantamiseen. Varmistaa hyv\u00e4n ilmanvaihdon ja pid\u00e4tt\u00e4\u00e4 kosteutta. Tilaa nopeasti Agrozoniesta!  ","_seopress_robots_index":"","_gspb_post_css":""},"product_brand":[2906],"product_cat":[2392,2372,2363],"product_tag":[],"class_list":{"0":"post-49196","1":"product","2":"type-product","3":"status-publish","4":"has-post-thumbnail","6":"product_brand-baltic-agro","7":"product_cat-kaikki-luokat","8":"product_cat-maaperanparannusaineet","9":"product_cat-puutarhatarvikkeet","11":"first","12":"instock","13":"taxable","14":"shipping-taxable","15":"purchasable","16":"product-type-simple"},"ct_brands":[{"id":2906,"name":"Baltic Agro","slug":"baltic-agro"}],"acf":[],"_links":{"self":[{"href":"https:\/\/agrozone.ee\/fi\/wp-json\/wp\/v2\/product\/49196","targetHints":{"allow":["GET"]}}],"collection":[{"href":"https:\/\/agrozone.ee\/fi\/wp-json\/wp\/v2\/product"}],"about":[{"href":"https:\/\/agrozone.ee\/fi\/wp-json\/wp\/v2\/types\/product"}],"wp:featuredmedia":[{"embeddable":true,"href":"https:\/\/agrozone.ee\/fi\/wp-json\/wp\/v2\/media\/45227"}],"wp:attachment":[{"href":"https:\/\/agrozone.ee\/fi\/wp-json\/wp\/v2\/media?parent=49196"}],"wp:term":[{"taxonomy":"product_brand","embeddable":true,"href":"https:\/\/agrozone.ee\/fi\/wp-json\/wp\/v2\/product_brand?post=49196"},{"taxonomy":"product_cat","embeddable":true,"href":"https:\/\/agrozone.ee\/fi\/wp-json\/wp\/v2\/product_cat?post=49196"},{"taxonomy":"product_tag","embeddable":true,"href":"https:\/\/agrozone.ee\/fi\/wp-json\/wp\/v2\/product_tag?post=49196"}],"curies":[{"name":"wp","href":"https:\/\/api.w.org\/{rel}","templated":true}]}}