{"id":49197,"date":"2024-06-09T16:03:22","date_gmt":"2024-06-09T13:03:22","guid":{"rendered":"https:\/\/agrozone.ee\/toode\/perliitti-4-l\/"},"modified":"2025-12-29T09:23:11","modified_gmt":"2025-12-29T07:23:11","slug":"perliitti-4-l","status":"publish","type":"product","link":"https:\/\/agrozone.ee\/fi\/tuote\/perliitti-4-l\/","title":{"rendered":"Perliitti 4 l"},"content":{"rendered":"<p>Perliitti 4L on kultainen keskitie, kun edess\u00e4si on kev\u00e4inen uudelleenistutuskierros.<\/p>\n<p>T\u00e4m\u00e4 on riitt\u00e4v\u00e4 m\u00e4\u00e4r\u00e4 useampaan suurempaan ruukkuun tai parvekelaatikkoon.<\/p>\n<p>Perliitti toimii kuin &#8220;mikrosieni&#8221;, joka imee liiallisen veden ja vapauttaa sen sitten, kun kasvi sit\u00e4 tarvitsee, ehk\u00e4isten samalla juurim\u00e4t\u00e4\u00e4.<\/p>\n<h3>K\u00e4ytt\u00f6ohjeet<\/h3>\n<ul>\n<li>Suositellaan sekoitettavaksi kasvien kasvualustaan suhteessa 1:4.\n<p data-path-to-node=\"23\">\n<\/li>\n<\/ul>\n<p data-path-to-node=\"23\"><b data-path-to-node=\"23\" data-index-in-node=\"100\">Kumpi valita: Perliitti vai vermikuliitti?<\/b><\/p>\n<ul data-path-to-node=\"24\">\n<li>\n<p data-path-to-node=\"24,0,0\"><b data-path-to-node=\"24,0,0\" data-index-in-node=\"0\">Perliitti:<\/b> valitse, kun tarvitset enemm\u00e4n ilmaa ja nopeaa vedenl\u00e4p\u00e4isykyky\u00e4 (esim. kaktukset).<\/p>\n<\/li>\n<li>\n<p data-path-to-node=\"24,1,0\"><b data-path-to-node=\"24,1,0\" data-index-in-node=\"0\">Vermikuliitti:<\/b> valitse, kun tarvitset enemm\u00e4n kosteutta ja ravinteiden s\u00e4ilyvyytt\u00e4 (esim. kylv\u00f6t ja trooppiset kasvit).<\/p>\n<\/li>\n<\/ul>\n","protected":false},"excerpt":{"rendered":"<ul>\n<li>Perliitti on vulkaaninen kivilaji, joka soveltuu kylv\u00f6multaan, siemenkylv\u00f6jen peitt\u00e4miseen, pistokkaiden juurruttamiseen sek\u00e4 vihannesten ja kukkasipulien talvis\u00e4ilytykseen ja ruukkuihin salaojitukseksi.<\/li>\n<li>Vedenpid\u00e4tyskyky 97,1 %.<\/li>\n<li>Parantaa kasvualustan rakennetta ja lis\u00e4\u00e4 vedenpid\u00e4tyskyky\u00e4.<\/li>\n<li>Luomalla maaper\u00e4\u00e4n hyv\u00e4n kosteus- ja ilmatasapainon se v\u00e4hent\u00e4\u00e4 ali- ja ylikastelusta johtuvia riskej\u00e4.<\/li>\n<li>Ruukuissa mullan pinnan peitt\u00e4minen perliitill\u00e4 voi kompensoida talvista valonpuutetta, sill\u00e4 lumi valkoiselta perliitilt\u00e4 heijastuva valo voimistaa sen todellista voimakkuutta.<\/li>\n<li>Soveltuu k\u00e4ytett\u00e4v\u00e4ksi my\u00f6s luonnonmukaisessa viljelyss\u00e4.<\/li>\n<\/ul>\n","protected":false},"featured_media":45228,"template":"","meta":{"_acf_changed":false,"_seopress_robots_primary_cat":"none","_seopress_titles_title":"Perliitti 4L \u2013 Korkealaatuinen puutarhaperliitti uudelleenistutukseen","_seopress_titles_desc":"Optimaalinen 4L perliitti kodin uudelleenistutuksiin ja parvekelaatikoihin. Parantaa mullan rakennetta ja vesitaloutta. Katso hinta ja osta mukavasti t\u00e4st\u00e4!  ","_seopress_robots_index":"","_gspb_post_css":""},"product_brand":[2906],"product_cat":[2392,2372,2363],"product_tag":[],"class_list":{"0":"post-49197","1":"product","2":"type-product","3":"status-publish","4":"has-post-thumbnail","6":"product_brand-baltic-agro","7":"product_cat-kaikki-luokat","8":"product_cat-maaperanparannusaineet","9":"product_cat-puutarhatarvikkeet","11":"first","12":"instock","13":"taxable","14":"shipping-taxable","15":"purchasable","16":"product-type-simple"},"ct_brands":[{"id":2906,"name":"Baltic Agro","slug":"baltic-agro"}],"acf":[],"_links":{"self":[{"href":"https:\/\/agrozone.ee\/fi\/wp-json\/wp\/v2\/product\/49197","targetHints":{"allow":["GET"]}}],"collection":[{"href":"https:\/\/agrozone.ee\/fi\/wp-json\/wp\/v2\/product"}],"about":[{"href":"https:\/\/agrozone.ee\/fi\/wp-json\/wp\/v2\/types\/product"}],"wp:featuredmedia":[{"embeddable":true,"href":"https:\/\/agrozone.ee\/fi\/wp-json\/wp\/v2\/media\/45228"}],"wp:attachment":[{"href":"https:\/\/agrozone.ee\/fi\/wp-json\/wp\/v2\/media?parent=49197"}],"wp:term":[{"taxonomy":"product_brand","embeddable":true,"href":"https:\/\/agrozone.ee\/fi\/wp-json\/wp\/v2\/product_brand?post=49197"},{"taxonomy":"product_cat","embeddable":true,"href":"https:\/\/agrozone.ee\/fi\/wp-json\/wp\/v2\/product_cat?post=49197"},{"taxonomy":"product_tag","embeddable":true,"href":"https:\/\/agrozone.ee\/fi\/wp-json\/wp\/v2\/product_tag?post=49197"}],"curies":[{"name":"wp","href":"https:\/\/api.w.org\/{rel}","templated":true}]}}