{"id":49198,"date":"2024-06-09T16:03:23","date_gmt":"2024-06-09T13:03:23","guid":{"rendered":"https:\/\/agrozone.ee\/toode\/vermikuliitti-2-l\/"},"modified":"2025-12-29T09:18:17","modified_gmt":"2025-12-29T07:18:17","slug":"vermikuliitti-2-l","status":"publish","type":"product","link":"https:\/\/agrozone.ee\/fi\/tuote\/vermikuliitti-2-l\/","title":{"rendered":"Vermikuliitti 2 l"},"content":{"rendered":"<p data-path-to-node=\"7\">Haluatko varmistaa siemenillesi parhaan mahdollisen alun? Vermikuliitti 2L on harrastajapuutarhurille erityisesti valittu m\u00e4\u00e4r\u00e4 arvokkaiden siementen kylv\u00e4miseen tai pistokkaiden juurruttamiseen. Toisin kuin tavallinen multa, vermikuliitti on steriili\u00e4 ja pid\u00e4tt\u00e4\u00e4 kosteutta tasaisesti, v\u00e4litt\u00e4en samalla vaarallista taimipoltetta.  <\/p>\n<p data-path-to-node=\"8\">T\u00e4m\u00e4 2 litran pakkaus on k\u00e4tev\u00e4 s\u00e4ilytt\u00e4\u00e4, ja se on riitt\u00e4v\u00e4 m\u00e4\u00e4r\u00e4 usean kylv\u00f6laatikon kattamiseen. Vermikuliitti heijastaa valoa takaisin taimille ja yll\u00e4pit\u00e4\u00e4 it\u00e4miseen tarvittavaa vakaata l\u00e4mp\u00f6tilaa. Sekoita se kylv\u00f6multaan tai k\u00e4yt\u00e4 sellaisenaan \u2013 taimesi kiitt\u00e4v\u00e4t sinua vahvemmalla juuristolla.  <\/p>\n<h3>K\u00e4ytt\u00f6ohjeet<\/h3>\n<ul>\n<li>Vermikuliitti tulee sekoittaa multaan suhteessa 1:1.<\/li>\n<li>Se parantaa kasvualustan rakennetta ja lis\u00e4\u00e4 vedenpid\u00e4tyskyky\u00e4.<\/li>\n<\/ul>\n<p data-path-to-node=\"23\"><b data-path-to-node=\"23\" data-index-in-node=\"100\">Kumpi valita: Perliitti vai vermikuliitti?<\/b><\/p>\n<ul data-path-to-node=\"24\">\n<li>\n<p data-path-to-node=\"24,0,0\"><b data-path-to-node=\"24,0,0\" data-index-in-node=\"0\">Perliitti:<\/b> valitse, kun tarvitset enemm\u00e4n ilmaa ja nopeaa vedenl\u00e4p\u00e4isykyky\u00e4 (esim. kaktukset).<\/p>\n<\/li>\n<li>\n<p data-path-to-node=\"24,1,0\"><b data-path-to-node=\"24,1,0\" data-index-in-node=\"0\">Vermikuliitti:<\/b> valitse, kun tarvitset enemm\u00e4n kosteutta ja ravinteiden s\u00e4ilyvyytt\u00e4 (esim. kylv\u00f6t ja trooppiset kasvit).<\/p>\n<\/li>\n<\/ul>\n","protected":false},"excerpt":{"rendered":"<ul>\n<li>Vermikuliitti on kuumak\u00e4sitelty luonnollinen puhdas savimineraali.<\/li>\n<li>Soveltuu kylv\u00f6multaan, siemenkylv\u00f6jen peitt\u00e4miseen, pistokkaiden juurruttamiseen sek\u00e4 vihannesten ja kukkasipulien talvis\u00e4ilytykseen.<\/li>\n<li>Vermikuliitti pystyy imem\u00e4\u00e4n itseens\u00e4 jopa 500 kertaa oman painonsa verran vett\u00e4, on eritt\u00e4in kevytt\u00e4, steriili\u00e4 ja rikkakasvitonta.<\/li>\n<li>Vermikuliitti soveltuu neutraalia kasvualustaa tarvitseville kasveille.<\/li>\n<li>Soveltuu k\u00e4ytett\u00e4v\u00e4ksi my\u00f6s luonnonmukaisessa viljelyss\u00e4.<\/li>\n<\/ul>\n","protected":false},"featured_media":45230,"template":"","meta":{"_acf_changed":false,"_seopress_robots_primary_cat":"none","_seopress_titles_title":"Vermikuliitti 2L \u2013 Paras id\u00e4tysalusta siemenille | Agrozone","_seopress_titles_desc":"Korkealaatuinen 2L vermikuliitti siementen kylv\u00e4miseen ja pistokkaiden juurruttamiseen. Pid\u00e4tt\u00e4\u00e4 kosteutta ja edist\u00e4\u00e4 nopeaa juurtumista. Tilaa vaivattomasti Agrozone-verkkokaupasta!  ","_seopress_robots_index":"","_gspb_post_css":""},"product_brand":[2906],"product_cat":[2392,2372,2363],"product_tag":[],"class_list":{"0":"post-49198","1":"product","2":"type-product","3":"status-publish","4":"has-post-thumbnail","6":"product_brand-baltic-agro","7":"product_cat-kaikki-luokat","8":"product_cat-maaperanparannusaineet","9":"product_cat-puutarhatarvikkeet","11":"first","12":"instock","13":"taxable","14":"shipping-taxable","15":"purchasable","16":"product-type-simple"},"ct_brands":[{"id":2906,"name":"Baltic Agro","slug":"baltic-agro"}],"acf":[],"_links":{"self":[{"href":"https:\/\/agrozone.ee\/fi\/wp-json\/wp\/v2\/product\/49198","targetHints":{"allow":["GET"]}}],"collection":[{"href":"https:\/\/agrozone.ee\/fi\/wp-json\/wp\/v2\/product"}],"about":[{"href":"https:\/\/agrozone.ee\/fi\/wp-json\/wp\/v2\/types\/product"}],"wp:featuredmedia":[{"embeddable":true,"href":"https:\/\/agrozone.ee\/fi\/wp-json\/wp\/v2\/media\/45230"}],"wp:attachment":[{"href":"https:\/\/agrozone.ee\/fi\/wp-json\/wp\/v2\/media?parent=49198"}],"wp:term":[{"taxonomy":"product_brand","embeddable":true,"href":"https:\/\/agrozone.ee\/fi\/wp-json\/wp\/v2\/product_brand?post=49198"},{"taxonomy":"product_cat","embeddable":true,"href":"https:\/\/agrozone.ee\/fi\/wp-json\/wp\/v2\/product_cat?post=49198"},{"taxonomy":"product_tag","embeddable":true,"href":"https:\/\/agrozone.ee\/fi\/wp-json\/wp\/v2\/product_tag?post=49198"}],"curies":[{"name":"wp","href":"https:\/\/api.w.org\/{rel}","templated":true}]}}