{"id":49199,"date":"2024-06-09T16:03:23","date_gmt":"2024-06-09T13:03:23","guid":{"rendered":"https:\/\/agrozone.ee\/toode\/vermikuliitti-4-l\/"},"modified":"2025-12-29T09:19:15","modified_gmt":"2025-12-29T07:19:15","slug":"vermikuliitti-4-l","status":"publish","type":"product","link":"https:\/\/agrozone.ee\/fi\/tuote\/vermikuliitti-4-l\/","title":{"rendered":"Vermikuliitti 4 l"},"content":{"rendered":"<p data-path-to-node=\"13\">Vermikuliitti 4L on korvaamaton osa jokaisen kotipuutarhurin &#8220;multabaaria&#8221;. Jos sinulla on kasveja, jotka eiv\u00e4t sied\u00e4 kuivumista \u2013 kuten saniaiset, fikusit tai trooppiset viherkasvit \u2013 vermikuliitti on etsim\u00e4si ratkaisu. T\u00e4m\u00e4 luonnollinen mineraali kykenee imem\u00e4\u00e4n itseens\u00e4 valtavan m\u00e4\u00e4r\u00e4n vett\u00e4 ja ravinteita, vapauttaen niit\u00e4 v\u00e4hitellen kasvin tarpeen mukaan.  <\/p>\n<p data-path-to-node=\"14\">4 litran pakkaus on optimaalinen koko kev\u00e4iseen istutusesonkiin. Lis\u00e4\u00e4m\u00e4ll\u00e4 25\u201330 % vermikuliittia tavalliseen huonekasvimultaasi teet kasvualustasta joustavan ja ravinnerikkaan. Se auttaa est\u00e4m\u00e4\u00e4n ravinteiden huuhtoutumista kastelun yhteydess\u00e4 ja v\u00e4hent\u00e4\u00e4 tihe\u00e4n kastelun tarvetta pit\u00e4en mullan rakenteen ilmavana.  <\/p>\n<h3>K\u00e4ytt\u00f6ohjeet<\/h3>\n<ul>\n<li>Vermikuliitti tulee sekoittaa multaan suhteessa 1:1.<\/li>\n<li>Se parantaa kasvualustan rakennetta ja lis\u00e4\u00e4 vedenpid\u00e4tyskyky\u00e4.<\/li>\n<\/ul>\n<p data-path-to-node=\"23\"><b data-path-to-node=\"23\" data-index-in-node=\"100\">Kumpi valita: Perliitti vai vermikuliitti?<\/b><\/p>\n<ul data-path-to-node=\"24\">\n<li>\n<p data-path-to-node=\"24,0,0\"><b data-path-to-node=\"24,0,0\" data-index-in-node=\"0\">Perliitti:<\/b> valitse, kun tarvitset enemm\u00e4n ilmaa ja nopeaa vedenl\u00e4p\u00e4isykyky\u00e4 (esim. kaktukset).<\/p>\n<\/li>\n<li>\n<p data-path-to-node=\"24,1,0\"><b data-path-to-node=\"24,1,0\" data-index-in-node=\"0\">Vermikuliitti:<\/b> valitse, kun tarvitset enemm\u00e4n kosteutta ja ravinteiden s\u00e4ilyvyytt\u00e4 (esim. kylv\u00f6t ja trooppiset kasvit).<\/p>\n<\/li>\n<\/ul>\n","protected":false},"excerpt":{"rendered":"<ul>\n<li>Vermikuliitti on kuumak\u00e4sitelty luonnollinen puhdas savimineraali.<\/li>\n<li>Soveltuu kylv\u00f6multaan, siemenkylv\u00f6jen peitt\u00e4miseen, pistokkaiden juurruttamiseen sek\u00e4 vihannesten ja kukkasipulien talvis\u00e4ilytykseen.<\/li>\n<li>Vermikuliitti pystyy imem\u00e4\u00e4n itseens\u00e4 jopa 500 kertaa oman painonsa verran vett\u00e4, on eritt\u00e4in kevytt\u00e4, steriili\u00e4 ja rikkakasvitonta.<\/li>\n<li>Vermikuliitti soveltuu neutraalia kasvualustaa tarvitseville kasveille.<\/li>\n<li>Soveltuu k\u00e4ytett\u00e4v\u00e4ksi my\u00f6s luonnonmukaisessa viljelyss\u00e4.<\/li>\n<\/ul>\n","protected":false},"featured_media":45231,"template":"","meta":{"_acf_changed":false,"_seopress_robots_primary_cat":"none","_seopress_titles_title":"Vermikuliitti 4L \u2013 Maanparannusaine kosteudesta pit\u00e4ville kasveille.","_seopress_titles_desc":"Vermikuliitti 4L auttaa pit\u00e4m\u00e4\u00e4n mullan kosteana ja parantaa ravinteiden imeytymist\u00e4. Ihanteellinen huonekasvien uudelleenistutukseen. Paras valinta kotipuutarhaasi!  ","_seopress_robots_index":"","_gspb_post_css":""},"product_brand":[2906],"product_cat":[2392,2372,2363],"product_tag":[],"class_list":{"0":"post-49199","1":"product","2":"type-product","3":"status-publish","4":"has-post-thumbnail","6":"product_brand-baltic-agro","7":"product_cat-kaikki-luokat","8":"product_cat-maaperanparannusaineet","9":"product_cat-puutarhatarvikkeet","11":"first","12":"instock","13":"taxable","14":"shipping-taxable","15":"purchasable","16":"product-type-simple"},"ct_brands":[{"id":2906,"name":"Baltic Agro","slug":"baltic-agro"}],"acf":[],"_links":{"self":[{"href":"https:\/\/agrozone.ee\/fi\/wp-json\/wp\/v2\/product\/49199","targetHints":{"allow":["GET"]}}],"collection":[{"href":"https:\/\/agrozone.ee\/fi\/wp-json\/wp\/v2\/product"}],"about":[{"href":"https:\/\/agrozone.ee\/fi\/wp-json\/wp\/v2\/types\/product"}],"wp:featuredmedia":[{"embeddable":true,"href":"https:\/\/agrozone.ee\/fi\/wp-json\/wp\/v2\/media\/45231"}],"wp:attachment":[{"href":"https:\/\/agrozone.ee\/fi\/wp-json\/wp\/v2\/media?parent=49199"}],"wp:term":[{"taxonomy":"product_brand","embeddable":true,"href":"https:\/\/agrozone.ee\/fi\/wp-json\/wp\/v2\/product_brand?post=49199"},{"taxonomy":"product_cat","embeddable":true,"href":"https:\/\/agrozone.ee\/fi\/wp-json\/wp\/v2\/product_cat?post=49199"},{"taxonomy":"product_tag","embeddable":true,"href":"https:\/\/agrozone.ee\/fi\/wp-json\/wp\/v2\/product_tag?post=49199"}],"curies":[{"name":"wp","href":"https:\/\/api.w.org\/{rel}","templated":true}]}}