{"id":49200,"date":"2024-06-09T16:06:45","date_gmt":"2024-06-09T13:06:45","guid":{"rendered":"https:\/\/agrozone.ee\/toode\/luomu-tattariakanoita-5-l\/"},"modified":"2026-03-25T10:34:00","modified_gmt":"2026-03-25T08:34:00","slug":"luomu-tattariakanoita-5-l","status":"publish","type":"product","link":"https:\/\/agrozone.ee\/fi\/tuote\/luomu-tattariakanoita-5-l\/","title":{"rendered":"Luomu-tattarinkuoret 10 l"},"content":{"rendered":"<ul>\n<li>\n<p data-path-to-node=\"13\"><b data-path-to-node=\"13\" data-index-in-node=\"0\">Luomutattarinkuoret 10 l \u2013 Monipuolinen ja ekologinen apulainen puutarhaasi ja kotiisi<\/b><\/p>\n<p data-path-to-node=\"14\">Haluatko tarjota kasveillesi puhtainta luonnonmukaista hoitoa? <b data-path-to-node=\"14\" data-index-in-node=\"67\">10 litran pakkauksessa olevat luomutattarinkuoremme<\/b> ovat 100-prosenttisesti ekologinen ja monipuolinen ratkaisu, joka sopii t\u00e4ydellisesti niin maanparannusaineeksi, ravinnerikkaaksi lannoitteeksi kuin n\u00e4ytt\u00e4v\u00e4ksi katteeksikin. Puutarhanhoidon lis\u00e4ksi puhtaat ja hengitt\u00e4v\u00e4t tattarinkuoret ovat arvostettu materiaali k\u00e4sit\u00f6iss\u00e4 \u2013 ihanteellinen luonnollinen t\u00e4yte tyynyihin, patjoihin ja l\u00e4mp\u00f6pakkauksiin!  <\/p>\n<p data-path-to-node=\"15\"><b data-path-to-node=\"15\" data-index-in-node=\"0\">Miksi luomutattarinkuoret ovat hy\u00f6dyllisi\u00e4 puutarhallesi?<\/b><\/p>\n<ul data-path-to-node=\"16\">\n<li>\n<p data-path-to-node=\"16,0,0\"><b data-path-to-node=\"16,0,0\" data-index-in-node=\"0\">Runsas ravinteiden l\u00e4hde:<\/b> Kuoret sis\u00e4lt\u00e4v\u00e4t luonnollisessa muodossa t\u00e4rkeit\u00e4 p\u00e4\u00e4- ja hivenravinteita. Ne edist\u00e4v\u00e4t ravinteiden imeytymist\u00e4 kasveihin sek\u00e4 vauhdittavat it\u00e4mist\u00e4, juurtumista ja kasvua jopa vaikeissa stressiolosuhteissa. <\/p>\n<\/li>\n<li>\n<p data-path-to-node=\"16,1,0\"><b data-path-to-node=\"16,1,0\" data-index-in-node=\"0\">Terveempi ja kuohkeampi multa:<\/b> Maanparannusaineena ne tekev\u00e4t raskaasta ja tiiviist\u00e4 maaper\u00e4st\u00e4 ilmavampaa sek\u00e4 helpommin muokattavaa. Samalla tattarinkuoret auttavat v\u00e4hent\u00e4m\u00e4\u00e4n maan happamuutta ja luovat suotuisan elinymp\u00e4rist\u00f6n hy\u00f6dyllisille mikro-organismeille. <\/p>\n<\/li>\n<li>\n<p data-path-to-node=\"16,2,0\"><b data-path-to-node=\"16,2,0\" data-index-in-node=\"0\">Suoja kasvitaudeilta:<\/b> Luonnollisen bakteereja ja viruksia torjuvan vaikutuksensa ansiosta tattarinkuoret auttavat ehk\u00e4isem\u00e4\u00e4n useiden kasvitautien levi\u00e4mist\u00e4.<\/p>\n<\/li>\n<\/ul>\n<p data-path-to-node=\"17\"><b data-path-to-node=\"17\" data-index-in-node=\"0\">Miten tattarinkuoria k\u00e4ytet\u00e4\u00e4n puutarhassa?<\/b> Tattarinkuorien k\u00e4ytt\u00f6mahdollisuudet ovat eritt\u00e4in laajat. Niit\u00e4 voidaan k\u00e4ytt\u00e4\u00e4 ennen kasvukauden alkua maanmuokkauksessa tai koko kasvukauden ajan: <\/p>\n<ul data-path-to-node=\"18\">\n<li>\n<p data-path-to-node=\"18,0,0\"><b data-path-to-node=\"18,0,0\" data-index-in-node=\"0\">Istutus ja kylv\u00f6:<\/b> Sekoita kuoret multaan muokkauksen yhteydess\u00e4 tai k\u00e4yt\u00e4 niit\u00e4 huonekasvien uudelleenistutuksessa kasvualustan rikastamiseen. Jotta pienet vihannesten siemenet (esim. porkkana) jakautuisivat kylvett\u00e4ess\u00e4 tasaisemmin, sekoita ne ennen kylv\u00f6\u00e4 tattarinkuoriin. <\/p>\n<\/li>\n<li>\n<p data-path-to-node=\"18,1,0\"><b data-path-to-node=\"18,1,0\" data-index-in-node=\"0\">Koristeellinen kate:<\/b> Kuoret ovat erinomainen kate ruusuille, kivikkopuutarhaan ja ulkokasvien ruukkuihin. Levit\u00e4 mullan pinnalle 3\u20134 cm:n paksuinen kerros.  <i data-path-to-node=\"18,1,0\" data-index-in-node=\"145\">Vinkki: Jotta kuoret eiv\u00e4t lenn\u00e4 tuulen mukana, suihkuta katetta s\u00e4\u00e4nn\u00f6llisesti kevyesti vedell\u00e4!<\/i><\/p>\n<\/li>\n<\/ul>\n<p data-path-to-node=\"19\"><b data-path-to-node=\"19\" data-index-in-node=\"0\">Kulutusm\u00e4\u00e4r\u00e4t ja soveltuvuus:<\/b> 10 litran pakkaus on k\u00e4tev\u00e4 ja taloudellinen valinta.<\/p>\n<ul data-path-to-node=\"20\">\n<li>\n<p data-path-to-node=\"20,0,0\"><b data-path-to-node=\"20,0,0\" data-index-in-node=\"0\">Yleinen lannoitus ja maanparannus:<\/b> 5 litraa 10 m\u00b2 kohti.<\/p>\n<\/li>\n<li>\n<p data-path-to-node=\"20,1,0\"><b data-path-to-node=\"20,1,0\" data-index-in-node=\"0\">Hedelm\u00e4puut (omena-, kirsikka-, p\u00e4\u00e4ryn\u00e4- ja luumupuut):<\/b> 5 litraa puuta kohti.<\/p>\n<\/li>\n<li>\n<p data-path-to-node=\"20,2,0\"><b data-path-to-node=\"20,2,0\" data-index-in-node=\"0\">Parvekelaatikot ja ruukkukasvit:<\/b> Sekoita multaan laatikon koosta riippuen 1\u20132 litraa kuoria.<\/p>\n<\/li>\n<\/ul>\n<p data-path-to-node=\"21\"><b data-path-to-node=\"21\" data-index-in-node=\"0\">Viljelykasvit, joille tattarinkuoret sopivat erinomaisesti:<\/b> peruna, kaali, lanttu, nauris, selleri, purjo, sipuli, kurkku, raparperi, tomaatti, kurpitsa, retiisi, porkkana, salaatti, pinaatti, persilja, tilli, herne, papu. My\u00f6s l\u00e4\u00e4kekasvit, koristekasvit, lehti- ja havupuut, pensaat, k\u00f6ynn\u00f6skasvit, ruusut, marjakasvit (mansikat, vadelmat, herukat jne.) sek\u00e4 kivikkopuutarhan kasvit. Erinomainen apu my\u00f6s nurmikoiden ja urheilukenttien perustamisessa.  <\/p>\n<\/li>\n<\/ul>\n","protected":false},"excerpt":{"rendered":"<ul>\n<li>Tattariakanoita k\u00e4ytet\u00e4\u00e4n puutarhanhoidossa lannoitteena, katteena ja maanparannusaineena.<\/li>\n<li>Sis\u00e4lt\u00e4v\u00e4t luonnollisessa muodossa kasvien tarvitsemia p\u00e4\u00e4- ja hivenaineita.<\/li>\n<li>Ne helpottavat kasviravinteiden omaksumista ollen samalla my\u00f6s ravinteiden l\u00e4hde.<\/li>\n<li>Ne parantavat maaper\u00e4n rakennetta ja tekev\u00e4t raskaista ja savisista maista helpommin muokattavia.<\/li>\n<li>Ne v\u00e4hent\u00e4v\u00e4t maaper\u00e4n happamuutta ja edist\u00e4v\u00e4t mikro-organismien toimintaa maaper\u00e4ss\u00e4, nopeuttaen lahoamisprosesseja.<\/li>\n<\/ul>\n","protected":false},"featured_media":45347,"template":"","meta":{"_acf_changed":false,"_seopress_robots_primary_cat":"none","_seopress_titles_title":"Luomutattarinkuoret 10 l \u2013 Ekologinen kate & lannoite | Agrozone","_seopress_titles_desc":"Etsitk\u00f6 luonnonmukaista ratkaisua puutarhaasi? Ekologiset luomutattarinkuoret (10 l) sopivat ihanteellisesti katteeksi, lannoitteeksi ja maanparannukseen. Tilaa Agrozonelta!  ","_seopress_robots_index":"","_gspb_post_css":""},"product_brand":[],"product_cat":[2392,2372,2363],"product_tag":[],"class_list":{"0":"post-49200","1":"product","2":"type-product","3":"status-publish","4":"has-post-thumbnail","6":"product_cat-kaikki-luokat","7":"product_cat-maaperanparannusaineet","8":"product_cat-puutarhatarvikkeet","10":"first","11":"outofstock","12":"taxable","13":"shipping-taxable","14":"purchasable","15":"product-type-simple"},"ct_brands":[],"acf":[],"_links":{"self":[{"href":"https:\/\/agrozone.ee\/fi\/wp-json\/wp\/v2\/product\/49200","targetHints":{"allow":["GET"]}}],"collection":[{"href":"https:\/\/agrozone.ee\/fi\/wp-json\/wp\/v2\/product"}],"about":[{"href":"https:\/\/agrozone.ee\/fi\/wp-json\/wp\/v2\/types\/product"}],"wp:featuredmedia":[{"embeddable":true,"href":"https:\/\/agrozone.ee\/fi\/wp-json\/wp\/v2\/media\/45347"}],"wp:attachment":[{"href":"https:\/\/agrozone.ee\/fi\/wp-json\/wp\/v2\/media?parent=49200"}],"wp:term":[{"taxonomy":"product_brand","embeddable":true,"href":"https:\/\/agrozone.ee\/fi\/wp-json\/wp\/v2\/product_brand?post=49200"},{"taxonomy":"product_cat","embeddable":true,"href":"https:\/\/agrozone.ee\/fi\/wp-json\/wp\/v2\/product_cat?post=49200"},{"taxonomy":"product_tag","embeddable":true,"href":"https:\/\/agrozone.ee\/fi\/wp-json\/wp\/v2\/product_tag?post=49200"}],"curies":[{"name":"wp","href":"https:\/\/api.w.org\/{rel}","templated":true}]}}