{"id":4926,"date":"2024-06-09T16:10:26","date_gmt":"2024-06-09T13:10:26","guid":{"rendered":"https:\/\/agrozone.ee\/?post_type=product&#038;p=4926"},"modified":"2025-12-03T16:33:38","modified_gmt":"2025-12-03T14:33:38","slug":"lillede-seemnesegu-balcony-seemnelint","status":"publish","type":"product","link":"https:\/\/agrozone.ee\/fi\/tuote\/lillede-seemnesegu-balcony-seemnelint\/","title":{"rendered":"LILLEDE SEEMNESEGU BALCONY (SEEMNELINT)"},"content":{"rendered":"<p>LILLEDE SEEMNESEGU BALCONY (SEEMNELINT)<\/p>\n<ul>\n<li>See lillede seemnesegu sobib r\u00f5dudele ja terrassidele ning seda v\u00f5ib kasvatada ka lillepeenardes.<\/li>\n<li>Neid v\u00e4rvilisi lilli on lihtne kasvatada ja hooldada.<\/li>\n<li>Segu \u00fcksikud sordid \u00f5itsevad eri aegadel kogu suve jooksul.<\/li>\n<li>Kui lilledel lastakse oma eluts\u00fckkel loomulikul teel l\u00e4bi teha ja nende seemned laiali saata, tagatakse j\u00e4rgmisel aastal isek\u00fclvavate lillede olemasolu.<\/li>\n<li>Seemnelindi eelised: saak on korralik ja ridade vahekaugus on \u00fchtlane.<\/li>\n<li>Enne lindide paigaldamist kastke muld.<\/li>\n<li>Kui lint on maha pandud, tuleb see mullaga katta ja p\u00f5hjalikult kasta.<\/li>\n<li>4 meetri pikkune riba annab eeldatavasti umbes 700 \u00f5itsvat lilletaime.<\/li>\n<\/ul>\n<p>Sisaldab: 150 (Bellis perennis), 200 (Myosotis alpestris) ja 300 (Lobularia maritima).<\/p>\n<p>K\u00fclviaeg mulda IV-V, IX.<br \/>\nKaugused, cm 10&#215;10 cm<br \/>\n\u00d5itsemisperiood V-IX<br \/>\nKasvukoht P\u00f5ld, r\u00f5du, terrassil<br \/>\nMark Lucia Elite<br \/>\nSeemne ribade pikkus 4 m<\/p>\n","protected":false},"excerpt":{"rendered":"<ul>\n<li>See lillede seemnesegu sobib r\u00f5dudele ja terrassidele ning seda v\u00f5ib kasvatada ka lillepeenardes.<\/li>\n<li>Neid v\u00e4rvilisi lilli on lihtne kasvatada ja hooldada.<\/li>\n<li>Segu \u00fcksikud sordid \u00f5itsevad eri aegadel kogu suve jooksul.<\/li>\n<li>Kui lilledel lastakse oma eluts\u00fckkel loomulikul teel l\u00e4bi teha ja nende seemned laiali saata, tagatakse j\u00e4rgmisel aastal isek\u00fclvavate lillede olemasolu.<\/li>\n<\/ul>\n","protected":false},"featured_media":4982,"template":"","meta":{"_acf_changed":false,"_seopress_robots_primary_cat":"","_seopress_titles_title":"","_seopress_titles_desc":"LILLEDE SEEMNESEGU BALCONY (SEEMNELINT) - See lillede seemnesegu sobib r\u00f5dudele ja terrassidele ning seda v\u00f5ib kasvatada ka lillepeenardes.","_seopress_robots_index":"","_gspb_post_css":""},"product_brand":[],"product_cat":[15,101,100,87],"product_tag":[],"class_list":{"0":"post-4926","1":"product","2":"type-product","3":"status-publish","4":"has-post-thumbnail","6":"product_cat-koik-kategooriad","7":"product_cat-lille-seemnesegud","8":"product_cat-lilleseemned","9":"product_cat-seemned","11":"first","12":"instock","13":"taxable","14":"shipping-taxable","15":"purchasable","16":"product-type-simple"},"ct_brands":[],"acf":[],"_links":{"self":[{"href":"https:\/\/agrozone.ee\/fi\/wp-json\/wp\/v2\/product\/4926","targetHints":{"allow":["GET"]}}],"collection":[{"href":"https:\/\/agrozone.ee\/fi\/wp-json\/wp\/v2\/product"}],"about":[{"href":"https:\/\/agrozone.ee\/fi\/wp-json\/wp\/v2\/types\/product"}],"wp:featuredmedia":[{"embeddable":true,"href":"https:\/\/agrozone.ee\/fi\/wp-json\/wp\/v2\/media\/4982"}],"wp:attachment":[{"href":"https:\/\/agrozone.ee\/fi\/wp-json\/wp\/v2\/media?parent=4926"}],"wp:term":[{"taxonomy":"product_brand","embeddable":true,"href":"https:\/\/agrozone.ee\/fi\/wp-json\/wp\/v2\/product_brand?post=4926"},{"taxonomy":"product_cat","embeddable":true,"href":"https:\/\/agrozone.ee\/fi\/wp-json\/wp\/v2\/product_cat?post=4926"},{"taxonomy":"product_tag","embeddable":true,"href":"https:\/\/agrozone.ee\/fi\/wp-json\/wp\/v2\/product_tag?post=4926"}],"curies":[{"name":"wp","href":"https:\/\/api.w.org\/{rel}","templated":true}]}}