{"id":4927,"date":"2024-06-09T16:10:26","date_gmt":"2024-06-09T13:10:26","guid":{"rendered":"https:\/\/agrozone.ee\/?post_type=product&#038;p=4927"},"modified":"2026-01-17T00:33:08","modified_gmt":"2026-01-16T22:33:08","slug":"lillede-seemnesegu-dream-pink-red","status":"publish","type":"product","link":"https:\/\/agrozone.ee\/fi\/tuote\/lillede-seemnesegu-dream-pink-red\/","title":{"rendered":"LILLEDE SEEMNESEGU DREAM PINK-RED"},"content":{"rendered":"<p>LILLEDE SEEMNESEGU DREAM PINK-RED<\/p>\n<ul>\n<li>V\u00e4rviline \u00fcheaastaste lillede segu suvistele lillepeenardele.<\/li>\n<li>Segu sisaldab 23 lilleliiki, mis \u00f5itsevad kogu suve.<\/li>\n<li>Sobib lilleaedadesse ja pottidesse.<\/li>\n<li>Kasvatage seemikuid varasema \u00f5itsemise jaoks.<\/li>\n<li>Segu lilled meelitavad lillepeenardesse liblikaid, mesilasi ja linde.<\/li>\n<\/ul>\n<p>Kogus pakendis 2 g<br \/>\n\u00d5itsemise aeg, k\u00f5rgus VII-VIII, 90 cm<br \/>\nBr\u00e4nd Agronom<\/p>\n","protected":false},"excerpt":{"rendered":"<ul>\n<li>V\u00e4rviline \u00fcheaastaste lillede segu suvistele lillepeenardele.<\/li>\n<li>Segu sisaldab 23 lilleliiki, mis \u00f5itsevad kogu suve.<\/li>\n<li>Sobib lilleaedadesse ja pottidesse.<\/li>\n<li>Kasvatage seemikuid varasema \u00f5itsemise jaoks.<\/li>\n<\/ul>\n","protected":false},"featured_media":4983,"template":"","meta":{"_acf_changed":false,"_seopress_robots_primary_cat":"","_seopress_titles_title":"","_seopress_titles_desc":"LILLEDE SEEMNESEGU DREAM PINK-RED - V\u00e4rviline \u00fcheaastaste lillede segu suvistele lillepeenardele. Segu sisaldab 23 lilleliiki, mis \u00f5itsevad kogu suve.","_seopress_robots_index":"","_gspb_post_css":""},"product_brand":[],"product_cat":[15,101,100,87],"product_tag":[],"class_list":{"0":"post-4927","1":"product","2":"type-product","3":"status-publish","4":"has-post-thumbnail","6":"product_cat-koik-kategooriad","7":"product_cat-lille-seemnesegud","8":"product_cat-lilleseemned","9":"product_cat-seemned","11":"first","12":"instock","13":"featured","14":"taxable","15":"shipping-taxable","16":"purchasable","17":"product-type-simple"},"ct_brands":[],"acf":[],"_links":{"self":[{"href":"https:\/\/agrozone.ee\/fi\/wp-json\/wp\/v2\/product\/4927","targetHints":{"allow":["GET"]}}],"collection":[{"href":"https:\/\/agrozone.ee\/fi\/wp-json\/wp\/v2\/product"}],"about":[{"href":"https:\/\/agrozone.ee\/fi\/wp-json\/wp\/v2\/types\/product"}],"wp:featuredmedia":[{"embeddable":true,"href":"https:\/\/agrozone.ee\/fi\/wp-json\/wp\/v2\/media\/4983"}],"wp:attachment":[{"href":"https:\/\/agrozone.ee\/fi\/wp-json\/wp\/v2\/media?parent=4927"}],"wp:term":[{"taxonomy":"product_brand","embeddable":true,"href":"https:\/\/agrozone.ee\/fi\/wp-json\/wp\/v2\/product_brand?post=4927"},{"taxonomy":"product_cat","embeddable":true,"href":"https:\/\/agrozone.ee\/fi\/wp-json\/wp\/v2\/product_cat?post=4927"},{"taxonomy":"product_tag","embeddable":true,"href":"https:\/\/agrozone.ee\/fi\/wp-json\/wp\/v2\/product_tag?post=4927"}],"curies":[{"name":"wp","href":"https:\/\/api.w.org\/{rel}","templated":true}]}}