{"id":49454,"date":"2025-04-28T17:39:50","date_gmt":"2025-04-28T15:39:50","guid":{"rendered":"https:\/\/agrozone.ee\/toode\/kasvien-sidontatyokalu-kasvien-nopeaan-ja-tehokkaaseen-nitojaan\/"},"modified":"2025-07-01T00:00:01","modified_gmt":"2025-06-30T22:00:01","slug":"kasvien-sidontatyokalu-kasvien-nopeaan-ja-tehokkaaseen-nitojaan","status":"publish","type":"product","link":"https:\/\/agrozone.ee\/fi\/tuote\/kasvien-sidontatyokalu-kasvien-nopeaan-ja-tehokkaaseen-nitojaan\/","title":{"rendered":"Kasvien sidontaty\u00f6kalu kasvien nopeaan ja tehokkaaseen nitojaan"},"content":{"rendered":"<ul>\n<li>Kasvien sidontapistooli on tehokas apuv\u00e4line erilaisten kasvien, mukaan lukien nuorten taimien, viinik\u00f6ynn\u00f6sten, tomaattien, kurkkujen, paprikoiden, kukkien ja oksien sitomisessa tuentaa varten.<\/li>\n<li>Sen k\u00e4tev\u00e4 ja ergonominen muotoilu takaa nopean ty\u00f6skentelynopeuden, mahdollistaen kasvien sitomisen moninkertaisesti nopeammin ja niit\u00e4 vahingoittamatta.<\/li>\n<li>Kasvien sitominen t\u00e4ll\u00e4 ty\u00f6kalulla on \u00e4\u00e4rimm\u00e4isen helppoa ja nopeaa \u2013 vain kahdella yhdell\u00e4 k\u00e4dell\u00e4 teht\u00e4v\u00e4ll\u00e4 liikkeell\u00e4:<\/li>\n<li>Aseta kasvi nitojan v\u00e4liin.<\/li>\n<li>Purista kahva kokonaan yhteen ja vapauta se sitten.<\/li>\n<li>Ty\u00f6kalu kietoo teipin tiukasti varsien ymp\u00e4rille, katkaisee sen ja kiinnitt\u00e4\u00e4 p\u00e4\u00e4t niitill\u00e4.<\/li>\n<\/ul>\n","protected":false},"excerpt":{"rendered":"<ul>\n<li>Kasvien sidontaty\u00f6kalua voidaan k\u00e4ytt\u00e4\u00e4 monenlaisille ulkokasveille, kuten vihannestaimien ja puiden tukemiseen sek\u00e4 viiniryp\u00e4leille, tomaateille, kurkuille, paprikoille, kukille ja kasvien oksille.<\/li>\n<li>Yhdell\u00e4 k\u00e4dell\u00e4 k\u00e4ytett\u00e4v\u00e4 sidontakone sitoo kasvit helposti tukikeppeihin ja -lankoihin.<\/li>\n<li>Mukava k\u00e4ytt\u00e4\u00e4, korkea hy\u00f6tysuhde eik\u00e4 vahingoita kasveja.<\/li>\n<li>Sidontaty\u00f6kalun aukkoa voidaan s\u00e4\u00e4t\u00e4\u00e4 milloin tahansa tarvittavan leveyden mukaan. Liukumaton ja ergonominen kahva s\u00e4\u00e4st\u00e4\u00e4 voimaa. <\/li>\n<li>S\u00e4\u00e4st\u00e4\u00e4 aikaa ja ty\u00f6voimaa.<\/li>\n<\/ul>\n","protected":false},"featured_media":49439,"template":"","meta":{"_acf_changed":false,"_seopress_robots_primary_cat":"none","_seopress_titles_title":"","_seopress_titles_desc":"","_seopress_robots_index":"","_gspb_post_css":""},"product_brand":[],"product_cat":[2392,2377,2363,2364],"product_tag":[],"class_list":{"0":"post-49454","1":"product","2":"type-product","3":"status-publish","4":"has-post-thumbnail","6":"product_cat-kaikki-luokat","7":"product_cat-pienemmat-puutarhurin-tyokalut","8":"product_cat-puutarhatarvikkeet","9":"product_cat-puutarhatyokalut","11":"first","12":"instock","13":"featured","14":"taxable","15":"shipping-taxable","16":"purchasable","17":"product-type-simple"},"ct_brands":[],"acf":[],"_links":{"self":[{"href":"https:\/\/agrozone.ee\/fi\/wp-json\/wp\/v2\/product\/49454","targetHints":{"allow":["GET"]}}],"collection":[{"href":"https:\/\/agrozone.ee\/fi\/wp-json\/wp\/v2\/product"}],"about":[{"href":"https:\/\/agrozone.ee\/fi\/wp-json\/wp\/v2\/types\/product"}],"wp:featuredmedia":[{"embeddable":true,"href":"https:\/\/agrozone.ee\/fi\/wp-json\/wp\/v2\/media\/49439"}],"wp:attachment":[{"href":"https:\/\/agrozone.ee\/fi\/wp-json\/wp\/v2\/media?parent=49454"}],"wp:term":[{"taxonomy":"product_brand","embeddable":true,"href":"https:\/\/agrozone.ee\/fi\/wp-json\/wp\/v2\/product_brand?post=49454"},{"taxonomy":"product_cat","embeddable":true,"href":"https:\/\/agrozone.ee\/fi\/wp-json\/wp\/v2\/product_cat?post=49454"},{"taxonomy":"product_tag","embeddable":true,"href":"https:\/\/agrozone.ee\/fi\/wp-json\/wp\/v2\/product_tag?post=49454"}],"curies":[{"name":"wp","href":"https:\/\/api.w.org\/{rel}","templated":true}]}}