{"id":4946,"date":"2024-06-09T16:10:50","date_gmt":"2024-06-09T13:10:50","guid":{"rendered":"https:\/\/agrozone.ee\/?post_type=product&#038;p=4946"},"modified":"2025-04-09T15:43:21","modified_gmt":"2025-04-09T13:43:21","slug":"piimalill-kuldne","status":"publish","type":"product","link":"https:\/\/agrozone.ee\/fi\/tuote\/piimalill-kuldne\/","title":{"rendered":"PIIMALILL KULDNE"},"content":{"rendered":"<p>PIIMALILL KULDNE<\/p>\n<ul>\n<li>Mitmeaastane, 40 cm pikkune \u00f5is.<\/li>\n<li>P\u00f5\u00f5sastetaimed, mille kollased \u00f5ied t\u00e4iendavad ideaalselt rohelist lehestikku.<\/li>\n<li>Lill j\u00e4\u00e4b kaunistuseks kogu hooaja jooksul.<\/li>\n<li>Kasvatatakse lilleaedades ja kiviaedades koos mitmeaastaste lilledega.<\/li>\n<li>See on \u00fcks k\u00f5ige v\u00e4hem n\u00f5udlikumaid lilli, mida saab kasvatada kehvas liivapinnasesse.<\/li>\n<li>K\u00f5ik taime osad on m\u00fcrgised.<\/li>\n<li>V\u00f5ib kasvatada samas kohas 3-5 aastat.<\/li>\n<li>Ei vaja talvel katmist.<\/li>\n<\/ul>\n<p>Kogus pakendis 0,5 g<br \/>\nSeemnete arv grammi kohta 250<br \/>\nIstutuskaugus V, 45x45cm<br \/>\n\u00d5itsemise aeg, k\u00f5rgus V-VI, 40 cm<br \/>\nKaubam\u00e4rk \u017dalia stotel\u0117<br \/>\nP\u00e4ikeseline koht Jah<br \/>\nPoolvarju Jah<br \/>\nV\u00e4rv Kollane<br \/>\nSobib kasvatamiseks Kiviaedades, Lilleaedades<br \/>\nKliima P\u00e4ikeseline, Osaliselt varjuline<\/p>\n","protected":false},"excerpt":{"rendered":"<p><strong>Euphorbia Polychroma<\/strong><\/p>\n<ul>\n<li>Mitmeaastane, 40 cm pikkune \u00f5is.<\/li>\n<li>P\u00f5\u00f5sastetaimed, mille kollased \u00f5ied t\u00e4iendavad ideaalselt rohelist lehestikku.<\/li>\n<li>Lill j\u00e4\u00e4b kaunistuseks kogu hooaja jooksul.<\/li>\n<li>Kasvatatakse lilleaedades ja kiviaedades koos mitmeaastaste lilledega.<\/li>\n<li>See on \u00fcks k\u00f5ige v\u00e4hem n\u00f5udlikumaid lilli, mida saab kasvatada kehvas liivapinnasesse.<\/li>\n<li>K\u00f5ik taime osad on m\u00fcrgised.<\/li>\n<\/ul>\n","protected":false},"featured_media":5001,"template":"","meta":{"_acf_changed":false,"_seopress_robots_primary_cat":"","_seopress_titles_title":"","_seopress_titles_desc":"PIIMALILL KULDNE - Mitmeaastane, 40 cm pikkune \u00f5is. P\u00f5\u00f5sastetaimed, mille kollased \u00f5ied t\u00e4iendavad ideaalselt rohelist lehestikku.","_seopress_robots_index":"","_gspb_post_css":""},"product_brand":[],"product_cat":[15,100,1206,87],"product_tag":[],"class_list":{"0":"post-4946","1":"product","2":"type-product","3":"status-publish","4":"has-post-thumbnail","6":"product_cat-koik-kategooriad","7":"product_cat-lilleseemned","8":"product_cat-mitmeaastased","9":"product_cat-seemned","11":"first","12":"instock","13":"taxable","14":"shipping-taxable","15":"purchasable","16":"product-type-simple"},"ct_brands":[],"acf":[],"_links":{"self":[{"href":"https:\/\/agrozone.ee\/fi\/wp-json\/wp\/v2\/product\/4946","targetHints":{"allow":["GET"]}}],"collection":[{"href":"https:\/\/agrozone.ee\/fi\/wp-json\/wp\/v2\/product"}],"about":[{"href":"https:\/\/agrozone.ee\/fi\/wp-json\/wp\/v2\/types\/product"}],"wp:featuredmedia":[{"embeddable":true,"href":"https:\/\/agrozone.ee\/fi\/wp-json\/wp\/v2\/media\/5001"}],"wp:attachment":[{"href":"https:\/\/agrozone.ee\/fi\/wp-json\/wp\/v2\/media?parent=4946"}],"wp:term":[{"taxonomy":"product_brand","embeddable":true,"href":"https:\/\/agrozone.ee\/fi\/wp-json\/wp\/v2\/product_brand?post=4946"},{"taxonomy":"product_cat","embeddable":true,"href":"https:\/\/agrozone.ee\/fi\/wp-json\/wp\/v2\/product_cat?post=4946"},{"taxonomy":"product_tag","embeddable":true,"href":"https:\/\/agrozone.ee\/fi\/wp-json\/wp\/v2\/product_tag?post=4946"}],"curies":[{"name":"wp","href":"https:\/\/api.w.org\/{rel}","templated":true}]}}