{"id":4947,"date":"2024-06-09T16:10:50","date_gmt":"2024-06-09T13:10:50","guid":{"rendered":"https:\/\/agrozone.ee\/?post_type=product&#038;p=4947"},"modified":"2026-04-05T17:37:24","modified_gmt":"2026-04-05T15:37:24","slug":"aruhein-hall","status":"publish","type":"product","link":"https:\/\/agrozone.ee\/fi\/tuote\/aruhein-hall\/","title":{"rendered":"ARUHEIN HALL"},"content":{"rendered":"<p>ARUHEIN HALL<\/p>\n<ul>\n<li>Mitmeaastane, taimed p\u00fcsivad dekoratiivsed kogu aasta jooksul.<\/li>\n<li>Moodustavad sinise h\u00f5bedase varjundiga kobaraid.<\/li>\n<li>V\u00e4hese hooldusega, teevad roheluse ja lillede vahele istutatuna suurep\u00e4raseid aktsente.<\/li>\n<li>Saab kombineerida mitmesuguste dekoratiivsete taimedega, seega saate m\u00f5ningase kujutlusv\u00f5imega luua imelisi kooslusi.<\/li>\n<li>Istutatakse lillepeenarde servadesse, pottidesse, kiviaedadesse.<\/li>\n<li>Ei vaja talvel katmist.<\/li>\n<\/ul>\n<p>Kogus pakendis 0,5 g<br \/>\nSeemnete arv grammi kohta ~ 900-950<br \/>\nIstutuskaugus 30 x 30 cm<br \/>\n\u00d5itsemisperiood IV-X<br \/>\nTaimede k\u00f5rgus, cm 20 cm<br \/>\n\u00d5itsemise aeg, k\u00f5rgus V-XI, 20 cm<br \/>\nKaubam\u00e4rk \u017dalia stotel\u0117<br \/>\n\u00dcmberistutamine V-IX<br \/>\nP\u00e4ikeseline koht Jah<br \/>\nPoolvarju Jah<br \/>\nMitmeaastane Jah<br \/>\nV\u00e4rv Hall<br \/>\nSobib kasvatamiseks Kiviaedades, Lilleaedades<br \/>\nKliima Osaline vari, P\u00e4ikeseline<\/p>\n","protected":false},"excerpt":{"rendered":"<p><strong>Festuca ovina Glauca<\/strong><\/p>\n<ul>\n<li>Mitmeaastane, taimed p\u00fcsivad dekoratiivsed kogu aasta jooksul.<\/li>\n<li>Moodustavad sinise h\u00f5bedase varjundiga kobaraid.<\/li>\n<li>V\u00e4hese hooldusega, teevad roheluse ja lillede vahele istutatuna suurep\u00e4raseid aktsente.<\/li>\n<\/ul>\n","protected":false},"featured_media":5002,"template":"","meta":{"_acf_changed":false,"_seopress_robots_primary_cat":"none","_seopress_titles_title":"","_seopress_titles_desc":"ARUHEIN HALL - Mitmeaastane, taimed p\u00fcsivad dekoratiivsed kogu aasta jooksul. Moodustavad sinise h\u00f5bedase varjundiga kobaraid.","_seopress_robots_index":"","_gspb_post_css":""},"product_brand":[],"product_cat":[15,100,1206,87],"product_tag":[],"class_list":{"0":"post-4947","1":"product","2":"type-product","3":"status-publish","4":"has-post-thumbnail","6":"product_cat-koik-kategooriad","7":"product_cat-lilleseemned","8":"product_cat-mitmeaastased","9":"product_cat-seemned","11":"first","12":"instock","13":"taxable","14":"shipping-taxable","15":"purchasable","16":"product-type-simple"},"ct_brands":[],"acf":[],"_links":{"self":[{"href":"https:\/\/agrozone.ee\/fi\/wp-json\/wp\/v2\/product\/4947","targetHints":{"allow":["GET"]}}],"collection":[{"href":"https:\/\/agrozone.ee\/fi\/wp-json\/wp\/v2\/product"}],"about":[{"href":"https:\/\/agrozone.ee\/fi\/wp-json\/wp\/v2\/types\/product"}],"wp:featuredmedia":[{"embeddable":true,"href":"https:\/\/agrozone.ee\/fi\/wp-json\/wp\/v2\/media\/5002"}],"wp:attachment":[{"href":"https:\/\/agrozone.ee\/fi\/wp-json\/wp\/v2\/media?parent=4947"}],"wp:term":[{"taxonomy":"product_brand","embeddable":true,"href":"https:\/\/agrozone.ee\/fi\/wp-json\/wp\/v2\/product_brand?post=4947"},{"taxonomy":"product_cat","embeddable":true,"href":"https:\/\/agrozone.ee\/fi\/wp-json\/wp\/v2\/product_cat?post=4947"},{"taxonomy":"product_tag","embeddable":true,"href":"https:\/\/agrozone.ee\/fi\/wp-json\/wp\/v2\/product_tag?post=4947"}],"curies":[{"name":"wp","href":"https:\/\/api.w.org\/{rel}","templated":true}]}}