{"id":4949,"date":"2024-06-09T16:10:50","date_gmt":"2024-06-09T13:10:50","guid":{"rendered":"https:\/\/agrozone.ee\/?post_type=product&#038;p=4949"},"modified":"2026-03-20T23:45:53","modified_gmt":"2026-03-20T21:45:53","slug":"kalju-kukehari","status":"publish","type":"product","link":"https:\/\/agrozone.ee\/fi\/tuote\/kalju-kukehari\/","title":{"rendered":"KALJU-KUKEHARI"},"content":{"rendered":"<p>KALJU-KUKEHARI<\/p>\n<ul>\n<li>\u00dcheaastane, v\u00e4hen\u00f5udlik lill, mis moodustab tiheda vaiba.<\/li>\n<li>Need lilled on kuivamist taluvad, neid v\u00f5ib kasvatada viljatuseta, kuivas mullas.<\/li>\n<li>Kivililled ei heida lehti ega \u00f5isi, seet\u00f5ttu n\u00e4evad nad korralikud v\u00e4lja ja on v\u00e4he hooldust n\u00f5udvad.<\/li>\n<li>Seemned on v\u00e4ga v\u00e4ikesed, neid k\u00fclvatakse idanemisalusesse ilma mullaga katmata.<\/li>\n<li>Taimed istutatakse \u00fcmber alalisele kasvukohale.<\/li>\n<li>Neid lilli v\u00f5ib kasvatada samas kohas 3-5 aastat.<\/li>\n<li>Ei vaja talvel katmist.<\/li>\n<\/ul>\n<p>Kogus pakendis 0,2 g<br \/>\nSeemnete arv grammi kohta ~ 10 000<br \/>\nIstutuskaugus V-VIII, 20x30cm<br \/>\n\u00d5itsemisperiood III-VI<br \/>\nTaimede k\u00f5rgus, cm 30 cm<br \/>\n\u00d5itsemise aeg, k\u00f5rgus VI-IX, 30 cm<br \/>\nKasvukoht R\u00f5du<br \/>\nMark \u017dalia stotel\u0117<br \/>\nP\u00e4ikeseline koht Jah<br \/>\nPoolvarju Jah<br \/>\nV\u00e4rv Kollane<br \/>\nTaimestik Mitmeaastane<br \/>\nSobib kasvatamiseks Lilleaedades<br \/>\nKliima P\u00e4ikeseline, osaliselt varjuline<\/p>\n","protected":false},"excerpt":{"rendered":"<p><strong>Sedum reflexum L.<\/strong><\/p>\n<ul>\n<li>\u00dcheaastane, v\u00e4hen\u00f5udlik lill, mis moodustab tiheda vaiba.<\/li>\n<li>Need lilled on kuivamist taluvad, neid v\u00f5ib kasvatada viljatuseta, kuivas mullas.<\/li>\n<li>Kivililled ei heida lehti ega \u00f5isi, seet\u00f5ttu n\u00e4evad nad korralikud v\u00e4lja ja on v\u00e4he hooldust n\u00f5udvad.<\/li>\n<\/ul>\n","protected":false},"featured_media":5005,"template":"","meta":{"_acf_changed":false,"_seopress_robots_primary_cat":"","_seopress_titles_title":"","_seopress_titles_desc":"KALJU-KUKEHARI - \u00dcheaastane, v\u00e4hen\u00f5udlik lill, mis moodustab tiheda vaiba. Need lilled on kuivamist taluvad, neid v\u00f5ib kasvatada viljatuseta, kuivas mullas.","_seopress_robots_index":"","_gspb_post_css":""},"product_brand":[],"product_cat":[15,100,1212,87],"product_tag":[],"class_list":{"0":"post-4949","1":"product","2":"type-product","3":"status-publish","4":"has-post-thumbnail","6":"product_cat-koik-kategooriad","7":"product_cat-lilleseemned","8":"product_cat-mitmesugused","9":"product_cat-seemned","11":"first","12":"instock","13":"taxable","14":"shipping-taxable","15":"purchasable","16":"product-type-simple"},"ct_brands":[],"acf":[],"_links":{"self":[{"href":"https:\/\/agrozone.ee\/fi\/wp-json\/wp\/v2\/product\/4949","targetHints":{"allow":["GET"]}}],"collection":[{"href":"https:\/\/agrozone.ee\/fi\/wp-json\/wp\/v2\/product"}],"about":[{"href":"https:\/\/agrozone.ee\/fi\/wp-json\/wp\/v2\/types\/product"}],"wp:featuredmedia":[{"embeddable":true,"href":"https:\/\/agrozone.ee\/fi\/wp-json\/wp\/v2\/media\/5005"}],"wp:attachment":[{"href":"https:\/\/agrozone.ee\/fi\/wp-json\/wp\/v2\/media?parent=4949"}],"wp:term":[{"taxonomy":"product_brand","embeddable":true,"href":"https:\/\/agrozone.ee\/fi\/wp-json\/wp\/v2\/product_brand?post=4949"},{"taxonomy":"product_cat","embeddable":true,"href":"https:\/\/agrozone.ee\/fi\/wp-json\/wp\/v2\/product_cat?post=4949"},{"taxonomy":"product_tag","embeddable":true,"href":"https:\/\/agrozone.ee\/fi\/wp-json\/wp\/v2\/product_tag?post=4949"}],"curies":[{"name":"wp","href":"https:\/\/api.w.org\/{rel}","templated":true}]}}