{"id":49519,"date":"2024-06-09T15:54:33","date_gmt":"2024-06-09T12:54:33","guid":{"rendered":"https:\/\/agrozone.ee\/toode\/mansikkakate-12x160m\/"},"modified":"2024-06-09T15:54:33","modified_gmt":"2024-06-09T13:54:33","slug":"mansikkakate-12x160m","status":"publish","type":"product","link":"https:\/\/agrozone.ee\/fi\/tuote\/mansikkakate-12x160m\/","title":{"rendered":"Mansikkakate 1,2x160m"},"content":{"rendered":"<p>Mansikkakate s\u00e4ilytt\u00e4\u00e4 maaper\u00e4n kosteuden, nopeuttaa kasvien kehityst\u00e4 kev\u00e4\u00e4ll\u00e4 ja sadonkorjuukauden alkua.<\/p>\n<p>1,2 m x 160 m, 0,055 mm<\/p>\n<p>&nbsp;<\/p>\n<h3>K\u00e4ytt\u00f6ohjeet<\/h3>\n<p>Kilemult\u0161illa peenar on rikkaruohovapaa ja sadonkorjuun aikana marjat ovat puhtaita. Kile on ultraviolettis\u00e4teilyn kest\u00e4v\u00e4. Kile on suositeltavaa asentaa taimien istutuksen yhteydess\u00e4.  <\/p>\n<h3>Pakkaus<\/h3>\n<p>192 m2<\/p>\n","protected":false},"excerpt":{"rendered":"<p>Mansikkakate s\u00e4ilytt\u00e4\u00e4 maaper\u00e4n kosteuden, nopeuttaa kasvien kehityst\u00e4 kev\u00e4\u00e4ll\u00e4 ja sadonkorjuukauden alkua.<\/p>\n","protected":false},"featured_media":44961,"template":"","meta":{"_acf_changed":false,"_seopress_robots_primary_cat":"","_seopress_titles_title":"","_seopress_titles_desc":"","_seopress_robots_index":"","_gspb_post_css":""},"product_brand":[],"product_cat":[2392,2448,2454],"product_tag":[],"class_list":{"0":"post-49519","1":"product","2":"type-product","3":"status-publish","4":"has-post-thumbnail","6":"product_cat-kaikki-luokat","7":"product_cat-kasvinsuojelukankaat-ja-maanpeitekankaat","8":"product_cat-mansikkakalvo","9":"product_shipping_class-ei-mahdu-automaattiin","11":"first","12":"instock","13":"taxable","14":"shipping-taxable","15":"purchasable","16":"product-type-simple"},"ct_brands":[],"acf":[],"_links":{"self":[{"href":"https:\/\/agrozone.ee\/fi\/wp-json\/wp\/v2\/product\/49519","targetHints":{"allow":["GET"]}}],"collection":[{"href":"https:\/\/agrozone.ee\/fi\/wp-json\/wp\/v2\/product"}],"about":[{"href":"https:\/\/agrozone.ee\/fi\/wp-json\/wp\/v2\/types\/product"}],"wp:featuredmedia":[{"embeddable":true,"href":"https:\/\/agrozone.ee\/fi\/wp-json\/wp\/v2\/media\/44961"}],"wp:attachment":[{"href":"https:\/\/agrozone.ee\/fi\/wp-json\/wp\/v2\/media?parent=49519"}],"wp:term":[{"taxonomy":"product_brand","embeddable":true,"href":"https:\/\/agrozone.ee\/fi\/wp-json\/wp\/v2\/product_brand?post=49519"},{"taxonomy":"product_cat","embeddable":true,"href":"https:\/\/agrozone.ee\/fi\/wp-json\/wp\/v2\/product_cat?post=49519"},{"taxonomy":"product_tag","embeddable":true,"href":"https:\/\/agrozone.ee\/fi\/wp-json\/wp\/v2\/product_tag?post=49519"}],"curies":[{"name":"wp","href":"https:\/\/api.w.org\/{rel}","templated":true}]}}