{"id":4952,"date":"2024-06-09T16:10:51","date_gmt":"2024-06-09T13:10:51","guid":{"rendered":"https:\/\/agrozone.ee\/?post_type=product&#038;p=4952"},"modified":"2025-04-09T15:43:16","modified_gmt":"2025-04-09T13:43:16","slug":"karpaadi-kellukas","status":"publish","type":"product","link":"https:\/\/agrozone.ee\/fi\/tuote\/karpaadi-kellukas\/","title":{"rendered":"KARPAADI KELLUKAS"},"content":{"rendered":"<p>KARPAADI KELLUKAS<\/p>\n<ul>\n<li>Mitmeaastased, 20\u201330 cm k\u00f5rgused matti moodustavad \u00f5ied.<\/li>\n<li>\u00d5ied on laiad, kellukakujulised.<\/li>\n<li>Nii \u00f5ied kui ka lehed on dekoratiivsed.<\/li>\n<li>Sobib kasvatamiseks k\u00e4\u00e4buslilleaedades, t\u00e4iendab suurep\u00e4raselt teisi p\u00fcsi- ja \u00fcheaastaseid lilli.<\/li>\n<li>Kasvatatakse p\u00e4ikesepaistelistel kasvukohtadel v\u00f5i poolvarjus, kergel liivasel pinnasel, kastetakse ainult pikema p\u00f5ua korral.<\/li>\n<li>\u00d5itseb teisel aastal p\u00e4rast k\u00fclvi, talvitub katmata.<\/li>\n<\/ul>\n<p>Kogus pakis 0,1 g<br \/>\nIstutuskaugused 30 x 40 cm<br \/>\n\u00d5itsemise aeg, k\u00f5rgus 60-80 cm<br \/>\nKaubam\u00e4rk \u017dalia stotel\u0117<br \/>\nK\u00f5rgus 20-30 cm<br \/>\nSiirdamine VI-VIII<br \/>\nP\u00e4ikesepaisteline koht Jah<br \/>\nPoolvari Jah<br \/>\nMitmeaastane Jah<br \/>\nV\u00e4rv Sinine<br \/>\nSobib kasvatamiseks lilleaedades, kiviktaimlas<br \/>\nKliima p\u00e4ikeseline, poolvari<\/p>\n","protected":false},"excerpt":{"rendered":"<p><strong>Campanula carpatica Jacq.<\/strong><\/p>\n<ul>\n<li>Mitmeaastased, 20\u201330 cm k\u00f5rgused matti moodustavad \u00f5ied.<\/li>\n<li>\u00d5ied on laiad, kellukakujulised.<\/li>\n<li>Nii \u00f5ied kui ka lehed on dekoratiivsed.<\/li>\n<li>Sobib kasvatamiseks k\u00e4\u00e4buslilleaedades, t\u00e4iendab suurep\u00e4raselt teisi p\u00fcsi- ja \u00fcheaastaseid lilli.<\/li>\n<\/ul>\n","protected":false},"featured_media":5010,"template":"","meta":{"_acf_changed":false,"_seopress_robots_primary_cat":"","_seopress_titles_title":"","_seopress_titles_desc":"KARPAADI KELLUKASMitmeaastased, 20\u201330 cm. Sobib kasvatamiseks k\u00e4\u00e4buslilleaedades, t\u00e4iendab suurep\u00e4raselt teisi p\u00fcsi- ja \u00fcheaastaseid lilli.","_seopress_robots_index":"","_gspb_post_css":""},"product_brand":[],"product_cat":[15,100,1206,87],"product_tag":[],"class_list":{"0":"post-4952","1":"product","2":"type-product","3":"status-publish","4":"has-post-thumbnail","6":"product_cat-koik-kategooriad","7":"product_cat-lilleseemned","8":"product_cat-mitmeaastased","9":"product_cat-seemned","11":"first","12":"instock","13":"taxable","14":"shipping-taxable","15":"purchasable","16":"product-type-simple"},"ct_brands":[],"acf":[],"_links":{"self":[{"href":"https:\/\/agrozone.ee\/fi\/wp-json\/wp\/v2\/product\/4952","targetHints":{"allow":["GET"]}}],"collection":[{"href":"https:\/\/agrozone.ee\/fi\/wp-json\/wp\/v2\/product"}],"about":[{"href":"https:\/\/agrozone.ee\/fi\/wp-json\/wp\/v2\/types\/product"}],"wp:featuredmedia":[{"embeddable":true,"href":"https:\/\/agrozone.ee\/fi\/wp-json\/wp\/v2\/media\/5010"}],"wp:attachment":[{"href":"https:\/\/agrozone.ee\/fi\/wp-json\/wp\/v2\/media?parent=4952"}],"wp:term":[{"taxonomy":"product_brand","embeddable":true,"href":"https:\/\/agrozone.ee\/fi\/wp-json\/wp\/v2\/product_brand?post=4952"},{"taxonomy":"product_cat","embeddable":true,"href":"https:\/\/agrozone.ee\/fi\/wp-json\/wp\/v2\/product_cat?post=4952"},{"taxonomy":"product_tag","embeddable":true,"href":"https:\/\/agrozone.ee\/fi\/wp-json\/wp\/v2\/product_tag?post=4952"}],"curies":[{"name":"wp","href":"https:\/\/api.w.org\/{rel}","templated":true}]}}