{"id":49521,"date":"2024-06-09T15:53:08","date_gmt":"2024-06-09T13:53:08","guid":{"rendered":"https:\/\/agrozone.ee\/toode\/kukkasiemenseos-lilleniit-1kg\/"},"modified":"2024-06-09T15:53:08","modified_gmt":"2024-06-09T13:53:08","slug":"kukkasiemenseos-lilleniit-1kg","status":"publish","type":"product","link":"https:\/\/agrozone.ee\/fi\/tuote\/kukkasiemenseos-lilleniit-1kg\/","title":{"rendered":"Kukkasiemenseos Lilleniit 1kg"},"content":{"rendered":"<p><strong>Kukkasiemenseos Lilleniit 1kg<\/strong><\/p>\n<ul>\n<li>Kiepenkerl kukkasiemenseos Lilleniit 1 kg on eritt\u00e4in monipuolinen sekoitus ruohoja, yrttej\u00e4 ja kukkia.<\/li>\n<li>Ne eiv\u00e4t ole vain kauniita katsella, vaan my\u00f6s arvokas elinymp\u00e4rist\u00f6 ja t\u00e4rke\u00e4 ravinnonl\u00e4hde monille hy\u00f6dyllisille hy\u00f6nteisille.<\/li>\n<li>Vaatii v\u00e4h\u00e4n huoltoa.<\/li>\n<\/ul>\n<p>Kiepenkerli lilleniitin koostumus:<\/p>\n<ul>\n<li>4,5% 4,5% Sile\u00e4 kaura Arone (raikaerik);<\/li>\n<li>2 % Dactulis glomerata Loke (kauranurmikka);<\/li>\n<li>8 % Festuca trichophylla Euromarie (lyhytvartinen puna-ailakki);<\/li>\n<li>1 % Medicago lupulina &#8220;Virgo Pajberg&#8221; (humalasieni);<\/li>\n<li>1 % Onobrychis viciofolia &#8220;Ambra&#8221; (haricot-parsa);<\/li>\n<li>0,5 % Trifolium incarnatum &#8220;Kardinal&#8221; (puna-apila);<\/li>\n<li>1 % Agrostis capillaris &#8220;Highland&#8221; (maitohorsma);<\/li>\n<li>1 % Agrostis capillaris &#8216;MacKanzie&#8217; (MacKanzien maitohorsma);<\/li>\n<li>20 % Poa pratensis &#8220;Blue Note&#8221; (niittynurmikka);<\/li>\n<li>1 % Poa ei ole. &#8220;Enhary&#8221; (ruohovartinen); <\/li>\n<li>0,5 % Lotus corniculatus &#8220;Bull&#8221; (noitap\u00e4hkin\u00e4);<\/li>\n<li>15 % Festuca rubra commutata &#8216;Casanova&#8217; (punainen kanerva);<\/li>\n<li>15 % Festuca trachyphylla &#8220;Bornito&#8221; (kink-aruhein);<\/li>\n<li>18,3% Wildblumen und Kr\u00e4uter (luonnonvaraiset kukat ja yrtit);<\/li>\n<li>4 % Festuca Rubra &#8220;Dieper&#8221; (punainen aruhein);<\/li>\n<li>5 % Jahrige rispe (vuosittainen kierto);<\/li>\n<li>1 % vehn\u00e4nurmikkaa;<\/li>\n<li>15 % Festuca ovina &#8220;Mentor&#8221;;<\/li>\n<li>1,5 % Bokhara-apilaa (valkoista mesiangervoa).<\/li>\n<\/ul>\n<p>&nbsp;<\/p>\n<h3>K\u00e4ytt\u00f6ohjeet<\/h3>\n<ul>\n<li>Kukkaseos sopii kosteille ja aurinkoisille tai puolivarjoisille kasvupaikoille.<\/li>\n<li>Valmistele kylv\u00f6alusta ja kylv\u00e4 siemensekoitus tasaisesti pinnalle. Kaivetaan 1-2 cm:n syvyyteen maahan.<\/li>\n<li>Paina maata kevyesti ja pid\u00e4 kylv\u00f6ala kosteana.<\/li>\n<li>Siementen it\u00e4misaika vaihtelee.<\/li>\n<li>Suojaa kylv\u00f6ala linnuilta.<\/li>\n<li>Saat parhaan tuloksen, noudata pakkauksessa suositeltua kylv\u00f6tiheytt\u00e4.<\/li>\n<li>1 kg = 100 m\u00b2.<\/li>\n<\/ul>\n","protected":false},"excerpt":{"rendered":"<ul>\n<li>Kiepenkerlin kukkasiemenseos &#8220;Lilleniit&#8221; 1 kg on eritt\u00e4in monipuolinen sekoitus ruohoja, yrttej\u00e4 ja kukkia.<\/li>\n<li>Ne eiv\u00e4t ole vain kauniita katsella, vaan my\u00f6s arvokas elinymp\u00e4rist\u00f6 ja t\u00e4rke\u00e4 ravinnonl\u00e4hde monille hy\u00f6dyllisille hy\u00f6nteisille.<\/li>\n<li>Vaatii v\u00e4h\u00e4n huoltoa.<\/li>\n<\/ul>\n","protected":false},"featured_media":44951,"template":"","meta":{"_acf_changed":false,"_seopress_robots_primary_cat":"","_seopress_titles_title":"","_seopress_titles_desc":"Kiepenkerl kukkasiemenseos Lilleniit 1 kg on eritt\u00e4in monipuolinen sekoitus ruohoja, yrttej\u00e4 ja kukkia. Ei ainoastaan kaunis katsella, vaan my\u00f6s arvokas elinymp\u00e4rist\u00f6.","_seopress_robots_index":"","_gspb_post_css":""},"product_brand":[],"product_cat":[2392,2427,2423,2399],"product_tag":[],"class_list":{"0":"post-49521","1":"product","2":"type-product","3":"status-publish","4":"has-post-thumbnail","6":"product_cat-kaikki-luokat","7":"product_cat-kukkien-siemensekoitukset","8":"product_cat-kukkien-siemenet","9":"product_cat-siemenet","11":"first","12":"instock","13":"taxable","14":"shipping-taxable","15":"purchasable","16":"product-type-simple"},"ct_brands":[],"acf":[],"_links":{"self":[{"href":"https:\/\/agrozone.ee\/fi\/wp-json\/wp\/v2\/product\/49521","targetHints":{"allow":["GET"]}}],"collection":[{"href":"https:\/\/agrozone.ee\/fi\/wp-json\/wp\/v2\/product"}],"about":[{"href":"https:\/\/agrozone.ee\/fi\/wp-json\/wp\/v2\/types\/product"}],"wp:featuredmedia":[{"embeddable":true,"href":"https:\/\/agrozone.ee\/fi\/wp-json\/wp\/v2\/media\/44951"}],"wp:attachment":[{"href":"https:\/\/agrozone.ee\/fi\/wp-json\/wp\/v2\/media?parent=49521"}],"wp:term":[{"taxonomy":"product_brand","embeddable":true,"href":"https:\/\/agrozone.ee\/fi\/wp-json\/wp\/v2\/product_brand?post=49521"},{"taxonomy":"product_cat","embeddable":true,"href":"https:\/\/agrozone.ee\/fi\/wp-json\/wp\/v2\/product_cat?post=49521"},{"taxonomy":"product_tag","embeddable":true,"href":"https:\/\/agrozone.ee\/fi\/wp-json\/wp\/v2\/product_tag?post=49521"}],"curies":[{"name":"wp","href":"https:\/\/api.w.org\/{rel}","templated":true}]}}