{"id":49522,"date":"2024-06-09T15:53:08","date_gmt":"2024-06-09T13:53:08","guid":{"rendered":"https:\/\/agrozone.ee\/toode\/lillegrass-100g\/"},"modified":"2024-06-09T15:53:08","modified_gmt":"2024-06-09T13:53:08","slug":"lillegrass-100g","status":"publish","type":"product","link":"https:\/\/agrozone.ee\/fi\/tuote\/lillegrass-100g\/","title":{"rendered":"Lillegrass 100g"},"content":{"rendered":"<p>Kukkasiemenseos koostuu erilaisista yksivuotisista kes\u00e4kukista. Kaunis kukkapenkki, joka kukkii pitk\u00e4\u00e4n ja tarjoaa monipuolisen ja v\u00e4rikk\u00e4\u00e4n kukkan\u00e4yt\u00f6ksen koko kes\u00e4n. <\/p>\n<p>&nbsp;<\/p>\n<h3>K\u00e4ytt\u00f6ohjeet<\/h3>\n<p>Kylv\u00f6m\u00e4\u00e4r\u00e4: 1 kg 300-500 m\u00b2. Kylv\u00f6ajankohta: huhtikuun puoliv\u00e4list\u00e4 kes\u00e4kuun alkuun, suoraan pellolle. Kylv\u00f6syvyys: 0-1 cm.Kasvuston korkeus: 50-70 cm. Kukinta: ensimm\u00e4iset kukat noin 8. viikolla kylv\u00f6st\u00e4. Kukinta kest\u00e4\u00e4 pakkasten tuloon asti.<\/p>\n","protected":false},"excerpt":{"rendered":"<p>Kukkasiemenseos koostuu erilaisista yksivuotisista kes\u00e4kukista. Kaunis kukkapenkki, joka kukkii pitk\u00e4\u00e4n ja tarjoaa monipuolisen ja v\u00e4rikk\u00e4\u00e4n kukkan\u00e4yt\u00f6ksen koko kes\u00e4n. <\/p>\n","protected":false},"featured_media":44947,"template":"","meta":{"_acf_changed":false,"_seopress_robots_primary_cat":"","_seopress_titles_title":"","_seopress_titles_desc":"","_seopress_robots_index":"","_gspb_post_css":""},"product_brand":[],"product_cat":[2392,2427,2423,2399],"product_tag":[],"class_list":{"0":"post-49522","1":"product","2":"type-product","3":"status-publish","4":"has-post-thumbnail","6":"product_cat-kaikki-luokat","7":"product_cat-kukkien-siemensekoitukset","8":"product_cat-kukkien-siemenet","9":"product_cat-siemenet","11":"first","12":"instock","13":"taxable","14":"shipping-taxable","15":"purchasable","16":"product-type-simple"},"ct_brands":[],"acf":[],"_links":{"self":[{"href":"https:\/\/agrozone.ee\/fi\/wp-json\/wp\/v2\/product\/49522","targetHints":{"allow":["GET"]}}],"collection":[{"href":"https:\/\/agrozone.ee\/fi\/wp-json\/wp\/v2\/product"}],"about":[{"href":"https:\/\/agrozone.ee\/fi\/wp-json\/wp\/v2\/types\/product"}],"wp:featuredmedia":[{"embeddable":true,"href":"https:\/\/agrozone.ee\/fi\/wp-json\/wp\/v2\/media\/44947"}],"wp:attachment":[{"href":"https:\/\/agrozone.ee\/fi\/wp-json\/wp\/v2\/media?parent=49522"}],"wp:term":[{"taxonomy":"product_brand","embeddable":true,"href":"https:\/\/agrozone.ee\/fi\/wp-json\/wp\/v2\/product_brand?post=49522"},{"taxonomy":"product_cat","embeddable":true,"href":"https:\/\/agrozone.ee\/fi\/wp-json\/wp\/v2\/product_cat?post=49522"},{"taxonomy":"product_tag","embeddable":true,"href":"https:\/\/agrozone.ee\/fi\/wp-json\/wp\/v2\/product_tag?post=49522"}],"curies":[{"name":"wp","href":"https:\/\/api.w.org\/{rel}","templated":true}]}}