{"id":49523,"date":"2024-06-09T15:53:28","date_gmt":"2024-06-09T13:53:28","guid":{"rendered":"https:\/\/agrozone.ee\/toode\/kukkasiemenseos-hyonteisten-paratiisi-130g\/"},"modified":"2024-06-09T15:53:28","modified_gmt":"2024-06-09T13:53:28","slug":"kukkasiemenseos-hyonteisten-paratiisi-130g","status":"publish","type":"product","link":"https:\/\/agrozone.ee\/fi\/tuote\/kukkasiemenseos-hyonteisten-paratiisi-130g\/","title":{"rendered":"Kukkasiemenseos &#8220;Hy\u00f6nteisten paratiisi&#8221; 130g"},"content":{"rendered":"<p><strong>Kukkasiemenseos &#8220;Hy\u00f6nteisten paratiisi&#8221; 130g<\/strong><\/p>\n<ul>\n<li>Kukkasiemenseos &#8220;Insect&#8217;s Paradise&#8221; ammattilaatuinen sekoitus yksivuotisia ja monivuotisia siemeni\u00e4.<\/li>\n<li>Houkuttelee hy\u00f6nteisi\u00e4 ja mehil\u00e4isi\u00e4.<\/li>\n<li>Insect Paradise on puolikova, hyvin kukkiva siemenseos, joka on ravinnonl\u00e4hde monille hy\u00f6nteisille ja houkuttelee siten muita el\u00e4imi\u00e4, kuten siilej\u00e4 ja lintuja, puutarhaan.<\/li>\n<\/ul>\n<p><strong>Kukkaseos &#8220;Hy\u00f6nteisten paratiisi&#8221; koostumus:<\/strong> kanerva, ruiskaunokki, ruiskaunokki, kultapiisku, kakar, habenel, koiruoho, caliphronia, l\u00e4nnen malva, iberis, isolehtinen pellava, periwinkle, lupiini, basilika, kanerva.<\/p>\n<p>&nbsp;<\/p>\n<h3>K\u00e4ytt\u00f6ohjeet<\/h3>\n<ul>\n<li>Kylv\u00e4 huhti-toukokuussa aurinkoiseen paikkaan, runsasravinteiseen ja vett\u00e4 l\u00e4p\u00e4isev\u00e4\u00e4n maaper\u00e4\u00e4n.<\/li>\n<li>Poista liian tihe\u00e4t kasvit kev\u00e4\u00e4ll\u00e4 kukinnan p\u00e4\u00e4tytty\u00e4, jotta yksitt\u00e4iset kasvit voivat kehitty\u00e4 paremmin.<\/li>\n<li>Kun seos on kukkinut t\u00e4ydellisesti my\u00f6h\u00e4\u00e4n syksyll\u00e4, alue on niitett\u00e4v\u00e4.<\/li>\n<li>Poista siemenet kukkivista kasveista ennen niittoa ja ripottele ne maahan.<\/li>\n<li>Kaikki t\u00e4m\u00e4 on edellytys rehev\u00e4lle kukinnalle tulevina vuosina.<\/li>\n<li>Korkeus 50-80 cm.<\/li>\n<li>Ammattilaisvalikoima.<\/li>\n<li>130 g riitt\u00e4\u00e4 30 m\u00b2:n kylv\u00f6\u00f6n.<\/li>\n<\/ul>\n","protected":false},"excerpt":{"rendered":"<ul>\n<li>Kukkasiemenseos &#8220;Insect&#8217;s Paradise&#8221; ammattilaatuinen sekoitus yksivuotisia ja monivuotisia siemeni\u00e4.<\/li>\n<li>Houkuttelee hy\u00f6nteisi\u00e4 ja mehil\u00e4isi\u00e4.<\/li>\n<li>Insect Paradise on puolikova, hyvin kukkiva siemenseos, joka on ravinnonl\u00e4hde monille hy\u00f6nteisille ja houkuttelee siten muita el\u00e4imi\u00e4, kuten siilej\u00e4 ja lintuja, puutarhaan.<\/li>\n<\/ul>\n","protected":false},"featured_media":44956,"template":"","meta":{"_acf_changed":false,"_seopress_robots_primary_cat":"","_seopress_titles_title":"","_seopress_titles_desc":"Kukkasiemenseos &quot;Insect&#039;s Paradise&quot; ammattilaatuinen sekoitus yksivuotisia ja monivuotisia siemeni\u00e4. Houkuttelee hy\u00f6nteisi\u00e4 ja mehil\u00e4isi\u00e4. ","_seopress_robots_index":"","_gspb_post_css":""},"product_brand":[],"product_cat":[2392,2427,2423,2399],"product_tag":[],"class_list":{"0":"post-49523","1":"product","2":"type-product","3":"status-publish","4":"has-post-thumbnail","6":"product_cat-kaikki-luokat","7":"product_cat-kukkien-siemensekoitukset","8":"product_cat-kukkien-siemenet","9":"product_cat-siemenet","11":"first","12":"instock","13":"taxable","14":"shipping-taxable","15":"purchasable","16":"product-type-simple"},"ct_brands":[],"acf":[],"_links":{"self":[{"href":"https:\/\/agrozone.ee\/fi\/wp-json\/wp\/v2\/product\/49523","targetHints":{"allow":["GET"]}}],"collection":[{"href":"https:\/\/agrozone.ee\/fi\/wp-json\/wp\/v2\/product"}],"about":[{"href":"https:\/\/agrozone.ee\/fi\/wp-json\/wp\/v2\/types\/product"}],"wp:featuredmedia":[{"embeddable":true,"href":"https:\/\/agrozone.ee\/fi\/wp-json\/wp\/v2\/media\/44956"}],"wp:attachment":[{"href":"https:\/\/agrozone.ee\/fi\/wp-json\/wp\/v2\/media?parent=49523"}],"wp:term":[{"taxonomy":"product_brand","embeddable":true,"href":"https:\/\/agrozone.ee\/fi\/wp-json\/wp\/v2\/product_brand?post=49523"},{"taxonomy":"product_cat","embeddable":true,"href":"https:\/\/agrozone.ee\/fi\/wp-json\/wp\/v2\/product_cat?post=49523"},{"taxonomy":"product_tag","embeddable":true,"href":"https:\/\/agrozone.ee\/fi\/wp-json\/wp\/v2\/product_tag?post=49523"}],"curies":[{"name":"wp","href":"https:\/\/api.w.org\/{rel}","templated":true}]}}