{"id":49525,"date":"2024-06-09T15:53:08","date_gmt":"2024-06-09T13:53:08","guid":{"rendered":"https:\/\/agrozone.ee\/toode\/villi-luonto-kukkasiemenseos-100g\/"},"modified":"2024-06-09T15:53:08","modified_gmt":"2024-06-09T13:53:08","slug":"villi-luonto-kukkasiemenseos-100g","status":"publish","type":"product","link":"https:\/\/agrozone.ee\/fi\/tuote\/villi-luonto-kukkasiemenseos-100g\/","title":{"rendered":"Villi luonto kukkasiemenseos 100g"},"content":{"rendered":"<p><strong>Villi luonto kukkasiemenseos 100g<\/strong><\/p>\n<ul>\n<li>Sekoitus yksivuotisia ja monivuotisia niittykukkia.<\/li>\n<li>Korkeus enint\u00e4\u00e4n 120 cm.<\/li>\n<li>Houkuttelee mehil\u00e4isi\u00e4 ja hy\u00f6dyllisi\u00e4 hy\u00f6nteisi\u00e4.<\/li>\n<\/ul>\n<p>SIS\u00c4LT\u00d6<\/p>\n<ul>\n<li>Suviadoonis Adonis aestivalis<\/li>\n<li>ruiskaunokki Centaurea cyanus<\/li>\n<li>puutarha muratti Silene armeria<\/li>\n<li>mets\u00e4kastanja Malva sylvestris<\/li>\n<li>Aarniokukka Hesperis matronalis Hesperis matronalis<\/li>\n<li>aedtill Anethum graveolens<\/li>\n<li>isolehtinen esikko Oenothera lamarckiana<\/li>\n<\/ul>\n<h3>K\u00e4ytt\u00f6ohjeet<\/h3>\n<ul>\n<li>Yksivuotiset ja monivuotiset puolikovat kukat sopivat hyvin luonnonkukkapuutarhoihin.<\/li>\n<li>V\u00e4rikk\u00e4\u00e4t kukka-asetelmat ilahduttavat sinua l\u00e4pi kes\u00e4n ja seuraavaan vuoteen.<\/li>\n<li>Hy\u00f6tyhy\u00f6nteiset, kuten mehil\u00e4iset, kimalaiset ja perhoset, rakastavat niittykukkien siitep\u00f6ly\u00e4 ja mett\u00e4.<\/li>\n<li>KASVUALUSTA. Kukkasiemenseos sopii kosteille, aurinkoisille tai puolivarjoisille kasvupaikoille.<\/li>\n<li>Valmistele kylv\u00f6pinta huolellisesti ja kylv\u00e4 seos tasaisesti pintaan.<\/li>\n<li>Kaivetaan 1-2 cm:n syvyyteen maahan.<\/li>\n<li>Paina maata kevyesti ja pid\u00e4 kylv\u00f6ala kosteana.<\/li>\n<li>Siementen it\u00e4misaika vaihtelee.<\/li>\n<li>Suojaa kylv\u00f6ala linnuilta.<\/li>\n<li>Saat parhaan tuloksen, noudata pakkauksessa suositeltua kylv\u00f6tiheytt\u00e4.<\/li>\n<li>Poista liian tihe\u00e4t kasvit kev\u00e4\u00e4ll\u00e4 kukinnan p\u00e4\u00e4tytty\u00e4, jotta yksitt\u00e4iset kasvit voivat kehitty\u00e4 paremmin.<\/li>\n<li>Pakkaus riitt\u00e4\u00e4 100 m\u00b2:n peitt\u00e4miseen.<\/li>\n<li>It\u00e4\u00e4 14-21 p\u00e4iv\u00e4\u00e4 v\u00e4hint\u00e4\u00e4n 12 \u00b0C:ssa.<\/li>\n<\/ul>\n","protected":false},"excerpt":{"rendered":"<ul>\n<li>Sekoitus yksivuotisia ja monivuotisia niittykukkia.<\/li>\n<li>Korkeus enint\u00e4\u00e4n 120 cm.<\/li>\n<li>Houkuttelee mehil\u00e4isi\u00e4 ja hy\u00f6dyllisi\u00e4 hy\u00f6nteisi\u00e4.<\/li>\n<\/ul>\n","protected":false},"featured_media":44953,"template":"","meta":{"_acf_changed":false,"_seopress_robots_primary_cat":"none","_seopress_titles_title":"","_seopress_titles_desc":"Kukkasiemensekoitus Mets\u00e4luonto 100g - Yksi- ja monivuotisten niittykukkien siemensekoitus. Korkeus enint\u00e4\u00e4n 120 cm. Houkuttelee mehil\u00e4isi\u00e4 ja hy\u00f6dyllisi\u00e4 hy\u00f6nteisi\u00e4.","_seopress_robots_index":"","_gspb_post_css":""},"product_brand":[],"product_cat":[2392,2427,2423,2399],"product_tag":[],"class_list":{"0":"post-49525","1":"product","2":"type-product","3":"status-publish","4":"has-post-thumbnail","6":"product_cat-kaikki-luokat","7":"product_cat-kukkien-siemensekoitukset","8":"product_cat-kukkien-siemenet","9":"product_cat-siemenet","11":"first","12":"instock","13":"taxable","14":"shipping-taxable","15":"purchasable","16":"product-type-simple"},"ct_brands":[],"acf":[],"_links":{"self":[{"href":"https:\/\/agrozone.ee\/fi\/wp-json\/wp\/v2\/product\/49525","targetHints":{"allow":["GET"]}}],"collection":[{"href":"https:\/\/agrozone.ee\/fi\/wp-json\/wp\/v2\/product"}],"about":[{"href":"https:\/\/agrozone.ee\/fi\/wp-json\/wp\/v2\/types\/product"}],"wp:featuredmedia":[{"embeddable":true,"href":"https:\/\/agrozone.ee\/fi\/wp-json\/wp\/v2\/media\/44953"}],"wp:attachment":[{"href":"https:\/\/agrozone.ee\/fi\/wp-json\/wp\/v2\/media?parent=49525"}],"wp:term":[{"taxonomy":"product_brand","embeddable":true,"href":"https:\/\/agrozone.ee\/fi\/wp-json\/wp\/v2\/product_brand?post=49525"},{"taxonomy":"product_cat","embeddable":true,"href":"https:\/\/agrozone.ee\/fi\/wp-json\/wp\/v2\/product_cat?post=49525"},{"taxonomy":"product_tag","embeddable":true,"href":"https:\/\/agrozone.ee\/fi\/wp-json\/wp\/v2\/product_tag?post=49525"}],"curies":[{"name":"wp","href":"https:\/\/api.w.org\/{rel}","templated":true}]}}