{"id":49748,"date":"2024-06-09T16:14:16","date_gmt":"2024-06-09T14:14:16","guid":{"rendered":"https:\/\/agrozone.ee\/toode\/niittykukkien-siemenseos-1-kg\/"},"modified":"2024-06-09T16:14:16","modified_gmt":"2024-06-09T14:14:16","slug":"niittykukkien-siemenseos-1-kg","status":"publish","type":"product","link":"https:\/\/agrozone.ee\/fi\/tuote\/niittykukkien-siemenseos-1-kg\/","title":{"rendered":"Niittykukkien siemenseos 1 kg"},"content":{"rendered":"<p><strong>Niittykukkien siemenseos 1 kg<\/strong><\/p>\n<ul>\n<li>Siemenseos koostuu yksivuotisista kukkivista mesikasveista, jotka houkuttelevat mehil\u00e4isi\u00e4 ja muita hy\u00f6dyllisi\u00e4 hy\u00f6nteisi\u00e4 ja ovat ilo silm\u00e4lle koko kes\u00e4n ajan.<\/li>\n<li>Seosta voi kylv\u00e4\u00e4 kotipuutarhoihin, pellonreunoille, viljapeltojen varsille ja mehil\u00e4istarhojen l\u00e4helle.<\/li>\n<li>1 kg riitt\u00e4\u00e4 500 m\u00b2:n kylv\u00e4miseen<\/li>\n<\/ul>\n<p><strong>Koostumus: <\/strong><\/p>\n<ul>\n<li>hunajakukka tai harvemmin ripsiapila (Phacelia tanacetifolia)<\/li>\n<li>inkarnaatirikko tai veriapila (Trifolium incarnatum)<\/li>\n<li>pellava (Linum usitatissimum)<\/li>\n<li>tattari (Fagopyrum esculentum)<\/li>\n<li>persianapila (Trifolium resupinatum)<\/li>\n<li>westerwoldinraihein\u00e4 (Lolium multiflorum Lam. var. westerwoldicum Wittm.)<\/li>\n<li>ruiskaunokki (Centaurea cyanus)<\/li>\n<li>purasruoho (Borago officinalis)<\/li>\n<li>tilli (Anethum graveolens)<\/li>\n<li>korianteri (Coriandrum sativum)<\/li>\n<li>valkosinappi (Sinapis alba)<\/li>\n<li>sertadella (Ornitophus sativus)<\/li>\n<\/ul>\n","protected":false},"excerpt":{"rendered":"<ul>\n<li>Siemenseos koostuu yksivuotisista kukkivista mesikasveista, jotka houkuttelevat mehil\u00e4isi\u00e4 ja muita hy\u00f6dyllisi\u00e4 hy\u00f6nteisi\u00e4 ja ovat ilo silm\u00e4lle koko kes\u00e4n ajan.<\/li>\n<li>Seosta voi kylv\u00e4\u00e4 kotipuutarhoihin, pellonreunoille, viljapeltojen varsille ja mehil\u00e4istarhojen l\u00e4helle.<\/li>\n<li>1 kg riitt\u00e4\u00e4 500 m\u00b2:n kylv\u00e4miseen<\/li>\n<\/ul>\n","protected":false},"featured_media":44131,"template":"","meta":{"_acf_changed":false,"_seopress_robots_primary_cat":"none","_seopress_titles_title":"","_seopress_titles_desc":"Niittykukkien siemenseos 1 kg - koostuu yksivuotisista kukkivista mesikasveista. Voidaan kylv\u00e4\u00e4 kotipuutarhoihin, pellonreunoille, viljapeltojen varsille ja mehil\u00e4istarhojen l\u00e4helle. ","_seopress_robots_index":"","_gspb_post_css":""},"product_brand":[],"product_cat":[2444,2392,2427,2423,2399],"product_tag":[],"class_list":{"0":"post-49748","1":"product","2":"type-product","3":"status-publish","4":"has-post-thumbnail","6":"product_cat-hunajakasvit-ja-valiviljelykasvit","7":"product_cat-kaikki-luokat","8":"product_cat-kukkien-siemensekoitukset","9":"product_cat-kukkien-siemenet","10":"product_cat-siemenet","12":"first","13":"instock","14":"taxable","15":"shipping-taxable","16":"purchasable","17":"product-type-simple"},"ct_brands":[],"acf":[],"_links":{"self":[{"href":"https:\/\/agrozone.ee\/fi\/wp-json\/wp\/v2\/product\/49748","targetHints":{"allow":["GET"]}}],"collection":[{"href":"https:\/\/agrozone.ee\/fi\/wp-json\/wp\/v2\/product"}],"about":[{"href":"https:\/\/agrozone.ee\/fi\/wp-json\/wp\/v2\/types\/product"}],"wp:featuredmedia":[{"embeddable":true,"href":"https:\/\/agrozone.ee\/fi\/wp-json\/wp\/v2\/media\/44131"}],"wp:attachment":[{"href":"https:\/\/agrozone.ee\/fi\/wp-json\/wp\/v2\/media?parent=49748"}],"wp:term":[{"taxonomy":"product_brand","embeddable":true,"href":"https:\/\/agrozone.ee\/fi\/wp-json\/wp\/v2\/product_brand?post=49748"},{"taxonomy":"product_cat","embeddable":true,"href":"https:\/\/agrozone.ee\/fi\/wp-json\/wp\/v2\/product_cat?post=49748"},{"taxonomy":"product_tag","embeddable":true,"href":"https:\/\/agrozone.ee\/fi\/wp-json\/wp\/v2\/product_tag?post=49748"}],"curies":[{"name":"wp","href":"https:\/\/api.w.org\/{rel}","templated":true}]}}