{"id":49752,"date":"2024-06-09T16:14:16","date_gmt":"2024-06-09T14:14:16","guid":{"rendered":"https:\/\/agrozone.ee\/toode\/keraajakasvien-siemenseos-1-kg\/"},"modified":"2024-06-09T16:14:16","modified_gmt":"2024-06-09T14:14:16","slug":"keraajakasvien-siemenseos-1-kg","status":"publish","type":"product","link":"https:\/\/agrozone.ee\/fi\/tuote\/keraajakasvien-siemenseos-1-kg\/","title":{"rendered":"Ker\u00e4\u00e4j\u00e4kasvien siemenseos 1 kg"},"content":{"rendered":"<p><strong>Ker\u00e4\u00e4j\u00e4kasvien siemenseos 1 kg<\/strong><\/p>\n<ul>\n<li>Siemenseos koostuu yksi-, kaksi- ja monivuotisista kukkivista mesikasveista, jotka houkuttelevat mehil\u00e4isi\u00e4 ja muita hy\u00f6dyllisi\u00e4 hy\u00f6nteisi\u00e4 ja ovat ilo silm\u00e4lle koko kes\u00e4n ajan.<\/li>\n<li>Hy\u00f6nteisten runsaus ja parempi p\u00f6lytys parantavat viereisten peltokasvien siemensatoa.<\/li>\n<li>Ker\u00e4\u00e4j\u00e4kasvit auttavat parantamaan maaper\u00e4n viljavuutta, v\u00e4hent\u00e4m\u00e4\u00e4n rikkakasvien m\u00e4\u00e4r\u00e4\u00e4 ja maaper\u00e4n eroosiota.<\/li>\n<li>Kasvien juuret kuohkeuttavat maata luoden paremmat olosuhteet maaper\u00e4n mikroflooran elintoiminnalle.<\/li>\n<li>Lis\u00e4ksi palkokasvit sitovat my\u00f6s ilmakeh\u00e4n typpe\u00e4 ja rikastavat maaper\u00e4\u00e4 typell\u00e4.<\/li>\n<li>1 kg riitt\u00e4\u00e4 500 m\u00b2:n kylv\u00e4miseen<\/li>\n<\/ul>\n<p><strong>Koostumus:<\/strong><\/p>\n<ul>\n<li>alsikeapila (Trifolium hybridum)<\/li>\n<li>sinimailanen (Medicago sativa)<\/li>\n<li>esparsetti (Onobrychis viciifolia )<\/li>\n<li>alsikeapila (Trifolium alexandrinum)<\/li>\n<li>valkoapila (Trifolium repens)<\/li>\n<li>puna-apila (Trifolium pratense)<\/li>\n<li>persianapila (Trifolium resupinatum)<\/li>\n<li>keltamesikk\u00e4 (Melilotus officinalis)<\/li>\n<li>inkarnaatirikko tai veriapila (Trifolium incarnatum)<\/li>\n<li>hunajakukka tai harvemmin ripsiapila (Phacelia tanacetifolia)<\/li>\n<li>purasruoho (Borago officinalis)<\/li>\n<li>kumina (Carum carvi)<\/li>\n<li>tilli (Anethum graveolens)<\/li>\n<li>korianteri (Coriandrum sativum)<\/li>\n<li>keh\u00e4kukka (Calendula officinalis)<\/li>\n<\/ul>\n","protected":false},"excerpt":{"rendered":"<ul>\n<li>Siemenseos koostuu yksi-, kaksi- ja monivuotisista kukkivista mesikasveista, jotka houkuttelevat mehil\u00e4isi\u00e4 ja muita hy\u00f6dyllisi\u00e4 hy\u00f6nteisi\u00e4 ja ovat ilo silm\u00e4lle koko kes\u00e4n ajan.<\/li>\n<li>Hy\u00f6nteisten runsaus ja parempi p\u00f6lytys parantavat viereisten peltokasvien siemensatoa.<\/li>\n<li>Ker\u00e4\u00e4j\u00e4kasvit auttavat parantamaan maaper\u00e4n viljavuutta, v\u00e4hent\u00e4m\u00e4\u00e4n rikkakasvien m\u00e4\u00e4r\u00e4\u00e4 ja maaper\u00e4n eroosiota.<\/li>\n<li>Kasvien juuret kuohkeuttavat maata luoden paremmat olosuhteet maaper\u00e4n mikroflooran elintoiminnalle.<\/li>\n<li>Lis\u00e4ksi palkokasvit sitovat my\u00f6s ilmakeh\u00e4n typpe\u00e4 ja rikastavat maaper\u00e4\u00e4 typell\u00e4.<\/li>\n<li>1 kg riitt\u00e4\u00e4 500 m\u00b2:n kylv\u00e4miseen<\/li>\n<\/ul>\n","protected":false},"featured_media":44151,"template":"","meta":{"_acf_changed":false,"_seopress_robots_primary_cat":"none","_seopress_titles_title":"","_seopress_titles_desc":"Ker\u00e4\u00e4j\u00e4kasvien siemenseos 1 kg - Siemenseos koostuu yksi-, kaksi- ja monivuotisista kukkivista mesikasveista. 1 kg riitt\u00e4\u00e4 500 m\u00b2:n kylv\u00e4miseen. ","_seopress_robots_index":"","_gspb_post_css":""},"product_brand":[],"product_cat":[2444,2392,2427,2423,2399],"product_tag":[],"class_list":{"0":"post-49752","1":"product","2":"type-product","3":"status-publish","4":"has-post-thumbnail","6":"product_cat-hunajakasvit-ja-valiviljelykasvit","7":"product_cat-kaikki-luokat","8":"product_cat-kukkien-siemensekoitukset","9":"product_cat-kukkien-siemenet","10":"product_cat-siemenet","12":"first","13":"instock","14":"taxable","15":"shipping-taxable","16":"purchasable","17":"product-type-simple"},"ct_brands":[],"acf":[],"_links":{"self":[{"href":"https:\/\/agrozone.ee\/fi\/wp-json\/wp\/v2\/product\/49752","targetHints":{"allow":["GET"]}}],"collection":[{"href":"https:\/\/agrozone.ee\/fi\/wp-json\/wp\/v2\/product"}],"about":[{"href":"https:\/\/agrozone.ee\/fi\/wp-json\/wp\/v2\/types\/product"}],"wp:featuredmedia":[{"embeddable":true,"href":"https:\/\/agrozone.ee\/fi\/wp-json\/wp\/v2\/media\/44151"}],"wp:attachment":[{"href":"https:\/\/agrozone.ee\/fi\/wp-json\/wp\/v2\/media?parent=49752"}],"wp:term":[{"taxonomy":"product_brand","embeddable":true,"href":"https:\/\/agrozone.ee\/fi\/wp-json\/wp\/v2\/product_brand?post=49752"},{"taxonomy":"product_cat","embeddable":true,"href":"https:\/\/agrozone.ee\/fi\/wp-json\/wp\/v2\/product_cat?post=49752"},{"taxonomy":"product_tag","embeddable":true,"href":"https:\/\/agrozone.ee\/fi\/wp-json\/wp\/v2\/product_tag?post=49752"}],"curies":[{"name":"wp","href":"https:\/\/api.w.org\/{rel}","templated":true}]}}