{"id":49754,"date":"2024-07-05T09:19:43","date_gmt":"2024-07-05T07:19:43","guid":{"rendered":"https:\/\/agrozone.ee\/toode\/apteekin-kamomilla\/"},"modified":"2025-12-06T21:14:32","modified_gmt":"2025-12-06T19:14:32","slug":"apteekin-kamomilla","status":"publish","type":"product","link":"https:\/\/agrozone.ee\/fi\/tuote\/apteekin-kamomilla\/","title":{"rendered":"Apteekin Kamomilla"},"content":{"rendered":"<p>Apteekin kamomilla - Kamomillasaunio - Teekummel<\/p>\n<ul>\n<li>Yksivuotiset l\u00e4\u00e4ke-, koriste- ja mesikasvit.<\/li>\n<li>Ker\u00e4tyt kukat tulisi kuivata heti, sill\u00e4 vain hyvin kuivatuissa kukissa on runsas tuoksu.<\/li>\n<li>Paras kasvupaikka on kevyt, hyvin muokattu ja rikkaruohovapaa maa.<\/li>\n<\/ul>\n<p>Luomutuote<br \/>\nM\u00e4\u00e4r\u00e4 pakkauksessa 1 g<br \/>\nSiemeni\u00e4 pakkauksessa, kpl 16000<br \/>\nKylv\u00f6aika, syvyys 0 cm<br \/>\nKylv\u00f6aika maahan IV-V, syvyys 0 cm<br \/>\nIstutusv\u00e4li 7 x 7 cm<br \/>\nKukinta, korkeus VIII, 40 cm <\/p>\n","protected":false},"excerpt":{"rendered":"<ul>\n<li>Yksivuotiset l\u00e4\u00e4ke-, koriste- ja mesikasvit.<\/li>\n<li>Ker\u00e4tyt kukat tulisi kuivata heti, sill\u00e4 vain hyvin kuivatuissa kukissa on runsas tuoksu.<\/li>\n<li>Paras kasvupaikka on kevyt, hyvin muokattu ja rikkaruohovapaa maa.<\/li>\n<\/ul>\n","protected":false},"featured_media":45834,"template":"","meta":{"_acf_changed":false,"_seopress_robots_primary_cat":"none","_seopress_titles_title":"","_seopress_titles_desc":"","_seopress_robots_index":"","_gspb_post_css":""},"product_brand":[],"product_cat":[2430,2444,2392,2423,2399],"product_tag":[],"class_list":{"0":"post-49754","1":"product","2":"type-product","3":"status-publish","4":"has-post-thumbnail","6":"product_cat-muut","7":"product_cat-hunajakasvit-ja-valiviljelykasvit","8":"product_cat-kaikki-luokat","9":"product_cat-kukkien-siemenet","10":"product_cat-siemenet","12":"first","13":"instock","14":"sale","15":"taxable","16":"shipping-taxable","17":"purchasable","18":"product-type-simple"},"ct_brands":[],"acf":[],"_links":{"self":[{"href":"https:\/\/agrozone.ee\/fi\/wp-json\/wp\/v2\/product\/49754","targetHints":{"allow":["GET"]}}],"collection":[{"href":"https:\/\/agrozone.ee\/fi\/wp-json\/wp\/v2\/product"}],"about":[{"href":"https:\/\/agrozone.ee\/fi\/wp-json\/wp\/v2\/types\/product"}],"wp:featuredmedia":[{"embeddable":true,"href":"https:\/\/agrozone.ee\/fi\/wp-json\/wp\/v2\/media\/45834"}],"wp:attachment":[{"href":"https:\/\/agrozone.ee\/fi\/wp-json\/wp\/v2\/media?parent=49754"}],"wp:term":[{"taxonomy":"product_brand","embeddable":true,"href":"https:\/\/agrozone.ee\/fi\/wp-json\/wp\/v2\/product_brand?post=49754"},{"taxonomy":"product_cat","embeddable":true,"href":"https:\/\/agrozone.ee\/fi\/wp-json\/wp\/v2\/product_cat?post=49754"},{"taxonomy":"product_tag","embeddable":true,"href":"https:\/\/agrozone.ee\/fi\/wp-json\/wp\/v2\/product_tag?post=49754"}],"curies":[{"name":"wp","href":"https:\/\/api.w.org\/{rel}","templated":true}]}}