{"id":4976,"date":"2024-06-09T16:11:13","date_gmt":"2024-06-09T13:11:13","guid":{"rendered":"https:\/\/agrozone.ee\/?post_type=product&#038;p=4976"},"modified":"2025-08-05T11:21:38","modified_gmt":"2025-08-05T09:21:38","slug":"kinnitusklambrid-taimedele-48x357x55cm-1010","status":"publish","type":"product","link":"https:\/\/agrozone.ee\/fi\/tuote\/kinnitusklambrid-taimedele-48x357x55cm-1010\/","title":{"rendered":"Kinnitusklambrid taimedele 4,8&#215;3,5+7&#215;5,5cm (10+10)"},"content":{"rendered":"<p><strong>Kinnitusklambrid taimedele 4,8&#215;3,5+7&#215;5,5cm (10+10)<\/strong><\/p>\n<ul>\n<li>Plastist taime kinnitusklambrid on suurep\u00e4rane alternatiiv tavap\u00e4rastele rihmadele ja n\u00f6\u00f6ridele.<\/li>\n<li>Kinnitused, aitavad t\u00f5sta taimeoksi, kinnituda erinevatele pindadele.<\/li>\n<li>Kvaliteetsetest materjalidest valmistatud funktsionaalsed vahendid.<\/li>\n<li>Aitavad teil oma aeda korralikult hooldada.<\/li>\n<li>Need klambrid ei tee mitte ainult oma t\u00f6\u00f6d suurep\u00e4raselt, vaid on ka praktiliselt n\u00e4htamatud, nii et need ei kahjusta teie aia esteetilist ilu.<\/li>\n<\/ul>\n","protected":false},"excerpt":{"rendered":"<ul>\n<li>Plastist taimeklambrid on suurep\u00e4rane alternatiiv tavap\u00e4rastele rihmadele ja n\u00f6\u00f6ridele.<\/li>\n<li>Kinnitused, aitavad t\u00f5sta taimeoksi, kinnituda erinevatele pindadele.<\/li>\n<li>Kvaliteetsetest materjalidest valmistatud funktsionaalsed vahendid.<\/li>\n<\/ul>\n","protected":false},"featured_media":5044,"template":"","meta":{"_acf_changed":false,"_seopress_robots_primary_cat":"none","_seopress_titles_title":"","_seopress_titles_desc":"Kinnitusklambrid taimedele 4,8x3,5+7x5,5cm (10+10) - Plastist taimeklambrid on suurep\u00e4rane alternatiiv tavap\u00e4rastele rihmadele ja n\u00f6\u00f6ridele.","_seopress_robots_index":"","_gspb_post_css":""},"product_brand":[],"product_cat":[149,210,15,169],"product_tag":[],"class_list":{"0":"post-4976","1":"product","2":"type-product","3":"status-publish","4":"has-post-thumbnail","6":"product_cat-aiatarvikud","7":"product_cat-katete-lisatarvikud","8":"product_cat-koik-kategooriad","9":"product_cat-taimeetiketid","11":"first","12":"instock","13":"taxable","14":"shipping-taxable","15":"purchasable","16":"product-type-simple"},"ct_brands":[],"acf":[],"_links":{"self":[{"href":"https:\/\/agrozone.ee\/fi\/wp-json\/wp\/v2\/product\/4976","targetHints":{"allow":["GET"]}}],"collection":[{"href":"https:\/\/agrozone.ee\/fi\/wp-json\/wp\/v2\/product"}],"about":[{"href":"https:\/\/agrozone.ee\/fi\/wp-json\/wp\/v2\/types\/product"}],"wp:featuredmedia":[{"embeddable":true,"href":"https:\/\/agrozone.ee\/fi\/wp-json\/wp\/v2\/media\/5044"}],"wp:attachment":[{"href":"https:\/\/agrozone.ee\/fi\/wp-json\/wp\/v2\/media?parent=4976"}],"wp:term":[{"taxonomy":"product_brand","embeddable":true,"href":"https:\/\/agrozone.ee\/fi\/wp-json\/wp\/v2\/product_brand?post=4976"},{"taxonomy":"product_cat","embeddable":true,"href":"https:\/\/agrozone.ee\/fi\/wp-json\/wp\/v2\/product_cat?post=4976"},{"taxonomy":"product_tag","embeddable":true,"href":"https:\/\/agrozone.ee\/fi\/wp-json\/wp\/v2\/product_tag?post=4976"}],"curies":[{"name":"wp","href":"https:\/\/api.w.org\/{rel}","templated":true}]}}