{"id":4977,"date":"2024-06-09T16:11:13","date_gmt":"2024-06-09T13:11:13","guid":{"rendered":"https:\/\/agrozone.ee\/?post_type=product&#038;p=4977"},"modified":"2025-08-05T11:22:07","modified_gmt":"2025-08-05T09:22:07","slug":"varjutuskanga-kinnitus-ja-pingutusklambrid-20-tk","status":"publish","type":"product","link":"https:\/\/agrozone.ee\/fi\/tuote\/varjutuskanga-kinnitus-ja-pingutusklambrid-20-tk\/","title":{"rendered":"Varjutuskanga kinnitus- ja pingutusklambrid 20 tk"},"content":{"rendered":"<p><strong>Varjutuskanga kinnitus- ja pingutusklambrid 20 tk<\/strong><\/p>\n<ul>\n<li>Sobivad igat t\u00fc\u00fcpi v\u00f5rkude ja kangaste kinnitamiseks.<\/li>\n<li>Vastupidavad ja UV-kindlad.<\/li>\n<li>Klambreid saab kasutada mitu korda.<\/li>\n<li>V\u00f5imaldavad mugavat paigaldamist.<\/li>\n<li>Valmistatud plastikust.<\/li>\n<\/ul>\n","protected":false},"excerpt":{"rendered":"<ul>\n<li>Sobivad igat t\u00fc\u00fcpi v\u00f5rkude ja kangaste kinnitamiseks.<\/li>\n<li>Vastupidavad ja UV-kindlad.<\/li>\n<li>Klambreid saab kasutada mitu korda.<\/li>\n<li>V\u00f5imaldavad mugavat paigaldamist.<\/li>\n<li>Valmistatud plastikust.<\/li>\n<\/ul>\n","protected":false},"featured_media":5046,"template":"","meta":{"_acf_changed":false,"_seopress_robots_primary_cat":"","_seopress_titles_title":"","_seopress_titles_desc":"Varjutuskanga kinnitus- ja pingutusklambrid 20 tk - Sobivad igat t\u00fc\u00fcpi v\u00f5rkude ja kangaste kinnitamiseks. Vastupidavad ja UV-kindlad.","_seopress_robots_index":"","_gspb_post_css":""},"product_brand":[],"product_cat":[210,15,174],"product_tag":[],"class_list":{"0":"post-4977","1":"product","2":"type-product","3":"status-publish","4":"has-post-thumbnail","6":"product_cat-katete-lisatarvikud","7":"product_cat-koik-kategooriad","8":"product_cat-taime-ja-pinnasekatted","10":"first","11":"instock","12":"taxable","13":"shipping-taxable","14":"purchasable","15":"product-type-simple"},"ct_brands":[],"acf":[],"_links":{"self":[{"href":"https:\/\/agrozone.ee\/fi\/wp-json\/wp\/v2\/product\/4977","targetHints":{"allow":["GET"]}}],"collection":[{"href":"https:\/\/agrozone.ee\/fi\/wp-json\/wp\/v2\/product"}],"about":[{"href":"https:\/\/agrozone.ee\/fi\/wp-json\/wp\/v2\/types\/product"}],"wp:featuredmedia":[{"embeddable":true,"href":"https:\/\/agrozone.ee\/fi\/wp-json\/wp\/v2\/media\/5046"}],"wp:attachment":[{"href":"https:\/\/agrozone.ee\/fi\/wp-json\/wp\/v2\/media?parent=4977"}],"wp:term":[{"taxonomy":"product_brand","embeddable":true,"href":"https:\/\/agrozone.ee\/fi\/wp-json\/wp\/v2\/product_brand?post=4977"},{"taxonomy":"product_cat","embeddable":true,"href":"https:\/\/agrozone.ee\/fi\/wp-json\/wp\/v2\/product_cat?post=4977"},{"taxonomy":"product_tag","embeddable":true,"href":"https:\/\/agrozone.ee\/fi\/wp-json\/wp\/v2\/product_tag?post=4977"}],"curies":[{"name":"wp","href":"https:\/\/api.w.org\/{rel}","templated":true}]}}