{"id":49850,"date":"2025-05-14T08:51:22","date_gmt":"2025-05-14T06:51:22","guid":{"rendered":"https:\/\/agrozone.ee\/toode\/hentohoyhenheina-angel-hair\/"},"modified":"2025-05-14T08:51:22","modified_gmt":"2025-05-14T06:51:22","slug":"hentohoyhenheina-angel-hair","status":"publish","type":"product","link":"https:\/\/agrozone.ee\/fi\/tuote\/hentohoyhenheina-angel-hair\/","title":{"rendered":"Hentoh\u00f6yhenheina Angel Hair"},"content":{"rendered":"<p>Stipa tenuissima &#8211; Monivuotinen, eritt\u00e4in koristeellinen ruohokasvi.<\/p>\n<p>Kukinnot muistuttavat sulkia, n\u00e4ytt\u00e4\u00e4 kauniilta tuulisilla, avoimilla kasvualustoilla kasvatettuna \u2013 tuulessa liehuvat kukat ja lehdet ovat erityisen koristeellisia kes\u00e4n toisella puoliskolla.<\/p>\n<ul>\n<li data-sourcepos=\"1:1-2:596\">Kasvit siet\u00e4v\u00e4t hyvin kuivuutta ja pysyv\u00e4t kauniina ensimm\u00e4isen pakkasen j\u00e4lkeenkin.<\/li>\n<li data-sourcepos=\"1:1-2:596\">T\u00e4t\u00e4 kasvia kasvatetaan aurinkoisessa paikassa.<\/li>\n<li data-sourcepos=\"1:1-2:596\">Kasvaa parhaiten kevyess\u00e4, hyvin vett\u00e4 l\u00e4p\u00e4isev\u00e4ss\u00e4 maaper\u00e4ss\u00e4.<\/li>\n<li data-sourcepos=\"1:1-2:596\">Voi kasvaa samalla paikalla 3\u20134 vuotta.<\/li>\n<li data-sourcepos=\"1:1-2:596\">Talvella voi j\u00e4tt\u00e4\u00e4 peitt\u00e4m\u00e4tt\u00e4.<\/li>\n<li data-sourcepos=\"1:1-2:596\">Kasvi s\u00e4ilytt\u00e4\u00e4 koristeellisuutensa kev\u00e4\u00e4seen asti; sen j\u00e4lkeen on suositeltavaa poistaa lehdet.<\/li>\n<li data-sourcepos=\"1:1-2:596\">30 siement\u00e4 riitt\u00e4\u00e4 15\u201325 ruukkuun tai 3\u20135 m\u00b2 kukkapenkkiin.<span class=\"button-container hide-from-message-actions ng-star-inserted\">   <\/span><\/li>\n<\/ul>\n<div class=\"container ng-tns-c3792513353-33 hide\">\n<div class=\"carousel-container ng-tns-c3792513353-33\"><\/div>\n<\/div>\n<ul>\n<li data-sourcepos=\"4:1-9:5\">Kylv\u00f6aika kasvihuoneessa: V, X<\/li>\n<li data-sourcepos=\"4:1-9:5\">V\u00e4li, cm: 60&#215;60<\/li>\n<li data-sourcepos=\"4:1-9:5\">Koristeellisuus: VI-IX<\/li>\n<li data-sourcepos=\"4:1-9:5\">Kylv\u00f6syvyys, cm: 1<\/li>\n<\/ul>\n","protected":false},"excerpt":{"rendered":"<p>Stipa tenuissima &#8211; Monivuotinen, eritt\u00e4in koristeellinen ruohokasvi. Kukinnot muistuttavat sulkia, n\u00e4ytt\u00e4\u00e4 kauniilta tuulisilla, avoimilla kasvualustoilla kasvatettuna \u2013 tuulessa liehuvat kukat ja lehdet ovat erityisen koristeellisia kes\u00e4n toisella puoliskolla. Kasvit siet\u00e4v\u00e4t hyvin kuivuutta ja pysyv\u00e4t kauniina ensimm\u00e4isen pakkasen j\u00e4lkeenkin. T\u00e4t\u00e4 kasvia kasvatetaan aurinkoisessa paikassa. Kasvaa parhaiten kevyess\u00e4, hyvin vett\u00e4 l\u00e4p\u00e4isev\u00e4ss\u00e4 maaper\u00e4ss\u00e4. Voi kasvaa samalla paikalla 3\u20134 [&hellip;]<\/p>\n","protected":false},"featured_media":49847,"template":"","meta":{"_acf_changed":false,"_seopress_robots_primary_cat":"","_seopress_titles_title":"","_seopress_titles_desc":"","_seopress_robots_index":"","_gspb_post_css":""},"product_brand":[],"product_cat":[2430,2392,2423,2429,2399],"product_tag":[],"class_list":{"0":"post-49850","1":"product","2":"type-product","3":"status-publish","4":"has-post-thumbnail","6":"product_cat-muut","7":"product_cat-kaikki-luokat","8":"product_cat-kukkien-siemenet","9":"product_cat-monivuotiset","10":"product_cat-siemenet","12":"first","13":"instock","14":"taxable","15":"shipping-taxable","16":"purchasable","17":"product-type-simple"},"ct_brands":[],"acf":[],"_links":{"self":[{"href":"https:\/\/agrozone.ee\/fi\/wp-json\/wp\/v2\/product\/49850","targetHints":{"allow":["GET"]}}],"collection":[{"href":"https:\/\/agrozone.ee\/fi\/wp-json\/wp\/v2\/product"}],"about":[{"href":"https:\/\/agrozone.ee\/fi\/wp-json\/wp\/v2\/types\/product"}],"wp:featuredmedia":[{"embeddable":true,"href":"https:\/\/agrozone.ee\/fi\/wp-json\/wp\/v2\/media\/49847"}],"wp:attachment":[{"href":"https:\/\/agrozone.ee\/fi\/wp-json\/wp\/v2\/media?parent=49850"}],"wp:term":[{"taxonomy":"product_brand","embeddable":true,"href":"https:\/\/agrozone.ee\/fi\/wp-json\/wp\/v2\/product_brand?post=49850"},{"taxonomy":"product_cat","embeddable":true,"href":"https:\/\/agrozone.ee\/fi\/wp-json\/wp\/v2\/product_cat?post=49850"},{"taxonomy":"product_tag","embeddable":true,"href":"https:\/\/agrozone.ee\/fi\/wp-json\/wp\/v2\/product_tag?post=49850"}],"curies":[{"name":"wp","href":"https:\/\/api.w.org\/{rel}","templated":true}]}}