{"id":4992,"date":"2024-06-09T16:11:34","date_gmt":"2024-06-09T13:11:34","guid":{"rendered":"https:\/\/agrozone.ee\/?post_type=product&#038;p=4992"},"modified":"2025-07-31T12:57:43","modified_gmt":"2025-07-31T10:57:43","slug":"komposti-haisueemaldi-750g","status":"publish","type":"product","link":"https:\/\/agrozone.ee\/fi\/tuote\/komposti-haisueemaldi-750g\/","title":{"rendered":"Komposti haisueemaldi 750g"},"content":{"rendered":"<p><strong>Komposti haisueemaldi 750g<\/strong><\/p>\n<ul>\n<li>Ebameeldivate l\u00f5hnade, putukate, t\u00f5ukude ja hallituse tekke v\u00e4ltimiseks kompostris, bioj\u00e4\u00e4tmete pr\u00fcgikastis ja k\u00f6\u00f6gikomposstris.<\/li>\n<li>Hoiab \u00e4ra patogeenide pidurdamatu paljunemise, mis v\u00f5ib olla nakkushaiguste allikas.<\/li>\n<li>\u00d5ige kasutamise korral ei ole orgaaniline komposti pulber inimestele ega loomadele kahjulik.<\/li>\n<li>Pulber eemaldab orgaanilistest j\u00e4\u00e4tmetest liigse niiskuse.<\/li>\n<li>Eeterlikud \u00f5lid seovad ebameeldivaid l\u00f5hnu.<\/li>\n<li>750g &#8211; 1000l bioj\u00e4\u00e4tmetekohta<\/li>\n<\/ul>\n<h4>Kasutusjuhend<\/h4>\n<ul>\n<li>Puista komposti pulbrit s\u00e4\u00e4stlikult ja \u00fchtlaselt iga lisatud orgaanilise j\u00e4\u00e4tmekihi vahele nii k\u00f6\u00f6gikompostris kui ka v\u00e4lises konteinetites.<\/li>\n<\/ul>\n<h4>Hoiustamine<\/h4>\n<ul>\n<li>Hoida lastele k\u00e4ttesaamatus kohas.<\/li>\n<li>Hoida eemal toidust, jookidest ja loomas\u00f6\u00f6dast.<\/li>\n<\/ul>\n","protected":false},"excerpt":{"rendered":"<ul>\n<li>Ebameeldivate l\u00f5hnade, putukate, t\u00f5ukude ja hallituse tekke v\u00e4ltimiseks kompostris, bioj\u00e4\u00e4tmete pr\u00fcgikastis ja k\u00f6\u00f6gikomposstris.<\/li>\n<li>Hoiab \u00e4ra patogeenide pidurdamatu paljunemise, mis v\u00f5ib olla nakkushaiguste allikas.<\/li>\n<li>\u00d5ige kasutamise korral ei ole orgaaniline komposti pulber inimestele ega loomadele kahjulik.<\/li>\n<li>Pulber eemaldab orgaanilistest j\u00e4\u00e4tmetest liigse niiskuse.<\/li>\n<li>Eeterlikud \u00f5lid seovad ebameeldivaid l\u00f5hnu.<\/li>\n<\/ul>\n","protected":false},"featured_media":5054,"template":"","meta":{"_acf_changed":false,"_seopress_robots_primary_cat":"","_seopress_titles_title":"","_seopress_titles_desc":"Komposti haisueemaldi 750g - Ebameeldivate l\u00f5hnade, putukate, t\u00f5ukude ja hallituse v\u00e4ltimiseks kompostris, bioj\u00e4\u00e4tmete pr\u00fcgikastis ja k\u00f6\u00f6gikomposstris.","_seopress_robots_index":"","_gspb_post_css":""},"product_brand":[],"product_cat":[149,15,163],"product_tag":[],"class_list":{"0":"post-4992","1":"product","2":"type-product","3":"status-publish","4":"has-post-thumbnail","6":"product_cat-aiatarvikud","7":"product_cat-koik-kategooriad","8":"product_cat-kompost","10":"first","11":"instock","12":"taxable","13":"shipping-taxable","14":"purchasable","15":"product-type-simple"},"ct_brands":[],"acf":[],"_links":{"self":[{"href":"https:\/\/agrozone.ee\/fi\/wp-json\/wp\/v2\/product\/4992","targetHints":{"allow":["GET"]}}],"collection":[{"href":"https:\/\/agrozone.ee\/fi\/wp-json\/wp\/v2\/product"}],"about":[{"href":"https:\/\/agrozone.ee\/fi\/wp-json\/wp\/v2\/types\/product"}],"wp:featuredmedia":[{"embeddable":true,"href":"https:\/\/agrozone.ee\/fi\/wp-json\/wp\/v2\/media\/5054"}],"wp:attachment":[{"href":"https:\/\/agrozone.ee\/fi\/wp-json\/wp\/v2\/media?parent=4992"}],"wp:term":[{"taxonomy":"product_brand","embeddable":true,"href":"https:\/\/agrozone.ee\/fi\/wp-json\/wp\/v2\/product_brand?post=4992"},{"taxonomy":"product_cat","embeddable":true,"href":"https:\/\/agrozone.ee\/fi\/wp-json\/wp\/v2\/product_cat?post=4992"},{"taxonomy":"product_tag","embeddable":true,"href":"https:\/\/agrozone.ee\/fi\/wp-json\/wp\/v2\/product_tag?post=4992"}],"curies":[{"name":"wp","href":"https:\/\/api.w.org\/{rel}","templated":true}]}}