{"id":49970,"date":"2025-05-14T10:49:28","date_gmt":"2025-05-14T08:49:28","guid":{"rendered":"https:\/\/agrozone.ee\/?post_type=product&#038;p=49970"},"modified":"2025-05-24T06:09:15","modified_gmt":"2025-05-24T04:09:15","slug":"suurikokoinen-varhainen-kurpitsa-golias","status":"publish","type":"product","link":"https:\/\/agrozone.ee\/fi\/tuote\/suurikokoinen-varhainen-kurpitsa-golias\/","title":{"rendered":"Suurikokoinen varhainen kurpitsa &#8220;GOLI\u00c1\u0160&#8221;"},"content":{"rendered":"<p>Cucurbita Maxima Duchesne<\/p>\n<p>Satoisa kurpitsalajike. Hedelm\u00e4t ovat soikeita, punertavanoranssilla kuorella. <\/p>\n<ul>\n<li>Kasvattaa suuria hedelmi\u00e4, jotka voivat painaa 18-30 kg tai erityisen suotuisissa kasvuolosuhteissa jopa 70 kg.<\/li>\n<li>Hedelm\u00e4liha on oranssia ja makeaa.<\/li>\n<li>Sopii patoihin, keittoihin, hilloihin, kastikkeisiin ja makeisiin leivonnaisiin.<\/li>\n<li>Hedelmi\u00e4 voi s\u00e4ilytt\u00e4\u00e4 maaliskuuhun asti.<\/li>\n<li>Siemeni\u00e4 pakkauksessa: ~ 6-16<\/li>\n<li>Kylv\u00f6aika maahan: V-VI<\/li>\n<li>Kylv\u00f6aika esikasvatukseen: IV<\/li>\n<li>Taimiv\u00e4li, cm: 70&#215;60-70<\/li>\n<li>Sadonkorjuu: VIII-IX<\/li>\n<\/ul>\n","protected":false},"excerpt":{"rendered":"<p>Cucurbita Maxima Duchesne Satoisa kurpitsalajike. Hedelm\u00e4t ovat soikeita, punertavanoranssilla kuorella. Kasvattaa suuria hedelmi\u00e4, jotka voivat painaa 18-30 kg tai erityisen suotuisissa kasvuolosuhteissa jopa 70 kg. Hedelm\u00e4liha on oranssia ja makeaa. Sopii patoihin, keittoihin, hilloihin, kastikkeisiin ja makeisiin leivonnaisiin. Hedelmi\u00e4 voi s\u00e4ilytt\u00e4\u00e4 maaliskuuhun asti. Siemeni\u00e4 pakkauksessa: ~ 6-16 Kylv\u00f6aika maahan: V-VI Kylv\u00f6aika esikasvatukseen: IV Taimiv\u00e4li, cm: [&hellip;]<\/p>\n","protected":false},"featured_media":49906,"template":"","meta":{"_acf_changed":false,"_seopress_robots_primary_cat":"none","_seopress_titles_title":"","_seopress_titles_desc":"","_seopress_robots_index":"","_gspb_post_css":""},"product_brand":[],"product_cat":[2392,2410,2399,2401],"product_tag":[],"class_list":{"0":"post-49970","1":"product","2":"type-product","3":"status-publish","4":"has-post-thumbnail","6":"product_cat-kaikki-luokat","7":"product_cat-kurpitsa-kesakurpitsa","8":"product_cat-siemenet","9":"product_cat-vihanneksien-siemenet","11":"first","12":"instock","13":"taxable","14":"shipping-taxable","15":"purchasable","16":"product-type-simple"},"ct_brands":[],"acf":[],"_links":{"self":[{"href":"https:\/\/agrozone.ee\/fi\/wp-json\/wp\/v2\/product\/49970","targetHints":{"allow":["GET"]}}],"collection":[{"href":"https:\/\/agrozone.ee\/fi\/wp-json\/wp\/v2\/product"}],"about":[{"href":"https:\/\/agrozone.ee\/fi\/wp-json\/wp\/v2\/types\/product"}],"wp:featuredmedia":[{"embeddable":true,"href":"https:\/\/agrozone.ee\/fi\/wp-json\/wp\/v2\/media\/49906"}],"wp:attachment":[{"href":"https:\/\/agrozone.ee\/fi\/wp-json\/wp\/v2\/media?parent=49970"}],"wp:term":[{"taxonomy":"product_brand","embeddable":true,"href":"https:\/\/agrozone.ee\/fi\/wp-json\/wp\/v2\/product_brand?post=49970"},{"taxonomy":"product_cat","embeddable":true,"href":"https:\/\/agrozone.ee\/fi\/wp-json\/wp\/v2\/product_cat?post=49970"},{"taxonomy":"product_tag","embeddable":true,"href":"https:\/\/agrozone.ee\/fi\/wp-json\/wp\/v2\/product_tag?post=49970"}],"curies":[{"name":"wp","href":"https:\/\/api.w.org\/{rel}","templated":true}]}}