{"id":49971,"date":"2025-05-14T10:43:42","date_gmt":"2025-05-14T08:43:42","guid":{"rendered":"https:\/\/agrozone.ee\/?post_type=product&#038;p=49971"},"modified":"2026-03-09T13:10:01","modified_gmt":"2026-03-09T11:10:01","slug":"niittysuolaheina","status":"publish","type":"product","link":"https:\/\/agrozone.ee\/fi\/tuote\/niittysuolaheina\/","title":{"rendered":"Niittysuolahein\u00e4"},"content":{"rendered":"<p>Rumex acetosa L.<\/p>\n<p>Monivuotinen, yksi varhaisimmista lehtivihanneksista.<\/p>\n<ul>\n<li>Ensimm\u00e4iseen satoon kuluu 45\u201350 p\u00e4iv\u00e4\u00e4 it\u00e4misest\u00e4.<\/li>\n<li>Voi kasvaa millaisessa maaper\u00e4ss\u00e4 tahansa.<\/li>\n<li>Kest\u00e4\u00e4 varjoa.<\/li>\n<li>Kylvet\u00e4\u00e4n varhain kev\u00e4\u00e4ll\u00e4 tai kes\u00e4n loppupuoliskolla.<\/li>\n<li>Kylv\u00f6aika maahan: VIII<\/li>\n<li>Taimiv\u00e4li: cm 20&#215;5<\/li>\n<li>Sadonkorjuu: IV-IX<\/li>\n<\/ul>\n","protected":false},"excerpt":{"rendered":"<p>Rumex acetosa L. Monivuotinen, yksi varhaisimmista lehtivihanneksista. Ensimm\u00e4iseen satoon kuluu 45\u201350 p\u00e4iv\u00e4\u00e4 it\u00e4misest\u00e4. Voi kasvaa millaisessa maaper\u00e4ss\u00e4 tahansa. Kest\u00e4\u00e4 varjoa. Kylvet\u00e4\u00e4n varhain kev\u00e4\u00e4ll\u00e4 tai kes\u00e4n loppupuoliskolla. Kylv\u00f6aika maahan: VIII Taimiv\u00e4li: cm 20&#215;5 Sadonkorjuu: IV-IX<\/p>\n","protected":false},"featured_media":49899,"template":"","meta":{"_acf_changed":false,"_seopress_robots_primary_cat":"none","_seopress_titles_title":"","_seopress_titles_desc":"","_seopress_robots_index":"","_seopress_analysis_target_kw":"","_gspb_post_css":""},"product_brand":[],"product_cat":[2392,2419,2399,2401],"product_tag":[],"class_list":{"0":"post-49971","1":"product","2":"type-product","3":"status-publish","4":"has-post-thumbnail","6":"product_cat-kaikki-luokat","7":"product_cat-salaatit-ja-muut","8":"product_cat-siemenet","9":"product_cat-vihanneksien-siemenet","11":"first","12":"instock","13":"taxable","14":"shipping-taxable","15":"purchasable","16":"product-type-simple"},"ct_brands":[],"acf":[],"_links":{"self":[{"href":"https:\/\/agrozone.ee\/fi\/wp-json\/wp\/v2\/product\/49971","targetHints":{"allow":["GET"]}}],"collection":[{"href":"https:\/\/agrozone.ee\/fi\/wp-json\/wp\/v2\/product"}],"about":[{"href":"https:\/\/agrozone.ee\/fi\/wp-json\/wp\/v2\/types\/product"}],"wp:featuredmedia":[{"embeddable":true,"href":"https:\/\/agrozone.ee\/fi\/wp-json\/wp\/v2\/media\/49899"}],"wp:attachment":[{"href":"https:\/\/agrozone.ee\/fi\/wp-json\/wp\/v2\/media?parent=49971"}],"wp:term":[{"taxonomy":"product_brand","embeddable":true,"href":"https:\/\/agrozone.ee\/fi\/wp-json\/wp\/v2\/product_brand?post=49971"},{"taxonomy":"product_cat","embeddable":true,"href":"https:\/\/agrozone.ee\/fi\/wp-json\/wp\/v2\/product_cat?post=49971"},{"taxonomy":"product_tag","embeddable":true,"href":"https:\/\/agrozone.ee\/fi\/wp-json\/wp\/v2\/product_tag?post=49971"}],"curies":[{"name":"wp","href":"https:\/\/api.w.org\/{rel}","templated":true}]}}